{"id":100,"date":"2012-09-24T11:37:53","date_gmt":"2012-09-24T09:37:53","guid":{"rendered":"https:\/\/www.parthages.be\/wordpress\/produit\/accompagner-un-enfant-autiste\/"},"modified":"2022-06-03T10:43:26","modified_gmt":"2022-06-03T08:43:26","slug":"accompagner-un-enfant-autiste","status":"publish","type":"product","link":"https:\/\/www.parthages.be\/eboutique\/produit\/accompagner-un-enfant-autiste\/","title":{"rendered":"Accompagner un enfant autiste"},"content":{"rendered":"<p>Apr\u00e8s L\u2019autisme, un jour \u00e0 la fois, la m\u00e8re et la psychologue \u00e9changent et partagent \u00e0 nouveau leurs exp\u00e9riences et leurs connaissances afin de donner confiance \u00e0 l\u2019enfant autiste qui entre dans la soci\u00e9t\u00e9. Accompagner un enfant autiste sugg\u00e8re en effet des\u00a0interventions comportementales appropri\u00e9es aux diverses facettes de la vie quotidienne\u00a0: l\u2019alimentation, le sommeil, l\u2019apprentissage de la propret\u00e9, l\u2019anxi\u00e9t\u00e9 et les habilet\u00e9s sociales. Bien que la route soit longue pour obtenir un diagnostic d\u2019autisme, le chemin \u00e0 parcourir ne s\u2019arr\u00eate malheureusement pas l\u00e0.<\/p>\n<p>Par la suite, il devient primordial et urgent d\u2019accompagner l\u2019enfant dans les nombreuses sph\u00e8res de son existence\u00a0pour que puissent s\u2019accomplir des progr\u00e8s au quotidien. C\u2019est le but du pr\u00e9sent ouvrage. (Pr\u00e9sentation de l\u2019\u00e9diteur)<\/p>\n<p>POIRIER N.- KOZMINSKI C.<\/p>\n<p>Chronique sociale et Presses de l&rsquo;Universit\u00e9 Laval<\/p>\n<p>2011-170p.-16.90\u20ac<\/p>\n<p>185gr<\/p>\n<p>ISBN\u00a0: 978-2-7637-9037-4<\/p>\n<p>Cote doc\u00a0: 1-70-POI-A2<\/p>\n<span class=\"et_bloom_bottom_trigger\"><\/span>","protected":false},"excerpt":{"rendered":"<p>Apr\u00e8s L\u2019autisme, un jour \u00e0 la fois, la m\u00e8re et la psychologue \u00e9changent et partagent \u00e0 nouveau leurs exp\u00e9riences et leurs connaissances afin de donner confiance \u00e0 l\u2019enfant autiste qui entre dans la soci\u00e9t\u00e9.<\/p>\n","protected":false},"featured_media":99,"comment_status":"open","ping_status":"closed","template":"","meta":{"_et_pb_use_builder":"","_et_pb_old_content":"","_et_gb_content_width":"","spay_email":""},"class_list":["post-100","product","type-product","status-publish","has-post-thumbnail","hentry","product_cat-livres","product_tag-accompagnement","product_tag-autisme","product_tag-enfant","product_tag-famille","product_tag-outil","product_tag-trouble-anxieux","product_tag-trouble-de-lalimentation","product_tag-trouble-du-developpement","product_tag-trouble-du-sommeil","product_tag-vie-quotidienne"],"jetpack_sharing_enabled":true,"jetpack_likes_enabled":true,"_links":{"self":[{"href":"https:\/\/www.parthages.be\/eboutique\/wp-json\/wp\/v2\/product\/100","targetHints":{"allow":["GET"]}}],"collection":[{"href":"https:\/\/www.parthages.be\/eboutique\/wp-json\/wp\/v2\/product"}],"about":[{"href":"https:\/\/www.parthages.be\/eboutique\/wp-json\/wp\/v2\/types\/product"}],"replies":[{"embeddable":true,"href":"https:\/\/www.parthages.be\/eboutique\/wp-json\/wp\/v2\/comments?post=100"}],"wp:featuredmedia":[{"embeddable":true,"href":"https:\/\/www.parthages.be\/eboutique\/wp-json\/wp\/v2\/media\/99"}],"wp:attachment":[{"href":"https:\/\/www.parthages.be\/eboutique\/wp-json\/wp\/v2\/media?parent=100"}],"curies":[{"name":"wp","href":"https:\/\/api.w.org\/{rel}","templated":true}]}}