{"id":104,"date":"2012-09-24T11:37:53","date_gmt":"2012-09-24T09:37:53","guid":{"rendered":"https:\/\/www.parthages.be\/wordpress\/produit\/petit-cahier-d-exercices-pour-s-affirmer-et-enfin-oser-dire-non\/"},"modified":"2024-02-01T01:38:20","modified_gmt":"2024-02-01T00:38:20","slug":"petit-cahier-d-exercices-pour-s-affirmer-et-enfin-oser-dire-non","status":"publish","type":"product","link":"https:\/\/www.parthages.be\/eboutique\/produit\/petit-cahier-d-exercices-pour-s-affirmer-et-enfin-oser-dire-non\/","title":{"rendered":"Petit cahier d\u2019exercices : S\u2019affirmer et (enfin) oser dire non"},"content":{"rendered":"<p>Pour nombre d&rsquo;entre nous, prononcer le mot NON, s&rsquo;affirmer, \u00eatre authentique est impossible, par peur de d\u00e9cevoir l&rsquo;autre, de le blesser ou encore par peur d&rsquo;\u00eatre moins aim\u00e9. Beaucoup pr\u00e9f\u00e8rent aller dans le sens de leur interlocuteur, renoncer \u00e0 leurs convictions, quitte \u00e0 s&rsquo;\u00e9teindre peu \u00e0 peu \u00e0 force de nier leurs \u00e9lans profonds.<\/p>\n<p>Cependant, l&rsquo;effet recherch\u00e9 n&rsquo;est pas n\u00e9cessairement au bout du chemin. En effet, nous effacer face \u00e0 l&rsquo;autre engendre de la n\u00e9gativit\u00e9 et de la lassitude, pour nous et pour notre entourage, ce qui nuit \u00e0 notre bien-\u00eatre, sans forc\u00e9ment pr\u00e9server les relations que l&rsquo;on souhaite \u00e9pargner en \u00e9vitant de dire NON.<\/p>\n<p>Si, dans votre vie actuelle, vous en avez assez de d\u00e9missionner de vous-m\u00eame, ce petit cahier vous concerne. Il est con\u00e7u pour vous aider \u00e0 vous affirmer, dans le respect de chacun, et donc sans blesser. Il n&rsquo;y a rien de plus inspirant que quelqu&rsquo;un qui affirme ses opinions sans heurter quiconque !<\/p>\n<p>VAN STAPPEN A.<\/p>\n<p>Editions JOUVENCE<\/p>\n<p>2011 -64p. \u2013 125g -6,90\u20ac<\/p>\n<p>ISBN: 978-2-88953-285-8<\/p>\n<p>Cote doc\u00a0: 3-10-VAN-P4<\/p>\n<span class=\"et_bloom_bottom_trigger\"><\/span>","protected":false},"excerpt":{"rendered":"<p>Pour nombre d&rsquo;entre nous, prononcer le mot NON, s&rsquo;affirmer, \u00eatre authentique est impossible, par peur de d\u00e9cevoir l&rsquo;autre, de le blesser ou encore par peur d&rsquo;\u00eatre moins aim\u00e9. Beaucoup pr\u00e9f\u00e8rent aller dans le sens de leur interlocuteur, renoncer \u00e0 leurs convictions, quitte \u00e0 s&rsquo;\u00e9teindre peu \u00e0 peu \u00e0 force de nier leurs \u00e9lans profonds.<\/p>\n","protected":false},"featured_media":1579,"comment_status":"open","ping_status":"closed","template":"","meta":{"_et_pb_use_builder":"","_et_pb_old_content":"","_et_gb_content_width":"","spay_email":""},"class_list":["post-104","product","type-product","status-publish","has-post-thumbnail","hentry","product_cat-livres","product_tag-affirmation-de-soi","product_tag-bien-etre","product_tag-confiance-en-soi","product_tag-technique-de-developpement-personnel"],"jetpack_sharing_enabled":true,"jetpack_likes_enabled":true,"_links":{"self":[{"href":"https:\/\/www.parthages.be\/eboutique\/wp-json\/wp\/v2\/product\/104","targetHints":{"allow":["GET"]}}],"collection":[{"href":"https:\/\/www.parthages.be\/eboutique\/wp-json\/wp\/v2\/product"}],"about":[{"href":"https:\/\/www.parthages.be\/eboutique\/wp-json\/wp\/v2\/types\/product"}],"replies":[{"embeddable":true,"href":"https:\/\/www.parthages.be\/eboutique\/wp-json\/wp\/v2\/comments?post=104"}],"wp:featuredmedia":[{"embeddable":true,"href":"https:\/\/www.parthages.be\/eboutique\/wp-json\/wp\/v2\/media\/1579"}],"wp:attachment":[{"href":"https:\/\/www.parthages.be\/eboutique\/wp-json\/wp\/v2\/media?parent=104"}],"curies":[{"name":"wp","href":"https:\/\/api.w.org\/{rel}","templated":true}]}}