{"id":106,"date":"2012-09-24T11:37:53","date_gmt":"2012-09-24T09:37:53","guid":{"rendered":"https:\/\/www.parthages.be\/wordpress\/produit\/intervenir-aupres-de-groupes-d-enfants-presentant-un-trouble-du-spectre-de-l-autisme\/"},"modified":"2021-11-23T14:44:39","modified_gmt":"2021-11-23T13:44:39","slug":"intervenir-aupres-de-groupes-d-enfants-presentant-un-trouble-du-spectre-de-l-autisme","status":"publish","type":"product","link":"https:\/\/www.parthages.be\/eboutique\/produit\/intervenir-aupres-de-groupes-d-enfants-presentant-un-trouble-du-spectre-de-l-autisme\/","title":{"rendered":"Intervenir aupr\u00e8s de groupes d&rsquo;enfants pr\u00e9sentant un trouble du spectre de l&rsquo;autisme"},"content":{"rendered":"<p>Une approche interdisciplinaire pour les 3 \u00e0 5 ans<\/p>\n<p>Dans cet ouvrage, les auteures pr\u00e9conisent une approche transdisciplinaire de l\u2019animation de groupes d\u2019enfants pr\u00e9sentant un trouble du spectre de l\u2019autisme (TSA). Elles y proposent des solutions concr\u00e8tes aux diverses situations que sont amen\u00e9s \u00e0 rencontrer au quotidien les professionnels, les animateurs et les adultes accompagnateurs de ces enfants dans leurs s\u00e9ances d\u2019intervention.<\/p>\n<p>Les notions th\u00e9oriques sont illustr\u00e9es par de multiples \u00e9tudes de cas. On propose quarante activit\u00e9s con\u00e7ues en trois niveaux de difficult\u00e9 correspondant aux besoins et aux capacit\u00e9s des enfants et permettant de suivre leur progr\u00e8s dans sept sph\u00e8res de d\u00e9veloppement.<\/p>\n<p>Plusieurs fiches reproductibles sont fournies en vue d\u2019offrir aux animateurs de l\u2019\u00e9quipe transdisciplinaire des outils pour :<\/p>\n<p>&#8211; prendre en compte les besoins de chaque enfant et d\u00e9terminer pour chacun d\u2019eux des objectifs sp\u00e9cifiques \u00e0 atteindre ;<\/p>\n<p>&#8211; planifier et animer des s\u00e9ances d\u2019intervention ;<\/p>\n<p>&#8211; mesurer les progr\u00e8s des enfants ;<\/p>\n<p>&#8211; faire un retour sur leurs interventions dans le but de les am\u00e9liorer.<\/p>\n<p>Voil\u00e0 donc un outil de r\u00e9f\u00e9rence pr\u00e9cieux pour tous les orthophonistes, ergoth\u00e9rapeutes, physioth\u00e9rapeutes, psychologues, travailleurs sociaux, psycho\u00e9ducateurs, enseignants, \u00e9ducateurs et intervenants qui \u0153uvrent aupr\u00e8s de groupes d\u2019enfants pr\u00e9sentant un trouble du spectre de l\u2019autisme, de m\u00eame que pour leurs parents et leurs proches, qui sont vivement encourag\u00e9s \u00e0 participer \u00e0 cette d\u00e9marche transdisciplinaire. (Pr\u00e9sentation de l\u2019\u00e9diteur)<\/p>\n<p>DAVIDSON A. L.- OLD K.- HOWE C.<\/p>\n<p>Cheneli\u00e8re Education<\/p>\n<p>2010-174p.-44\u20ac<\/p>\n<p>540gr<\/p>\n<p>ISBN: 978-2-765-029-77-9<\/p>\n<p>Cote doc: 4-50-DAV-I<\/p>\n<span class=\"et_bloom_bottom_trigger\"><\/span>","protected":false},"excerpt":{"rendered":"<p>Une approche interdisciplinaire pour les 3 \u00e0 5 ans<\/p>\n","protected":false},"featured_media":2206,"comment_status":"open","ping_status":"closed","template":"","meta":{"_et_pb_use_builder":"","_et_pb_old_content":"","_et_gb_content_width":"","spay_email":""},"class_list":["post-106","product","type-product","status-publish","has-post-thumbnail","hentry","product_cat-livres","product_tag-activite-de-groupe","product_tag-animation","product_tag-autisme","product_tag-enfant","product_tag-interdisciplinarite","product_tag-outil","product_tag-strategie-dintervention","product_tag-symptome"],"jetpack_sharing_enabled":true,"jetpack_likes_enabled":true,"_links":{"self":[{"href":"https:\/\/www.parthages.be\/eboutique\/wp-json\/wp\/v2\/product\/106","targetHints":{"allow":["GET"]}}],"collection":[{"href":"https:\/\/www.parthages.be\/eboutique\/wp-json\/wp\/v2\/product"}],"about":[{"href":"https:\/\/www.parthages.be\/eboutique\/wp-json\/wp\/v2\/types\/product"}],"replies":[{"embeddable":true,"href":"https:\/\/www.parthages.be\/eboutique\/wp-json\/wp\/v2\/comments?post=106"}],"wp:featuredmedia":[{"embeddable":true,"href":"https:\/\/www.parthages.be\/eboutique\/wp-json\/wp\/v2\/media\/2206"}],"wp:attachment":[{"href":"https:\/\/www.parthages.be\/eboutique\/wp-json\/wp\/v2\/media?parent=106"}],"curies":[{"name":"wp","href":"https:\/\/api.w.org\/{rel}","templated":true}]}}