{"id":110,"date":"2012-09-24T11:37:53","date_gmt":"2012-09-24T09:37:53","guid":{"rendered":"https:\/\/www.parthages.be\/wordpress\/produit\/le-droit-a-l-humour\/"},"modified":"2021-09-06T17:06:25","modified_gmt":"2021-09-06T15:06:25","slug":"le-droit-a-l-humour","status":"publish","type":"product","link":"https:\/\/www.parthages.be\/eboutique\/produit\/le-droit-a-l-humour\/","title":{"rendered":"Le droit \u00e0 l&rsquo;humour"},"content":{"rendered":"<p>Apr\u00e8s avoir d\u00e9fini l\u2019humour, l\u2019auteur en d\u00e9gage les traits sp\u00e9cifiques, qui poussent l\u2019humour, plus encore que les autres modes d\u2019expression, \u00e0 \u00eatre socialement prot\u00e9g\u00e9, voire promu.<\/p>\n<p>Mais qu\u2019advient-il de l\u2019humour confront\u00e9 aux r\u00e8gles juridiques et, plus particuli\u00e8rement, \u00e0 celles du droit de la responsabilit\u00e9 civile ? Le droit de la libert\u00e9 d\u2019expression pr\u00e9vaut-il sur le droit classique de la responsabilit\u00e9 civile ?<\/p>\n<p>Au travers de nombreux cas particuliers de satire en mati\u00e8re de presse, de parodie et de pastiche en mati\u00e8re de droit d\u2019auteur, de caricature en mati\u00e8re de droit \u00e0 l\u2019image\u2026 mais aussi en mati\u00e8re de droit des marques, de droit p\u00e9nal, de droit du travail\u2026, une r\u00e9ponse se dessine.<\/p>\n<p>L&rsquo;auteur d\u00e9termine \u00e9galement jusqu\u2019o\u00f9 l\u2019humour peut aller. Jusqu\u2019o\u00f9 son particularisme parmi les autres modes d\u2019expression l\u00e9gitimise-t-il ses exc\u00e8s ? (Pr\u00e9sentation de l\u2019\u00e9diteur)<\/p>\n<p>MOUFFE B.<\/p>\n<p>Larcier<\/p>\n<p>2011-592p<\/p>\n<p>ISBN\u00a0: 978-2-8044-4347-4<\/p>\n<p>Cote doc\u00a0:\u00a06-20-MOU-D<\/p>\n<p><strong><em>Uniquement \u00e0 la location<\/em><\/strong><\/p>\n<span class=\"et_bloom_bottom_trigger\"><\/span>","protected":false},"excerpt":{"rendered":"<p>Apr\u00e8s avoir d\u00e9fini l\u2019humour, l\u2019auteur en d\u00e9gage les traits sp\u00e9cifiques, qui poussent l\u2019humour, plus encore que les autres modes d\u2019expression, \u00e0 \u00eatre socialement prot\u00e9g\u00e9, voire promu.<\/p>\n","protected":false},"featured_media":109,"comment_status":"open","ping_status":"closed","template":"","meta":{"_et_pb_use_builder":"","_et_pb_old_content":"","_et_gb_content_width":"","spay_email":""},"class_list":["post-110","product","type-product","status-publish","has-post-thumbnail","hentry","product_cat-livres","product_tag-abus","product_tag-droit","product_tag-humour","product_tag-jurisprudence","product_tag-loi"],"jetpack_sharing_enabled":true,"jetpack_likes_enabled":true,"_links":{"self":[{"href":"https:\/\/www.parthages.be\/eboutique\/wp-json\/wp\/v2\/product\/110","targetHints":{"allow":["GET"]}}],"collection":[{"href":"https:\/\/www.parthages.be\/eboutique\/wp-json\/wp\/v2\/product"}],"about":[{"href":"https:\/\/www.parthages.be\/eboutique\/wp-json\/wp\/v2\/types\/product"}],"replies":[{"embeddable":true,"href":"https:\/\/www.parthages.be\/eboutique\/wp-json\/wp\/v2\/comments?post=110"}],"wp:featuredmedia":[{"embeddable":true,"href":"https:\/\/www.parthages.be\/eboutique\/wp-json\/wp\/v2\/media\/109"}],"wp:attachment":[{"href":"https:\/\/www.parthages.be\/eboutique\/wp-json\/wp\/v2\/media?parent=110"}],"curies":[{"name":"wp","href":"https:\/\/api.w.org\/{rel}","templated":true}]}}