{"id":1130,"date":"2021-03-24T09:02:06","date_gmt":"2021-03-24T08:02:06","guid":{"rendered":"https:\/\/www.parthages.be\/eboutique\/?post_type=product&#038;p=1130"},"modified":"2025-04-29T13:34:24","modified_gmt":"2025-04-29T11:34:24","slug":"1130","status":"publish","type":"product","link":"https:\/\/www.parthages.be\/eboutique\/produit\/1130\/","title":{"rendered":"Salsa !"},"content":{"rendered":"<p>Une chenille se prom\u00e8ne. C\u2019est Trombino. Elle sait faire plein de choses avec son trombone\u00a0! Un li\u00e9, quand elle n\u2019a pas envie de se taire ou un glissando quand elle joue au toboggan\u2026 Une autre chenille surgit, Trompette, avec qui elle forme un duo. Quand les trois s\u0153urs Percussions se pointent, \u00e7a d\u00e9pote\u00a0! Et avec Piano et Babasse, c\u2019est encore plus rigolo\u00a0! Mais\u2026 il manque un truc\u2026 Une voix bien s\u00fbr\u00a0! Avec elle, tout ce petit monde vous emm\u00e8nera sous le ciel de Cuba pour une salsa joyeuse et \u00e9clatante. Viva la fiesta ! (pr\u00e9sentation de l\u2019Editeur)<\/p>\n<p>MANCEAU E.; BERSEZ.J<\/p>\n<p>2020-48p-17,50\u20ac<\/p>\n<p>EDITIONS BENJAMIN-MEDIA<\/p>\n<p>220gr<\/p>\n<p>ISBN: 978-2-37515-078-8<\/p>\n<p>Cote doc:11-MAN-S<\/p>\n<span class=\"et_bloom_bottom_trigger\"><\/span>","protected":false},"excerpt":{"rendered":"<p>Une chenille se prom\u00e8ne. C\u2019est Trombino. Elle sait faire plein de choses avec son trombone\u00a0!<\/p>\n","protected":false},"featured_media":1132,"comment_status":"open","ping_status":"closed","template":"","meta":{"_et_pb_use_builder":"","_et_pb_old_content":"","_et_gb_content_width":"","spay_email":""},"class_list":["post-1130","product","type-product","status-publish","has-post-thumbnail","hentry","product_cat-livres","product_cat-livres-jeunesse","product_tag-braille","product_tag-enfant","product_tag-musique"],"jetpack_sharing_enabled":true,"jetpack_likes_enabled":true,"_links":{"self":[{"href":"https:\/\/www.parthages.be\/eboutique\/wp-json\/wp\/v2\/product\/1130","targetHints":{"allow":["GET"]}}],"collection":[{"href":"https:\/\/www.parthages.be\/eboutique\/wp-json\/wp\/v2\/product"}],"about":[{"href":"https:\/\/www.parthages.be\/eboutique\/wp-json\/wp\/v2\/types\/product"}],"replies":[{"embeddable":true,"href":"https:\/\/www.parthages.be\/eboutique\/wp-json\/wp\/v2\/comments?post=1130"}],"wp:featuredmedia":[{"embeddable":true,"href":"https:\/\/www.parthages.be\/eboutique\/wp-json\/wp\/v2\/media\/1132"}],"wp:attachment":[{"href":"https:\/\/www.parthages.be\/eboutique\/wp-json\/wp\/v2\/media?parent=1130"}],"curies":[{"name":"wp","href":"https:\/\/api.w.org\/{rel}","templated":true}]}}