{"id":1136,"date":"2021-03-24T09:09:28","date_gmt":"2021-03-24T08:09:28","guid":{"rendered":"https:\/\/www.parthages.be\/eboutique\/?post_type=product&#038;p=1136"},"modified":"2023-10-10T11:17:06","modified_gmt":"2023-10-10T09:17:06","slug":"150-ergotrucs-pour-la-classe","status":"publish","type":"product","link":"https:\/\/www.parthages.be\/eboutique\/produit\/150-ergotrucs-pour-la-classe\/","title":{"rendered":"150 Ergotrucs pour la classe"},"content":{"rendered":"<p>L&rsquo;ergoth\u00e9rapie permet \u00e9galement d&rsquo;att\u00e9nuer les difficult\u00e9s des \u00e9l\u00e8ves ayant un TDAH ou des difficult\u00e9s d\u2019apprentissage, un trouble d\u2019int\u00e9gration sensorielle ou encore des difficult\u00e9s motrices.<\/p>\n<p>L\u2019ergoth\u00e9rapeute Sonya C\u00f4t\u00e9 propose un recueil de conseils et d\u2019activit\u00e9s qui s\u2019appuient sur les connaissances du domaine pour aider les \u00e9l\u00e8ves \u00e0 mieux se d\u00e9velopper.<\/p>\n<p>Cet ouvrage comprend 150 ergotrucs d\u2019une page o\u00f9 l\u2019on trouve des \u00e9l\u00e9ments th\u00e9oriques vulgaris\u00e9s et une activit\u00e9 pratique ou une strat\u00e9gie. Par exemple : le lien entre tonus musculaire et \u00e9criture, les outils pour faciliter l\u2019\u00e9criture, l\u2019attention et les stimuli auditifs ou visuels dans la classe, la pr\u00e9f\u00e9rence manuelle et la place des gauchers dans la classe. (Pr\u00e9sentation de l\u2019\u00e9diteur)<\/p>\n<p>C\u00d4T\u00c9 S.<\/p>\n<p>\u00c9DITIONS CHENELI\u00c8RE<\/p>\n<p>2020-184p.- 39,00 \u20ac<\/p>\n<p>445gr<\/p>\n<p>ISBN\u00a0: 978-2-7650-7988-0<\/p>\n<p>COTE DOC\u00a0:4-50-COT-E<\/p>\n<span class=\"et_bloom_bottom_trigger\"><\/span>","protected":false},"excerpt":{"rendered":"<p>Conseils et activit\u00e9s pour favoriser le d\u00e9veloppement moteur, sensoriel et cognitif<\/p>\n<p>&nbsp;<\/p>\n","protected":false},"featured_media":1137,"comment_status":"open","ping_status":"closed","template":"","meta":{"_et_pb_use_builder":"","_et_pb_old_content":"","_et_gb_content_width":"","spay_email":""},"class_list":["post-1136","product","type-product","status-publish","has-post-thumbnail","hentry","product_cat-livres","product_tag-autisme","product_tag-deficience-intellectuelle","product_tag-developpement-cognitif","product_tag-developpement-sensoriel","product_tag-dyspraxie","product_tag-enfant","product_tag-ergotherapie","product_tag-hyperactivite","product_tag-inclusion","product_tag-motricite","product_tag-outil-pedagogique","product_tag-strategie","product_tag-trouble-de-lattention","product_tag-trouble-du-comportement"],"jetpack_sharing_enabled":true,"jetpack_likes_enabled":true,"_links":{"self":[{"href":"https:\/\/www.parthages.be\/eboutique\/wp-json\/wp\/v2\/product\/1136","targetHints":{"allow":["GET"]}}],"collection":[{"href":"https:\/\/www.parthages.be\/eboutique\/wp-json\/wp\/v2\/product"}],"about":[{"href":"https:\/\/www.parthages.be\/eboutique\/wp-json\/wp\/v2\/types\/product"}],"replies":[{"embeddable":true,"href":"https:\/\/www.parthages.be\/eboutique\/wp-json\/wp\/v2\/comments?post=1136"}],"wp:featuredmedia":[{"embeddable":true,"href":"https:\/\/www.parthages.be\/eboutique\/wp-json\/wp\/v2\/media\/1137"}],"wp:attachment":[{"href":"https:\/\/www.parthages.be\/eboutique\/wp-json\/wp\/v2\/media?parent=1136"}],"curies":[{"name":"wp","href":"https:\/\/api.w.org\/{rel}","templated":true}]}}