{"id":114,"date":"2012-09-24T11:37:53","date_gmt":"2012-09-24T09:37:53","guid":{"rendered":"https:\/\/www.parthages.be\/wordpress\/produit\/pour-les-enfants-polyhandicapes\/"},"modified":"2022-01-18T11:19:48","modified_gmt":"2022-01-18T10:19:48","slug":"pour-les-enfants-polyhandicapes","status":"publish","type":"product","link":"https:\/\/www.parthages.be\/eboutique\/produit\/pour-les-enfants-polyhandicapes\/","title":{"rendered":"Pour les enfants polyhandicap\u00e9s"},"content":{"rendered":"<p>Malgr\u00e9 les nombreuses souffrances que les enfants polyhandicap\u00e9s endurent, ils restent des enfants, deviennent des adolescents puis des adultes avec des besoins, des d\u00e9sirs, des \u00e9motions, l&rsquo;envie de vivre, de d\u00e9couvrir de nouvelles sensations, d&rsquo;apprendre, de communiquer. \u00c0 partir de sa formation sp\u00e9cifique, de sa connaissance du d\u00e9veloppement du jeune enfant, de son inventivit\u00e9, de sa rigueur p\u00e9dagogique, l&rsquo;auteur a \u00e9labor\u00e9 une p\u00e9dagogie adapt\u00e9e qui, en reconnaissant les comp\u00e9tences des enfants, leur offre la possibilit\u00e9 de s&rsquo;\u00e9panouir.<\/p>\n<p>Dans une \u00e9criture simple et document\u00e9e, agr\u00e9ment\u00e9e de nombreux t\u00e9moignages de familles, de professionnels et d&rsquo;anecdotes d&rsquo;enfants, Annick Bataille montre tous les aspects \u00e9ducatifs de la vie quotidienne des enfants, ainsi que de tr\u00e8s nombreuses activit\u00e9s \u00e0 leur proposer dans un programme personnalis\u00e9. Celles-ci ne sont pas simplement occupationnelles, elles favorisent le bien-\u00eatre de l&rsquo;enfant et permettent \u00e0 certains de faire des progr\u00e8s.<\/p>\n<p>Parents et professionnels trouveront dans ce t\u00e9moignage des id\u00e9es concr\u00e8tes pour stimuler leur imagination afin de mieux \u00e9couter, mieux comprendre et mieux accompagner les enfants. (Pr\u00e9sentation de l&rsquo;\u00e9diteur).<\/p>\n<p>&nbsp;<\/p>\n<p>BATAILLE A.<\/p>\n<p>Edition Er\u00e8s<\/p>\n<p>2011 -416p. -285g<\/p>\n<p>Cote doc: 4-30-BAT-P<\/p>\n<span class=\"et_bloom_bottom_trigger\"><\/span>","protected":false},"excerpt":{"rendered":"<p>Malgr\u00e9 les nombreuses souffrances que les enfants polyhandicap\u00e9s endurent, ils restent des enfants, deviennent des adolescents puis des adultes avec des besoins, des d\u00e9sirs, des \u00e9motions, l&rsquo;envie de vivre, de d\u00e9couvrir de nouvelles sensations, d&rsquo;apprendre, de communiquer. \u00c0 partir de sa formation sp\u00e9cifique, de sa connaissance du d\u00e9veloppement du jeune enfant, de son inventivit\u00e9, de [&hellip;]<\/p>\n","protected":false},"featured_media":2273,"comment_status":"open","ping_status":"closed","template":"","meta":{"_et_pb_use_builder":"","_et_pb_old_content":"","_et_gb_content_width":"","spay_email":""},"class_list":["post-114","product","type-product","status-publish","has-post-thumbnail","hentry","product_cat-livres","product_tag-competence","product_tag-enfant-handicape","product_tag-integration-sociale","product_tag-milieu-social","product_tag-outil","product_tag-pedagogie","product_tag-polyhandicap","product_tag-temoignage"],"jetpack_sharing_enabled":true,"jetpack_likes_enabled":true,"_links":{"self":[{"href":"https:\/\/www.parthages.be\/eboutique\/wp-json\/wp\/v2\/product\/114","targetHints":{"allow":["GET"]}}],"collection":[{"href":"https:\/\/www.parthages.be\/eboutique\/wp-json\/wp\/v2\/product"}],"about":[{"href":"https:\/\/www.parthages.be\/eboutique\/wp-json\/wp\/v2\/types\/product"}],"replies":[{"embeddable":true,"href":"https:\/\/www.parthages.be\/eboutique\/wp-json\/wp\/v2\/comments?post=114"}],"wp:featuredmedia":[{"embeddable":true,"href":"https:\/\/www.parthages.be\/eboutique\/wp-json\/wp\/v2\/media\/2273"}],"wp:attachment":[{"href":"https:\/\/www.parthages.be\/eboutique\/wp-json\/wp\/v2\/media?parent=114"}],"curies":[{"name":"wp","href":"https:\/\/api.w.org\/{rel}","templated":true}]}}