{"id":1140,"date":"2021-03-24T09:16:08","date_gmt":"2021-03-24T08:16:08","guid":{"rendered":"https:\/\/www.parthages.be\/eboutique\/?post_type=product&#038;p=1140"},"modified":"2022-03-23T17:18:55","modified_gmt":"2022-03-23T16:18:55","slug":"evaluer-les-enfants-avec-deficiences-ou-troubles-du-developpement","status":"publish","type":"product","link":"https:\/\/www.parthages.be\/eboutique\/produit\/evaluer-les-enfants-avec-deficiences-ou-troubles-du-developpement\/","title":{"rendered":"Evaluer les enfants avec d\u00e9ficiences ou troubles du d\u00e9veloppement"},"content":{"rendered":"<p>Cet ouvrage constitue une v\u00e9ritable \u00abbo\u00eete \u00e0 outils d&rsquo;\u00e9valuation\u00bb pour tout psychologue travaillant avec des enfants, qu&rsquo;ils soient \u00abtout-venant\u00bb ou avec des difficult\u00e9s sp\u00e9cifiques. Cette nouvelle \u00e9dition remani\u00e9e et augment\u00e9e pr\u00e9sente de fa\u00e7on d\u00e9taill\u00e9e plus de 200 \u00e9preuves existantes (outils de d\u00e9pistage ou de diagnostic, tests, questionnaires, \u00e9chelles de d\u00e9veloppement&#8230;), permettant le d\u00e9pistage de difficult\u00e9s ou l&rsquo;\u00e9valuation du d\u00e9veloppement psychomoteur et instrumental, intellectuel, communicatif, affectif et social des enfants.<\/p>\n<p>Y sont pr\u00e9sent\u00e9es aussi &#8211; des \u00e9preuves sp\u00e9cifiques de d\u00e9pistage ou d\u2019\u00e9valuation\u00a0 pour les troubles autistiques ou les troubles des apprentissages\u00a0;- la description des principaux troubles du d\u00e9veloppement avec des suggestions sur les outils qui peuvent \u00eatre choisis compte tenu des contraintes et des objectifs de l\u2019\u00e9valuation de l\u2019enfant. Des cas cliniques et une r\u00e9flexion sur les objectifs et modalit\u00e9s de l\u2019\u00e9valuation, en particulier lorsque les enfants pr\u00e9sentent des troubles, sont propos\u00e9s. (Pr\u00e9sentation de l\u2019\u00e9diteur)<\/p>\n<p>TOURRETTE C.<\/p>\n<p>\u00c9DITIONS\u00a0 DUNOD<\/p>\n<p>2019- 624p.-55\u20ac<\/p>\n<p>1,05kg<\/p>\n<p>ISBN: 978-2-10-080406-1<\/p>\n<p>COTE DOC\/ 2-60-TOU-E<\/p>\n<span class=\"et_bloom_bottom_trigger\"><\/span>","protected":false},"excerpt":{"rendered":"<p>Cet ouvrage constitue une v\u00e9ritable \u00abbo\u00eete \u00e0 outils d&rsquo;\u00e9valuation\u00bb pour tout psychologue travaillant avec des enfants, qu&rsquo;ils soient \u00abtout-venant\u00bb ou avec des difficult\u00e9s sp\u00e9cifiques.<\/p>\n","protected":false},"featured_media":1141,"comment_status":"open","ping_status":"closed","template":"","meta":{"_et_pb_use_builder":"","_et_pb_old_content":"","_et_gb_content_width":"","spay_email":""},"class_list":["post-1140","product","type-product","status-publish","has-post-thumbnail","hentry","product_cat-livres","product_tag-autisme","product_tag-deficience-motrice","product_tag-deficience-sensorielle","product_tag-enfant","product_tag-ethique","product_tag-outil-devaluation","product_tag-personne-handicapee","product_tag-trouble-de-lapprentissage","product_tag-trouble-du-developpement"],"jetpack_sharing_enabled":true,"jetpack_likes_enabled":true,"_links":{"self":[{"href":"https:\/\/www.parthages.be\/eboutique\/wp-json\/wp\/v2\/product\/1140","targetHints":{"allow":["GET"]}}],"collection":[{"href":"https:\/\/www.parthages.be\/eboutique\/wp-json\/wp\/v2\/product"}],"about":[{"href":"https:\/\/www.parthages.be\/eboutique\/wp-json\/wp\/v2\/types\/product"}],"replies":[{"embeddable":true,"href":"https:\/\/www.parthages.be\/eboutique\/wp-json\/wp\/v2\/comments?post=1140"}],"wp:featuredmedia":[{"embeddable":true,"href":"https:\/\/www.parthages.be\/eboutique\/wp-json\/wp\/v2\/media\/1141"}],"wp:attachment":[{"href":"https:\/\/www.parthages.be\/eboutique\/wp-json\/wp\/v2\/media?parent=1140"}],"curies":[{"name":"wp","href":"https:\/\/api.w.org\/{rel}","templated":true}]}}