{"id":1142,"date":"2021-03-24T09:18:46","date_gmt":"2021-03-24T08:18:46","guid":{"rendered":"https:\/\/www.parthages.be\/eboutique\/?post_type=product&#038;p=1142"},"modified":"2022-02-18T10:33:31","modified_gmt":"2022-02-18T09:33:31","slug":"jeunes-enfants-deficients-visuels","status":"publish","type":"product","link":"https:\/\/www.parthages.be\/eboutique\/produit\/jeunes-enfants-deficients-visuels\/","title":{"rendered":"Jeunes enfants d\u00e9ficients visuels"},"content":{"rendered":"<p>Reliant vignettes cliniques d\u00e9taill\u00e9es et r\u00e9flexion th\u00e9orique, une psychologue, deux \u00e9ducatrices et une orthoptiste conjuguent leurs comp\u00e9tences, leurs exp\u00e9riences et leurs voix pour rendre compte de leurs pratiques aupr\u00e8s de tout-petits porteurs d\u2019un handicap visuel (associ\u00e9 ou non \u00e0 d\u2019autres handicaps) et de leurs parents dans le cadre d\u2019un SAFEP, service d\u2019accompagnement familial et d\u2019\u00e9ducation pr\u00e9coce.<\/p>\n<p>Comment en s\u2019appuyant sur un collectif interdisciplinaire, les professionnels du SAFEP, qui interviennent pour partie \u00e0 domicile, aident l\u2019enfant et ses parents \u00e0 d\u00e9velopper des interactions suffisamment bonnes, \u00e0 \u00e9tablir un lien satisfaisant, malgr\u00e9 les effets d\u00e9sorganisateurs du handicap\u00a0? Les auteures montrent \u00e9galement en quoi la mise en \u0153uvre d\u2019apprentissages et de techniques compensatoires favorisent le d\u00e9veloppement du tout-petit. \u00c9maill\u00e9 de r\u00e9f\u00e9rences th\u00e9oriques fondamentales, cet ouvrage invite \u00e0 approfondir des notions essentielles dont la port\u00e9e concerne tous les enfants.<\/p>\n<p>(Pr\u00e9sentation de l\u2019\u00e9diteur)<\/p>\n<p>PERRIN M.; CHARMINADE DI GUGLIELMO M.; LACAULE S.; CHAVANON C;<\/p>\n<p>\u00c9DITIONS \u00a0ERES<\/p>\n<p>2019-192p.-14,00\u20ac<\/p>\n<p>160gr<\/p>\n<p>ISBN: 978-2-7492-6534-6<\/p>\n<p>COTE DOC\u00a0: 5-60-PER-J<\/p>\n<span class=\"et_bloom_bottom_trigger\"><\/span>","protected":false},"excerpt":{"rendered":"<p>Des pratiques \u00e9ducatives. En SAFEP<\/p>\n","protected":false},"featured_media":1143,"comment_status":"open","ping_status":"closed","template":"","meta":{"_et_pb_use_builder":"","_et_pb_old_content":"","_et_gb_content_width":"","spay_email":""},"class_list":["post-1142","product","type-product","status-publish","has-post-thumbnail","hentry","product_cat-livres","product_cat-livres-jeunesse","product_tag-accompagnement","product_tag-annonce-du-handicap","product_tag-deficience-visuelle","product_tag-education-precoce","product_tag-enfant","product_tag-inclusion","product_tag-parentalite","product_tag-personne-handicapee","product_tag-travail-en-equipe"],"jetpack_sharing_enabled":true,"jetpack_likes_enabled":true,"_links":{"self":[{"href":"https:\/\/www.parthages.be\/eboutique\/wp-json\/wp\/v2\/product\/1142","targetHints":{"allow":["GET"]}}],"collection":[{"href":"https:\/\/www.parthages.be\/eboutique\/wp-json\/wp\/v2\/product"}],"about":[{"href":"https:\/\/www.parthages.be\/eboutique\/wp-json\/wp\/v2\/types\/product"}],"replies":[{"embeddable":true,"href":"https:\/\/www.parthages.be\/eboutique\/wp-json\/wp\/v2\/comments?post=1142"}],"wp:featuredmedia":[{"embeddable":true,"href":"https:\/\/www.parthages.be\/eboutique\/wp-json\/wp\/v2\/media\/1143"}],"wp:attachment":[{"href":"https:\/\/www.parthages.be\/eboutique\/wp-json\/wp\/v2\/media?parent=1142"}],"curies":[{"name":"wp","href":"https:\/\/api.w.org\/{rel}","templated":true}]}}