{"id":1158,"date":"2021-03-24T09:37:55","date_gmt":"2021-03-24T08:37:55","guid":{"rendered":"https:\/\/www.parthages.be\/eboutique\/?post_type=product&#038;p=1158"},"modified":"2021-03-24T09:37:55","modified_gmt":"2021-03-24T08:37:55","slug":"les-accidents-dans-le-rugby-ma-verite","status":"publish","type":"product","link":"https:\/\/www.parthages.be\/eboutique\/produit\/les-accidents-dans-le-rugby-ma-verite\/","title":{"rendered":"Les accidents dans le rugby ma v\u00e9rit\u00e9"},"content":{"rendered":"<p>Depuis quelques ann\u00e9es, le monde du rugby a d\u00e9fray\u00e9 la chronique apr\u00e8s de nombreux accidents graves et m\u00e9diatis\u00e9s, qui ont vu la vie de joueurs basculer. Ce sport, pourtant port\u00e9 par de grandes valeurs, est d\u00e9sormais point\u00e9 du doigt. Sport d&rsquo;affrontement, le rugby n&rsquo;en reste pas moins une formidable \u00e9cole de la vie. A partir de son propre exemple, Tony Moggio propose, gr\u00e2ce \u00e0 de multiples t\u00e9moignages de sp\u00e9cialistes, d&rsquo;entra\u00eeneurs, de pr\u00e9parateurs physiques et autres acteurs du rugby, une r\u00e9flexion et des solutions pour que ces accidents tendent \u00e0 dispara\u00eetre, tout en sachant que le risque z\u00e9ro n&rsquo;existe pas. (Pr\u00e9sentation de l\u2019\u00e9diteur)<\/p>\n<p>MOGGIO T.<\/p>\n<p>Editions Privat<\/p>\n<p>2020-142p.-15,90\u20ac<\/p>\n<p>223gr<\/p>\n<p>ISBN: 978-2-7089-2838-1<\/p>\n<p>COTE DOC: 1-20-MOG-A<\/p>\n<span class=\"et_bloom_bottom_trigger\"><\/span>","protected":false},"excerpt":{"rendered":"<p>Depuis quelques ann\u00e9es, le monde du rugby a d\u00e9fray\u00e9 la chronique apr\u00e8s de nombreux accidents graves et m\u00e9diatis\u00e9s, qui ont vu la vie de joueurs basculer.<\/p>\n","protected":false},"featured_media":1159,"comment_status":"open","ping_status":"closed","template":"","meta":{"_et_pb_use_builder":"","_et_pb_old_content":"","_et_gb_content_width":"","spay_email":""},"class_list":["post-1158","product","type-product","status-publish","has-post-thumbnail","hentry","product_cat-livres","product_tag-accident-de-sport","product_tag-autonomie","product_tag-defi","product_tag-famille","product_tag-personne-handicapee","product_tag-risque","product_tag-sport","product_tag-temoignage","product_tag-tetraplegie"],"jetpack_sharing_enabled":true,"jetpack_likes_enabled":true,"_links":{"self":[{"href":"https:\/\/www.parthages.be\/eboutique\/wp-json\/wp\/v2\/product\/1158","targetHints":{"allow":["GET"]}}],"collection":[{"href":"https:\/\/www.parthages.be\/eboutique\/wp-json\/wp\/v2\/product"}],"about":[{"href":"https:\/\/www.parthages.be\/eboutique\/wp-json\/wp\/v2\/types\/product"}],"replies":[{"embeddable":true,"href":"https:\/\/www.parthages.be\/eboutique\/wp-json\/wp\/v2\/comments?post=1158"}],"wp:featuredmedia":[{"embeddable":true,"href":"https:\/\/www.parthages.be\/eboutique\/wp-json\/wp\/v2\/media\/1159"}],"wp:attachment":[{"href":"https:\/\/www.parthages.be\/eboutique\/wp-json\/wp\/v2\/media?parent=1158"}],"curies":[{"name":"wp","href":"https:\/\/api.w.org\/{rel}","templated":true}]}}