{"id":116,"date":"2012-09-24T11:37:53","date_gmt":"2012-09-24T09:37:53","guid":{"rendered":"https:\/\/www.parthages.be\/wordpress\/produit\/l-accompagnement-d-un-enfant-different-au-quotidien-un-recit-rempli-de-vie-et-d-espoir\/"},"modified":"2022-02-18T10:44:02","modified_gmt":"2022-02-18T09:44:02","slug":"l-accompagnement-d-un-enfant-different-au-quotidien-un-recit-rempli-de-vie-et-d-espoir","status":"publish","type":"product","link":"https:\/\/www.parthages.be\/eboutique\/produit\/l-accompagnement-d-un-enfant-different-au-quotidien-un-recit-rempli-de-vie-et-d-espoir\/","title":{"rendered":"L&rsquo;accompagnement d&rsquo;un enfant diff\u00e9rent au quotidien &#8211; Un r\u00e9cit rempli de vie et d&rsquo;espoir"},"content":{"rendered":"<p>J&rsquo;ai choisi volontairement pour ce livre de relater une histoire v\u00e9cue \u00e0 mes tout d\u00e9buts comme intervenante psycho-sociale.<\/p>\n<p>Un dipl\u00f4me en poche, mais tout \u00e0 apprendre. Mon objectif est de d\u00e9montrer que m\u00eame avec peu ou pas d&rsquo;exp\u00e9rience en la mati\u00e8re, le plus important consiste toujours \u00ab\u00a0\u00e0 y croire !\u00a0\u00bb et \u00e0 s&rsquo;engager dans une d\u00e9marche active. Une histoire remplie de vie, d&rsquo;espoir, de r\u00e9alisme&#8230; Un livre qui accompagnera tous les parents qui ont des enfants, des adolescents dits \u00ab\u00a0diff\u00e9rents\u00a0\u00bb et aussi \u00ab\u00a0normaux\u00a0\u00bb. Et oui nos chers enfants \u00ab\u00a0normaux\u00a0\u00bb qui, malgr\u00e9 toutes leurs \u00ab\u00a0capacit\u00e9s\u00a0\u00bb, nous font sentir parfois d\u00e9pass\u00e9s ! Un baume pour les parents, les \u00e9ducateurs, les professeurs, les \u00e9tudiants, en somme, pour tous ceux qui ont \u00e0 c\u0153ur le d\u00e9veloppement du potentiel des personnes dans le besoin ; se sentent concern\u00e9s par l&rsquo;accompagnement de l&rsquo;humain ; croient que chaque petit geste et attitude peuvent avoir une influence d\u00e9terminante dans l&rsquo;\u00e9volution de ces enfants ; ont besoin d&rsquo;espoir, d&rsquo;\u00e9nergie positive pour poursuivre leur d\u00e9marche.<\/p>\n<p>&nbsp;<\/p>\n<p>COUTURE M.<\/p>\n<p>Edition B\u00c9LIVEAU \u00c9DITEUR<\/p>\n<p>2011 -160p.- 14,50\u20ac<\/p>\n<p>ISBN: 978-2-89092-501-4<\/p>\n<p>Cote doc: 5-20-COU-A<\/p>\n<span class=\"et_bloom_bottom_trigger\"><\/span>","protected":false},"excerpt":{"rendered":"<p>J&rsquo;ai choisi volontairement pour ce livre de relater une histoire v\u00e9cue \u00e0 mes tout d\u00e9buts comme intervenante psycho-sociale.<\/p>\n","protected":false},"featured_media":115,"comment_status":"open","ping_status":"closed","template":"","meta":{"_et_pb_use_builder":"","_et_pb_old_content":"","_et_gb_content_width":"","spay_email":""},"class_list":["post-116","product","type-product","status-publish","has-post-thumbnail","hentry","product_cat-livres","product_cat-livres-jeunesse","product_tag-accompagnement","product_tag-adolescent","product_tag-enfant-handicape","product_tag-outil","product_tag-parent","product_tag-participation","product_tag-politique-de-la-famille","product_tag-recit-de-vie"],"jetpack_sharing_enabled":true,"jetpack_likes_enabled":true,"_links":{"self":[{"href":"https:\/\/www.parthages.be\/eboutique\/wp-json\/wp\/v2\/product\/116","targetHints":{"allow":["GET"]}}],"collection":[{"href":"https:\/\/www.parthages.be\/eboutique\/wp-json\/wp\/v2\/product"}],"about":[{"href":"https:\/\/www.parthages.be\/eboutique\/wp-json\/wp\/v2\/types\/product"}],"replies":[{"embeddable":true,"href":"https:\/\/www.parthages.be\/eboutique\/wp-json\/wp\/v2\/comments?post=116"}],"wp:featuredmedia":[{"embeddable":true,"href":"https:\/\/www.parthages.be\/eboutique\/wp-json\/wp\/v2\/media\/115"}],"wp:attachment":[{"href":"https:\/\/www.parthages.be\/eboutique\/wp-json\/wp\/v2\/media?parent=116"}],"curies":[{"name":"wp","href":"https:\/\/api.w.org\/{rel}","templated":true}]}}