{"id":1167,"date":"2021-06-09T19:47:08","date_gmt":"2021-06-09T17:47:08","guid":{"rendered":"https:\/\/www.parthages.be\/eboutique\/?post_type=product&#038;p=1167"},"modified":"2021-06-09T19:47:09","modified_gmt":"2021-06-09T17:47:09","slug":"plus-efficace-sans-travailler-plus-ne-travaillez-pas-plus-deplacez-vos-efforts-2","status":"publish","type":"product","link":"https:\/\/www.parthages.be\/eboutique\/produit\/plus-efficace-sans-travailler-plus-ne-travaillez-pas-plus-deplacez-vos-efforts-2\/","title":{"rendered":"Plus efficace sans travailler plus: ne travaillez pas plus d\u00e9placez vos efforts"},"content":{"rendered":"<p>De plus en plus sollicit\u00e9 par le t\u00e9l\u00e9phone, les SMS et les courriels, fortement soumis \u00e0 la pression du monde du travail, de l&rsquo;environnement familial, vous \u00e9prouvez des difficult\u00e9s \u00e0 faire face.<\/p>\n<p>Comment alors tenir vos objectifs, r\u00e9aliser vos projets, concr\u00e9tiser vos r\u00eaves? Comment garder ou retrouver un \u00e9quilibre de vie \u00e9panouissant? Apr\u00e8s avoir proc\u00e9d\u00e9 \u00e0 un bilan complet et sans concessions, laissez-vous guider par la m\u00e9thode Statera : Dissociez l&rsquo;action des r\u00e9sultats ; Organisez votre temps et d\u00e9placez vos efforts vers l&rsquo;essentiel ; Utilisez certains leviers pour modifier votre fonctionnement personnel ; Mettez vos actes en accord avec vos principes ; Utilisez mieux votre motivation et votre \u00e9nergie.<\/p>\n<p>Au final, vous agirez avec plus de coh\u00e9rence, de sens et de plaisir. (Pr\u00e9sentation de l&rsquo;\u00e9diteur)<\/p>\n<p>NEURY D<\/p>\n<p>Vuibert pratique<\/p>\n<p>2010-190p-15\u20ac<\/p>\n<p>220gr<\/p>\n<p>ISBN\u00a0: 978-2-7117-6438-9<\/p>\n<p>Cote doc\u00a0: 10-20-NEV-P<\/p>\n<span class=\"et_bloom_bottom_trigger\"><\/span>","protected":false},"excerpt":{"rendered":"<p>De plus en plus sollicit\u00e9 par le t\u00e9l\u00e9phone, les SMS et les courriels, fortement soumis \u00e0 la pression du monde du travail, de l&rsquo;environnement familial, vous \u00e9prouvez des difficult\u00e9s \u00e0 faire face.<\/p>\n","protected":false},"featured_media":1168,"comment_status":"open","ping_status":"closed","template":"","meta":{"_et_pb_use_builder":"","_et_pb_old_content":"","_et_gb_content_width":"","spay_email":""},"class_list":["post-1167","product","type-product","status-publish","has-post-thumbnail","hentry","product_cat-livres","product_tag-management","product_tag-methode","product_tag-outil","product_tag-projet"],"jetpack_sharing_enabled":true,"jetpack_likes_enabled":true,"_links":{"self":[{"href":"https:\/\/www.parthages.be\/eboutique\/wp-json\/wp\/v2\/product\/1167","targetHints":{"allow":["GET"]}}],"collection":[{"href":"https:\/\/www.parthages.be\/eboutique\/wp-json\/wp\/v2\/product"}],"about":[{"href":"https:\/\/www.parthages.be\/eboutique\/wp-json\/wp\/v2\/types\/product"}],"replies":[{"embeddable":true,"href":"https:\/\/www.parthages.be\/eboutique\/wp-json\/wp\/v2\/comments?post=1167"}],"wp:featuredmedia":[{"embeddable":true,"href":"https:\/\/www.parthages.be\/eboutique\/wp-json\/wp\/v2\/media\/1168"}],"wp:attachment":[{"href":"https:\/\/www.parthages.be\/eboutique\/wp-json\/wp\/v2\/media?parent=1167"}],"curies":[{"name":"wp","href":"https:\/\/api.w.org\/{rel}","templated":true}]}}