{"id":1169,"date":"2021-06-09T19:50:11","date_gmt":"2021-06-09T17:50:11","guid":{"rendered":"https:\/\/www.parthages.be\/eboutique\/?post_type=product&#038;p=1169"},"modified":"2021-06-09T19:50:12","modified_gmt":"2021-06-09T17:50:12","slug":"de-la-personne-prise-en-charge-a-la-personne-prise-en-consideration-travail-social-et-tra-vail-dequipe","status":"publish","type":"product","link":"https:\/\/www.parthages.be\/eboutique\/produit\/de-la-personne-prise-en-charge-a-la-personne-prise-en-consideration-travail-social-et-tra-vail-dequipe\/","title":{"rendered":"De la personne prise en charge \u00e0 la personne prise en consid\u00e9ration: Travail social et tra-vail d&rsquo;\u00e9quipe"},"content":{"rendered":"<p>Les textes l\u00e9gislatifs r\u00e9cents, concernant notamment les personnes en situation de handicap suite \u00e0 diff\u00e9rentes d\u00e9ficiences, invitent \u00e0 renforcer une prise en consid\u00e9ration personnalis\u00e9e au sein d&rsquo;un \u00e9tablissement, d&rsquo;un service d&rsquo;accompagnement.<\/p>\n<p>Ce travail n\u00e9cessite un changement de pratiques professionnelles pour mieux cerner les besoins, les potentialit\u00e9s et construire avec la personne une d\u00e9marche projet adapt\u00e9e. Ce changement s&rsquo;inscrit dans un continuum qui se d\u00e9cline en cinq \u00e9l\u00e9ments : de l&rsquo;\u00e9tiquetage de la personne \u00e0 l&rsquo;identit\u00e9 de la personne ; du projet individualis\u00e9 pour la personne au projet personnalis\u00e9 avec la personne ; du travail pour la famille au travail avec la famille ; de la pluridisciplinarit\u00e9 \u00e0 l&rsquo;interprofessionnalit\u00e9 ; d&rsquo;un mod\u00e8le centr\u00e9 sur les \u00e9tablissements \u00e0 un mod\u00e8le centr\u00e9 sur les interactions.<\/p>\n<p>Cet ouvrage fait le point sur les changements attendus et fournit des outils \u00e0 travailler en \u00e9quipe. (Pr\u00e9sentation de l&rsquo;\u00e9diteur)<\/p>\n<p>MAUTUIT D.<\/p>\n<p>Chronique sociale<\/p>\n<p>2009-185p-16.90\u20ac<\/p>\n<p>227gr<\/p>\n<p>ISBN\u00a0978-2-85008-769-1<\/p>\n<p>Cote doc\u00a0: 11-AGO-T<\/p>\n<span class=\"et_bloom_bottom_trigger\"><\/span>","protected":false},"excerpt":{"rendered":"<p>Les textes l\u00e9gislatifs r\u00e9cents, concernant notamment les personnes en situation de handicap suite \u00e0 diff\u00e9rentes d\u00e9ficiences, invitent \u00e0 renforcer une prise en consid\u00e9ration personnalis\u00e9e au sein d&rsquo;un \u00e9tablissement, d&rsquo;un service d&rsquo;accompagnement.<\/p>\n","protected":false},"featured_media":1170,"comment_status":"open","ping_status":"closed","template":"","meta":{"_et_pb_use_builder":"","_et_pb_old_content":"","_et_gb_content_width":"","spay_email":""},"class_list":["post-1169","product","type-product","status-publish","has-post-thumbnail","hentry","product_cat-livres","product_tag-evolution","product_tag-historique","product_tag-individuation","product_tag-outil","product_tag-personne-handicapee","product_tag-prise-en-charge","product_tag-projet","product_tag-relation-famille-soignant","product_tag-travail-en-equipe","product_tag-travail-social"],"jetpack_sharing_enabled":true,"jetpack_likes_enabled":true,"_links":{"self":[{"href":"https:\/\/www.parthages.be\/eboutique\/wp-json\/wp\/v2\/product\/1169","targetHints":{"allow":["GET"]}}],"collection":[{"href":"https:\/\/www.parthages.be\/eboutique\/wp-json\/wp\/v2\/product"}],"about":[{"href":"https:\/\/www.parthages.be\/eboutique\/wp-json\/wp\/v2\/types\/product"}],"replies":[{"embeddable":true,"href":"https:\/\/www.parthages.be\/eboutique\/wp-json\/wp\/v2\/comments?post=1169"}],"wp:featuredmedia":[{"embeddable":true,"href":"https:\/\/www.parthages.be\/eboutique\/wp-json\/wp\/v2\/media\/1170"}],"wp:attachment":[{"href":"https:\/\/www.parthages.be\/eboutique\/wp-json\/wp\/v2\/media?parent=1169"}],"curies":[{"name":"wp","href":"https:\/\/api.w.org\/{rel}","templated":true}]}}