{"id":1176,"date":"2021-06-09T20:02:17","date_gmt":"2021-06-09T18:02:17","guid":{"rendered":"https:\/\/www.parthages.be\/eboutique\/?post_type=product&#038;p=1176"},"modified":"2021-06-24T07:07:35","modified_gmt":"2021-06-24T05:07:35","slug":"le-nouveau-dico-pnl-comprendre-les-mots-et-les-concepts-de-la-pnl","status":"publish","type":"product","link":"https:\/\/www.parthages.be\/eboutique\/produit\/le-nouveau-dico-pnl-comprendre-les-mots-et-les-concepts-de-la-pnl\/","title":{"rendered":"Le nouveau Dico-PNL: comprendre les mots et les concepts de la PNL"},"content":{"rendered":"<p>Pr\u00e9sente dans de nombreux domaines : vente, management, communication, coaching, th\u00e9rapie, d\u00e9veloppement personnel, \u00e9ducation, etc., la Programmation Neuro-Linguistique, plus connue sous son abr\u00e9viation de PNL, ne cesse de s&rsquo;enrichir et d&rsquo;\u00e9largir ses applications. Ce dictionnaire vient combler un manque en clarifiant son vocabulaire et en donnant une version actualis\u00e9e de ses concepts. Con\u00e7u de fa\u00e7on \u00e0 \u00eatre utile aussi bien au PNListe de passage qu&rsquo;au praticien confirm\u00e9, l&rsquo;ouvrage retrace \u00e9galement l&rsquo;histoire de ce qui peut appara\u00eetre au nouveau venu comme une plan\u00e8te inconnue \u00e0 conqu\u00e9rir. II comprend<\/p>\n<p>&#8211; un bref historique de la PNL et de ses principes fondamentaux ;<\/p>\n<p>&#8211; un glossaire \u00a0\u00bb de survie \u00a0\u00bb pour les visiteurs press\u00e9s;<\/p>\n<p>&#8211; un dictionnaire permettant de saisir toute la subtilit\u00e9 et la richesse des concepts de la PNL.<\/p>\n<p>Enrichi d&rsquo;un lexique anglais\/fran\u00e7ais et fran\u00e7ais\/anglais, ce Nouveau Dico-PNL permettra \u00e0 tout un chacun, quel que soit son niveau, de tirer un grand profit de cette d\u00e9marche d&rsquo;\u00e9panouissement et de communication efficace. (Pr\u00e9sentation de l&rsquo;\u00e9diteur)<\/p>\n<p>TURNER J.-HEVIN B.<\/p>\n<p>Inter\u00e9ditions Dunod<\/p>\n<p>2006-204p-22.50\u20ac<\/p>\n<p>349gr<\/p>\n<p>ISBN\u00a0: 2-10 050385 5<\/p>\n<p>Cote doc\u00a010.20-TUR-N<\/p>\n<p>&nbsp;<\/p>\n<span class=\"et_bloom_bottom_trigger\"><\/span>","protected":false},"excerpt":{"rendered":"<p>Pr\u00e9sente dans de nombreux domaines : vente, management, communication, coaching, th\u00e9rapie, d\u00e9veloppement personnel, \u00e9ducation, etc., la Programmation Neuro-Linguistique, plus connue sous son abr\u00e9viation de PNL, ne cesse de s&rsquo;enrichir et d&rsquo;\u00e9largir ses applications. Ce dictionnaire vient combler un manque en clarifiant son vocabulaire et en donnant une version actualis\u00e9e de ses concepts.<\/p>\n","protected":false},"featured_media":1177,"comment_status":"open","ping_status":"closed","template":"","meta":{"_et_pb_use_builder":"","_et_pb_old_content":"","_et_gb_content_width":"","spay_email":""},"class_list":["post-1176","product","type-product","status-publish","has-post-thumbnail","hentry","product_cat-livres","product_tag-bien-etre","product_tag-communication","product_tag-definition","product_tag-langage","product_tag-outil-pedagogique"],"jetpack_sharing_enabled":true,"jetpack_likes_enabled":true,"_links":{"self":[{"href":"https:\/\/www.parthages.be\/eboutique\/wp-json\/wp\/v2\/product\/1176","targetHints":{"allow":["GET"]}}],"collection":[{"href":"https:\/\/www.parthages.be\/eboutique\/wp-json\/wp\/v2\/product"}],"about":[{"href":"https:\/\/www.parthages.be\/eboutique\/wp-json\/wp\/v2\/types\/product"}],"replies":[{"embeddable":true,"href":"https:\/\/www.parthages.be\/eboutique\/wp-json\/wp\/v2\/comments?post=1176"}],"wp:featuredmedia":[{"embeddable":true,"href":"https:\/\/www.parthages.be\/eboutique\/wp-json\/wp\/v2\/media\/1177"}],"wp:attachment":[{"href":"https:\/\/www.parthages.be\/eboutique\/wp-json\/wp\/v2\/media?parent=1176"}],"curies":[{"name":"wp","href":"https:\/\/api.w.org\/{rel}","templated":true}]}}