{"id":118,"date":"2012-09-24T11:37:53","date_gmt":"2012-09-24T09:37:53","guid":{"rendered":"https:\/\/www.parthages.be\/wordpress\/produit\/karma-mode-d-emploi\/"},"modified":"2022-03-18T18:03:40","modified_gmt":"2022-03-18T17:03:40","slug":"karma-mode-d-emploi","status":"publish","type":"product","link":"https:\/\/www.parthages.be\/eboutique\/produit\/karma-mode-d-emploi\/","title":{"rendered":"Karma mode d&#8217;emploi"},"content":{"rendered":"<p>Qui d&rsquo;entre nous n&rsquo;a pas entendu parler de ou du Karma ? Voici un mot que l&rsquo;on entend employ\u00e9 sur tous les tons, que l&rsquo;on trouve utilis\u00e9 dans les medias, qui sert de support de communication, comme argument\u00a0 de publicit\u00e9.<\/p>\n<p>Il s&rsquo;est impos\u00e9 dans notre langage courant. Ce vocable aux parfums d&rsquo;Inde qui chatoie des couleurs de l&rsquo;exotisme, qu&rsquo;en sait-on exactement ?<\/p>\n<p>Le Karma est porteur de bien des contresens. Il est une sorte d&rsquo;exutoire, cette r\u00e9ponse aux questions improbables, \u00e0 celles qui taraudent l&rsquo;esprit humain. Il devient le miracle qui d\u00e9verrouille ces portes qui habituellement refusent de s&rsquo;ouvrir sur l&rsquo;insondable myst\u00e8re de la vie et de la mort.<\/p>\n<p>A partir de la spiritualit\u00e9, en passant par la philosophie, la m\u00e9taphysique, la psychologie , la notion de karma est explicit\u00e9 et mise en perspective. (Pr\u00e9sentation de l\u2019\u00e9diteur)<\/p>\n<p>Cote doc\u00a0: 3-20-GRA-R<\/p>\n<p>Uniquement \u00e0 la location<\/p>\n<span class=\"et_bloom_bottom_trigger\"><\/span>","protected":false},"excerpt":{"rendered":"<p>Qui d&rsquo;entre nous n&rsquo;a pas entendu parler de ou du Karma ? Voici un mot que l&rsquo;on entend employ\u00e9 sur tous les tons, que l&rsquo;on trouve utilis\u00e9 dans les medias, qui sert de support de communication, comme argument\u00a0 de publicit\u00e9.<\/p>\n","protected":false},"featured_media":2468,"comment_status":"open","ping_status":"closed","template":"","meta":{"_et_pb_use_builder":"","_et_pb_old_content":"","_et_gb_content_width":"","spay_email":""},"class_list":["post-118","product","type-product","status-publish","has-post-thumbnail","hentry","product_cat-livres"],"jetpack_sharing_enabled":true,"jetpack_likes_enabled":true,"_links":{"self":[{"href":"https:\/\/www.parthages.be\/eboutique\/wp-json\/wp\/v2\/product\/118","targetHints":{"allow":["GET"]}}],"collection":[{"href":"https:\/\/www.parthages.be\/eboutique\/wp-json\/wp\/v2\/product"}],"about":[{"href":"https:\/\/www.parthages.be\/eboutique\/wp-json\/wp\/v2\/types\/product"}],"replies":[{"embeddable":true,"href":"https:\/\/www.parthages.be\/eboutique\/wp-json\/wp\/v2\/comments?post=118"}],"wp:featuredmedia":[{"embeddable":true,"href":"https:\/\/www.parthages.be\/eboutique\/wp-json\/wp\/v2\/media\/2468"}],"wp:attachment":[{"href":"https:\/\/www.parthages.be\/eboutique\/wp-json\/wp\/v2\/media?parent=118"}],"curies":[{"name":"wp","href":"https:\/\/api.w.org\/{rel}","templated":true}]}}