{"id":1181,"date":"2021-06-09T20:10:33","date_gmt":"2021-06-09T18:10:33","guid":{"rendered":"https:\/\/www.parthages.be\/eboutique\/?post_type=product&#038;p=1181"},"modified":"2021-06-09T20:10:33","modified_gmt":"2021-06-09T18:10:33","slug":"apprendre-a-apprendre-avec-la-pnl","status":"publish","type":"product","link":"https:\/\/www.parthages.be\/eboutique\/produit\/apprendre-a-apprendre-avec-la-pnl\/","title":{"rendered":"Apprendre \u00e0 apprendre avec la PNL"},"content":{"rendered":"<p><strong>Les strat\u00e9gies PNL d\u2019apprentissage \u00e0 l\u2019usage des enseignants primaire 3<sup>\u00e8me<\/sup> \u00e9dition<\/strong><\/p>\n<p>D\u00e8s les premi\u00e8res classes primaires, les enseignants sont confront\u00e9s \u00e0 des in\u00e9galit\u00e9s des \u00e9l\u00e8ves dans l\u2019apprentissage. Certains semblent avancer avec facilit\u00e9, pendant que d\u2019autres peinent. Ce n\u2019est pas leur intelligence qui est en cause, mais leur mani\u00e8re de g\u00e9rer les informations.(Pr\u00e9sentation de l&rsquo;auteur)<\/p>\n<p>THIRY A.- LELLOUCHE Y.<\/p>\n<p>Deboeck<\/p>\n<p>2008-150p-25\u20ac<\/p>\n<p>256gr<\/p>\n<p>ISBN\u00a0: 978-2-8041-5414-1<\/p>\n<p>Cote doc\u00a0: 10-20-THI-A<\/p>\n<span class=\"et_bloom_bottom_trigger\"><\/span>","protected":false},"excerpt":{"rendered":"<p>D\u00e8s les premi\u00e8res classes primaires, les enseignants sont confront\u00e9s \u00e0 des in\u00e9galit\u00e9s des \u00e9l\u00e8ves dans l\u2019apprentissage. Certains semblent avancer avec facilit\u00e9, pendant que d\u2019autres peinent.<\/p>\n","protected":false},"featured_media":1182,"comment_status":"open","ping_status":"closed","template":"","meta":{"_et_pb_use_builder":"","_et_pb_old_content":"","_et_gb_content_width":"","spay_email":""},"class_list":["post-1181","product","type-product","status-publish","has-post-thumbnail","hentry","product_cat-livres","product_tag-accompagnement","product_tag-apprentissage","product_tag-enfant","product_tag-outil","product_tag-pnl"],"jetpack_sharing_enabled":true,"jetpack_likes_enabled":true,"_links":{"self":[{"href":"https:\/\/www.parthages.be\/eboutique\/wp-json\/wp\/v2\/product\/1181","targetHints":{"allow":["GET"]}}],"collection":[{"href":"https:\/\/www.parthages.be\/eboutique\/wp-json\/wp\/v2\/product"}],"about":[{"href":"https:\/\/www.parthages.be\/eboutique\/wp-json\/wp\/v2\/types\/product"}],"replies":[{"embeddable":true,"href":"https:\/\/www.parthages.be\/eboutique\/wp-json\/wp\/v2\/comments?post=1181"}],"wp:featuredmedia":[{"embeddable":true,"href":"https:\/\/www.parthages.be\/eboutique\/wp-json\/wp\/v2\/media\/1182"}],"wp:attachment":[{"href":"https:\/\/www.parthages.be\/eboutique\/wp-json\/wp\/v2\/media?parent=1181"}],"curies":[{"name":"wp","href":"https:\/\/api.w.org\/{rel}","templated":true}]}}