{"id":1184,"date":"2021-06-09T20:17:45","date_gmt":"2021-06-09T18:17:45","guid":{"rendered":"https:\/\/www.parthages.be\/eboutique\/?post_type=product&#038;p=1184"},"modified":"2021-06-24T07:09:17","modified_gmt":"2021-06-24T05:09:17","slug":"prendre-sa-vie-en-main-par-lecoute-reciproque-et-la-decharge-emotionnelle","status":"publish","type":"product","link":"https:\/\/www.parthages.be\/eboutique\/produit\/prendre-sa-vie-en-main-par-lecoute-reciproque-et-la-decharge-emotionnelle\/","title":{"rendered":"Prendre sa vie en main par l&rsquo;\u00e9coute r\u00e9ciproque et la d\u00e9charge \u00e9motionnelle"},"content":{"rendered":"<p>L&rsquo;auteur pr\u00e9sente ici un chemin de lib\u00e9ration fond\u00e9 sur l&rsquo;\u00e9coute mutuelle et la d\u00e9charge \u00e9motionnelle. Cette m\u00e9thode propose de d\u00e9velopper toutes les possibilit\u00e9s d&rsquo;intelligence et d&rsquo;amour qui sont immenses en chacun de nous afin de restructurer notre vie personnelle et d&rsquo;am\u00e9liorer nos relations humaines.<\/p>\n<p>D\u00e8s que deux personnes s&rsquo;\u00e9coutent \u00e0 tour de r\u00f4le et se donnent assez de s\u00e9curit\u00e9 pour d\u00e9charger les \u00e9motions qui se pr\u00e9sentent, elles commencent \u00e0 se lib\u00e9rer des d\u00e9tresses qu&rsquo;elles ont accumul\u00e9es.<\/p>\n<p>Les petits enfants savent faire cela naturellement. Pour nous, adultes, il nous faut r\u00e9apprendre ce chemin oubli\u00e9 de lib\u00e9ration.<\/p>\n<p>GROMOLARD A.<\/p>\n<p>Chronique sociale<\/p>\n<p>2005-124p.-12.50\u20ac<\/p>\n<p>189gr<\/p>\n<p>ISBN\u00a0:2- 85008-603-7<\/p>\n<p>Cote doc\u00a0: 10-20-GRO-P<\/p>\n<span class=\"et_bloom_bottom_trigger\"><\/span>","protected":false},"excerpt":{"rendered":"<p>L&rsquo;auteur pr\u00e9sente ici un chemin de lib\u00e9ration fond\u00e9 sur l&rsquo;\u00e9coute mutuelle et la d\u00e9charge \u00e9motionnelle.<\/p>\n","protected":false},"featured_media":1185,"comment_status":"open","ping_status":"closed","template":"","meta":{"_et_pb_use_builder":"","_et_pb_old_content":"","_et_gb_content_width":"","spay_email":""},"class_list":["post-1184","product","type-product","status-publish","has-post-thumbnail","hentry","product_cat-livres","product_tag-aide-psycholo-gique","product_tag-communication","product_tag-douleur","product_tag-ecoute","product_tag-souffrance","product_tag-temoignage","product_tag-therapeutique"],"jetpack_sharing_enabled":true,"jetpack_likes_enabled":true,"_links":{"self":[{"href":"https:\/\/www.parthages.be\/eboutique\/wp-json\/wp\/v2\/product\/1184","targetHints":{"allow":["GET"]}}],"collection":[{"href":"https:\/\/www.parthages.be\/eboutique\/wp-json\/wp\/v2\/product"}],"about":[{"href":"https:\/\/www.parthages.be\/eboutique\/wp-json\/wp\/v2\/types\/product"}],"replies":[{"embeddable":true,"href":"https:\/\/www.parthages.be\/eboutique\/wp-json\/wp\/v2\/comments?post=1184"}],"wp:featuredmedia":[{"embeddable":true,"href":"https:\/\/www.parthages.be\/eboutique\/wp-json\/wp\/v2\/media\/1185"}],"wp:attachment":[{"href":"https:\/\/www.parthages.be\/eboutique\/wp-json\/wp\/v2\/media?parent=1184"}],"curies":[{"name":"wp","href":"https:\/\/api.w.org\/{rel}","templated":true}]}}