{"id":1186,"date":"2021-06-09T20:19:29","date_gmt":"2021-06-09T18:19:29","guid":{"rendered":"https:\/\/www.parthages.be\/eboutique\/?post_type=product&#038;p=1186"},"modified":"2025-04-29T13:34:07","modified_gmt":"2025-04-29T11:34:07","slug":"la-funambule-le-fil-et-la-toile","status":"publish","type":"product","link":"https:\/\/www.parthages.be\/eboutique\/produit\/la-funambule-le-fil-et-la-toile\/","title":{"rendered":"La funambule: le fil et la toile"},"content":{"rendered":"<p>Transformations r\u00e9ciproques du sens du handicap.<\/p>\n<p>Les Nations unies ont r\u00e9cemment promulgu\u00e9 la mise en vigueur de la Convention relative aux droits des personnes handicap\u00e9es. Ce trait\u00e9 international, contraignant pour les \u00c9tats qui le ratifient, est un \u00e9v\u00e8nement charni\u00e8re. Il marque, dans l\u2019histoire, le r\u00e9sultat des luttes du mouvement de d\u00e9fense des droits humains des personnes diff\u00e9rentes dans leurs corps et leurs fonctionnalit\u00e9s, et vivant des situations d\u2019exclusion et d\u2019oppression sociale syst\u00e9miques. Il ouvre sur des enjeux soci\u00e9taux contemporains ancr\u00e9s dans une transformation radicale du sens du handicap. Il invite \u00e0 la prise de conscience de la responsabilit\u00e9 de chaque soci\u00e9t\u00e9 de proc\u00e9der \u00e0 une m\u00e9tamorphose inclusive fond\u00e9e sur l\u2019\u00e9galit\u00e9 des possibilit\u00e9s de contr\u00f4ler sa vie pour chaque citoyen, quelles que soient ses diff\u00e9rences.<\/p>\n<p>Une fois engag\u00e9e sur son fil, la funambule doit maintenir son \u00e9quilibre dans l\u2019instant qui passe et aller jusqu\u2019au bout. Pour chaque \u00eatre humain, ce bout de la vie est ancr\u00e9 dans l\u2019inconnu du futur et interd\u00e9pendant de l\u2019ensemble des fils qui tissent la toile, plus ou moins efficace, de la solidarit\u00e9 sociale de sa collectivit\u00e9.(Pr\u00e9sentation de l\u2019\u00e9diteur)<\/p>\n<p>FOUGEYROLLAS P.<\/p>\n<p>Presses de l&rsquo;universit\u00e9 de Laval<\/p>\n<p>2010-338p.-32\u20ac<\/p>\n<p>372gr<\/p>\n<p>ISBN\u00a0: 978-2-7637-9006-0<\/p>\n<p>Cote doc\u00a0:10-10-FOU-F<\/p>\n<span class=\"et_bloom_bottom_trigger\"><\/span>","protected":false},"excerpt":{"rendered":"<p>Transformations r\u00e9ciproques du sens du handicap.<\/p>\n<p>Les Nations unies ont r\u00e9cemment promulgu\u00e9 la mise en vigueur de la Convention relative aux droits des personnes handicap\u00e9es.<\/p>\n","protected":false},"featured_media":1187,"comment_status":"open","ping_status":"closed","template":"","meta":{"_et_pb_use_builder":"","_et_pb_old_content":"","_et_gb_content_width":"","spay_email":""},"class_list":["post-1186","product","type-product","status-publish","has-post-thumbnail","hentry","product_cat-livres","product_tag-definition","product_tag-evolution","product_tag-inclu-sion","product_tag-onu","product_tag-personne-handicapee","product_tag-politique-dintegration","product_tag-responsabilite","product_tag-societe","product_tag-solidarite"],"jetpack_sharing_enabled":true,"jetpack_likes_enabled":true,"_links":{"self":[{"href":"https:\/\/www.parthages.be\/eboutique\/wp-json\/wp\/v2\/product\/1186","targetHints":{"allow":["GET"]}}],"collection":[{"href":"https:\/\/www.parthages.be\/eboutique\/wp-json\/wp\/v2\/product"}],"about":[{"href":"https:\/\/www.parthages.be\/eboutique\/wp-json\/wp\/v2\/types\/product"}],"replies":[{"embeddable":true,"href":"https:\/\/www.parthages.be\/eboutique\/wp-json\/wp\/v2\/comments?post=1186"}],"wp:featuredmedia":[{"embeddable":true,"href":"https:\/\/www.parthages.be\/eboutique\/wp-json\/wp\/v2\/media\/1187"}],"wp:attachment":[{"href":"https:\/\/www.parthages.be\/eboutique\/wp-json\/wp\/v2\/media?parent=1186"}],"curies":[{"name":"wp","href":"https:\/\/api.w.org\/{rel}","templated":true}]}}