{"id":1188,"date":"2021-06-09T20:21:07","date_gmt":"2021-06-09T18:21:07","guid":{"rendered":"https:\/\/www.parthages.be\/eboutique\/?post_type=product&#038;p=1188"},"modified":"2021-06-24T07:10:50","modified_gmt":"2021-06-24T05:10:50","slug":"le-polyhandicape-et-son-soignant-une-aventure-partagee","status":"publish","type":"product","link":"https:\/\/www.parthages.be\/eboutique\/produit\/le-polyhandicape-et-son-soignant-une-aventure-partagee\/","title":{"rendered":"Le polyhandicap\u00e9 et son soignant : une aventure partag\u00e9e"},"content":{"rendered":"<p>L&rsquo;auteur nous sensibilise \u00e0 une approche singuli\u00e8re de l&rsquo;accompagnement de la personne polyhandicap\u00e9e, dans son souci de transmission en tant que lien essentiel entre les \u00eatres humains nous fait partager dans don son ouvrage la fa\u00e7on dont s\u2019articulent le soin, l\u2019\u00e9ducation et le quotidien dans la vie avec les polyhandicap\u00e9s.<\/p>\n<p>Son observation attentive, son implication rigoureuse nous invitent \u00e0 une plus grande proximit\u00e9 avec cette exp\u00e9rience.<\/p>\n<p>Bernard Durey atteste que seul l\u2019engagement de chacun dans un projet th\u00e9rapeutique d\u2019\u00e9quipe peut garantir l\u2019espace du soin.<\/p>\n<p>Chaque fois qu\u2019un regard, qu\u2019un geste trouvent une adresse, une ouverture symbolique \u00e9merge, tel est le t\u00e9moignage d\u2019espoir clinique que l\u2019auteur propose \u00e0 notre attention.<\/p>\n<p>De son exp\u00e9rience avec les autistes l&rsquo;auteur est revenu arm\u00e9 pour prendre en consid\u00e9ration leur souffrance et par cons\u00e9quent celle de tout humain depuis le plus d\u00e9muni jusqu&rsquo;\u00e0 celui qui est en pleine possession de ses moyens. (Pr\u00e9sentation de l\u2019\u00e9diteur)<\/p>\n<p>DUREY B.<\/p>\n<p>Editions du Champ social<\/p>\n<p>2005-101p.-18\u20ac<\/p>\n<p>165gr<\/p>\n<p>ISBN\u00a0: 2-913376-41-X<\/p>\n<p>Cote doc\u00a0: 10-20-DUR-P<\/p>\n<span class=\"et_bloom_bottom_trigger\"><\/span>","protected":false},"excerpt":{"rendered":"<p>L&rsquo;auteur nous sensibilise \u00e0 une approche singuli\u00e8re de l&rsquo;accompagnement de la personne polyhandicap\u00e9e, dans son souci de transmission en tant que lien essentiel entre les \u00eatres humains nous fait partager dans don son ouvrage la fa\u00e7on dont s\u2019articulent le soin, l\u2019\u00e9ducation et le quotidien dans la vie avec les polyhandicap\u00e9s.<\/p>\n","protected":false},"featured_media":1189,"comment_status":"open","ping_status":"closed","template":"","meta":{"_et_pb_use_builder":"","_et_pb_old_content":"","_et_gb_content_width":"","spay_email":""},"class_list":["post-1188","product","type-product","status-publish","has-post-thumbnail","hentry","product_cat-livres","product_tag-education","product_tag-institution","product_tag-polyhandicap","product_tag-relation-daide","product_tag-relation-soignant-soigne","product_tag-soins","product_tag-souffrance","product_tag-strategie","product_tag-temoignage"],"jetpack_sharing_enabled":true,"jetpack_likes_enabled":true,"_links":{"self":[{"href":"https:\/\/www.parthages.be\/eboutique\/wp-json\/wp\/v2\/product\/1188","targetHints":{"allow":["GET"]}}],"collection":[{"href":"https:\/\/www.parthages.be\/eboutique\/wp-json\/wp\/v2\/product"}],"about":[{"href":"https:\/\/www.parthages.be\/eboutique\/wp-json\/wp\/v2\/types\/product"}],"replies":[{"embeddable":true,"href":"https:\/\/www.parthages.be\/eboutique\/wp-json\/wp\/v2\/comments?post=1188"}],"wp:featuredmedia":[{"embeddable":true,"href":"https:\/\/www.parthages.be\/eboutique\/wp-json\/wp\/v2\/media\/1189"}],"wp:attachment":[{"href":"https:\/\/www.parthages.be\/eboutique\/wp-json\/wp\/v2\/media?parent=1188"}],"curies":[{"name":"wp","href":"https:\/\/api.w.org\/{rel}","templated":true}]}}