{"id":1192,"date":"2021-06-09T20:26:03","date_gmt":"2021-06-09T18:26:03","guid":{"rendered":"https:\/\/www.parthages.be\/eboutique\/?post_type=product&#038;p=1192"},"modified":"2021-06-24T07:12:34","modified_gmt":"2021-06-24T05:12:34","slug":"sasseoir-pour-parler-lart-de-communiquer-de-mauvaises-nouvelles-aux-malades-guide-du-professionnel-de-sante","status":"publish","type":"product","link":"https:\/\/www.parthages.be\/eboutique\/produit\/sasseoir-pour-parler-lart-de-communiquer-de-mauvaises-nouvelles-aux-malades-guide-du-professionnel-de-sante\/","title":{"rendered":"S&rsquo;asseoir pour parler: l&rsquo;art de communiquer de mauvaises nouvelles aux malades : guide du professionnel de sant\u00e9"},"content":{"rendered":"<p>L&rsquo;auteur pr\u00e9sente, dans un langage simple et intelligible, les principes de base qui doivent pr\u00e9sider \u00e0 la communication de mauvaises nouvelles, principes r\u00e9unis dans une m\u00e9thode qui se laisse facilement assimiler. Au coeur de ce protocole se trouvent les comp\u00e9tences d&rsquo;\u00e9coute et de dialogue dont on a besoin pour mener \u00e0 bien un entretien avec un patient. Un chapitre est consacr\u00e9 aux r\u00e9actions des autres personnes (famille, amis, professionnels de la sant\u00e9&#8230;).(Pr\u00e9sentation de l\u2019\u00e9diteur)<\/p>\n<p>BUCKMAN R.<\/p>\n<p>Masson<\/p>\n<p>2001-205p.28\u20ac<\/p>\n<p>310gr<\/p>\n<p>ISBN\u00a0: 2-294-00835-9<\/p>\n<p>Cote doc\u00a0:10-20-BUC-S<\/p>\n<p>&nbsp;<\/p>\n<span class=\"et_bloom_bottom_trigger\"><\/span>","protected":false},"excerpt":{"rendered":"<p>L&rsquo;auteur pr\u00e9sente, dans un langage simple et intelligible, les principes de base qui doivent pr\u00e9sider \u00e0 la communication de mauvaises nouvelles, principes r\u00e9unis dans une m\u00e9thode qui se laisse facilement assimiler.<\/p>\n","protected":false},"featured_media":1193,"comment_status":"open","ping_status":"closed","template":"","meta":{"_et_pb_use_builder":"","_et_pb_old_content":"","_et_gb_content_width":"","spay_email":""},"class_list":["post-1192","product","type-product","status-publish","has-post-thumbnail","hentry","product_cat-livres","product_tag-communica-tion","product_tag-ecoute","product_tag-entretien","product_tag-methode","product_tag-methodologie","product_tag-personne-handicapee","product_tag-relation-parent-intervenant"],"jetpack_sharing_enabled":true,"jetpack_likes_enabled":true,"_links":{"self":[{"href":"https:\/\/www.parthages.be\/eboutique\/wp-json\/wp\/v2\/product\/1192","targetHints":{"allow":["GET"]}}],"collection":[{"href":"https:\/\/www.parthages.be\/eboutique\/wp-json\/wp\/v2\/product"}],"about":[{"href":"https:\/\/www.parthages.be\/eboutique\/wp-json\/wp\/v2\/types\/product"}],"replies":[{"embeddable":true,"href":"https:\/\/www.parthages.be\/eboutique\/wp-json\/wp\/v2\/comments?post=1192"}],"wp:featuredmedia":[{"embeddable":true,"href":"https:\/\/www.parthages.be\/eboutique\/wp-json\/wp\/v2\/media\/1193"}],"wp:attachment":[{"href":"https:\/\/www.parthages.be\/eboutique\/wp-json\/wp\/v2\/media?parent=1192"}],"curies":[{"name":"wp","href":"https:\/\/api.w.org\/{rel}","templated":true}]}}