{"id":1195,"date":"2021-06-09T20:28:44","date_gmt":"2021-06-09T18:28:44","guid":{"rendered":"https:\/\/www.parthages.be\/eboutique\/?post_type=product&#038;p=1195"},"modified":"2021-06-24T07:13:25","modified_gmt":"2021-06-24T05:13:25","slug":"pnl-et-relation-daide","status":"publish","type":"product","link":"https:\/\/www.parthages.be\/eboutique\/produit\/pnl-et-relation-daide\/","title":{"rendered":"PNL et relation d&rsquo;aide"},"content":{"rendered":"<p>La relation d&rsquo;aide a plus que jamais le vent en poupe. L&rsquo;offre d&rsquo;aide psychologique ne cesse d&rsquo;augmenter, tant sur le plan social qu&rsquo;au niveau de la sph\u00e8re priv\u00e9e, par la multiplicit\u00e9 des propositions de psychoth\u00e9rapies et d&rsquo;accompagnement personnel. Cette multiplicit\u00e9 d&rsquo;offres d\u00e9borde \u00e9galement dans le monde du travail pour lequel nous b\u00e9n\u00e9ficions aujourd&rsquo;hui de modalit\u00e9s d&rsquo;accompagnement de l&rsquo;individu en situation professionnelle, le coaching.<\/p>\n<p>Mais la relation d&rsquo;aide n&rsquo;est pas le domaine r\u00e9serv\u00e9 des psy ou des coachs, les professionnels de l&rsquo;accompagnement le savent bien: les \u00e9ducateurs sp\u00e9cialis\u00e9s, les infirmi\u00e8res les assistantes sociales, etc. Tous ces professionnels pratiquent au quotidien la relation d&rsquo;aide avec les personnes qu&rsquo;ils prennent en charge.<\/p>\n<p>L&rsquo;objectif de cet ouvrage vise \u00e0 mettre dans un premier temps la notion d&rsquo;accompagnement en perspective par rapport \u00e0 la relation d&rsquo;aide. Dans un second temps, il d\u00e9crit une approche singuli\u00e8re: la Programmation neuro-linguistique. Cette Programmation propose de v\u00e9ritables pistes d&rsquo;accompagnement qui sont utilisables dans tous les secteurs de la relation d&rsquo;aide.<\/p>\n<p>Les professionnels de l&rsquo;accompagnement pourront trouver dans ces pages des outils de Programmation neuro-linguistique ainsi que leurs indications et des exemples d&rsquo;utilisation. (Pr\u00e9sentation de l\u2019\u00e9diteur)<\/p>\n<p>FEREY J-M.<\/p>\n<p>Chronique Sociales<\/p>\n<p>2009-216p.-16.90\u20ac<\/p>\n<p>318gr<\/p>\n<p>ISBN\u00a0: 978-2-85008-785-1<\/p>\n<p>Cote doc\u00a0:10-20-FER-P<\/p>\n<span class=\"et_bloom_bottom_trigger\"><\/span>","protected":false},"excerpt":{"rendered":"<p>La relation d&rsquo;aide a plus que jamais le vent en poupe. L&rsquo;offre d&rsquo;aide psychologique ne cesse d&rsquo;augmenter, tant sur le plan social qu&rsquo;au niveau de la sph\u00e8re priv\u00e9e, par la multiplicit\u00e9 des propositions de psychoth\u00e9rapies et d&rsquo;accompagnement personnel.<\/p>\n","protected":false},"featured_media":1196,"comment_status":"open","ping_status":"closed","template":"","meta":{"_et_pb_use_builder":"","_et_pb_old_content":"","_et_gb_content_width":"","spay_email":""},"class_list":["post-1195","product","type-product","status-publish","has-post-thumbnail","hentry","product_cat-livres","product_tag-accompagnement","product_tag-ecoute","product_tag-outil","product_tag-pnl","product_tag-processus","product_tag-relation-daide","product_tag-structure"],"jetpack_sharing_enabled":true,"jetpack_likes_enabled":true,"_links":{"self":[{"href":"https:\/\/www.parthages.be\/eboutique\/wp-json\/wp\/v2\/product\/1195","targetHints":{"allow":["GET"]}}],"collection":[{"href":"https:\/\/www.parthages.be\/eboutique\/wp-json\/wp\/v2\/product"}],"about":[{"href":"https:\/\/www.parthages.be\/eboutique\/wp-json\/wp\/v2\/types\/product"}],"replies":[{"embeddable":true,"href":"https:\/\/www.parthages.be\/eboutique\/wp-json\/wp\/v2\/comments?post=1195"}],"wp:featuredmedia":[{"embeddable":true,"href":"https:\/\/www.parthages.be\/eboutique\/wp-json\/wp\/v2\/media\/1196"}],"wp:attachment":[{"href":"https:\/\/www.parthages.be\/eboutique\/wp-json\/wp\/v2\/media?parent=1195"}],"curies":[{"name":"wp","href":"https:\/\/api.w.org\/{rel}","templated":true}]}}