{"id":12,"date":"2012-09-24T11:37:53","date_gmt":"2012-09-24T09:37:53","guid":{"rendered":"https:\/\/www.parthages.be\/wordpress\/produit\/la-positive-solitude\/"},"modified":"2025-04-29T13:34:24","modified_gmt":"2025-04-29T11:34:24","slug":"la-positive-solitude","status":"publish","type":"product","link":"https:\/\/www.parthages.be\/eboutique\/produit\/la-positive-solitude\/","title":{"rendered":"La positive solitude"},"content":{"rendered":"<p>Pour la plupart des gens, la solitude est synonyme d\u2019une douloureuse sensation d\u2019isolement. Lorsqu\u2019elle est subie, elle est v\u00e9cue comme un abandon, une exclusion, un rejet. On peut aussi choisir d\u2019\u00eatre seul, d\u2019am\u00e9nager pour soi des espaces et des temps o\u00f9 l\u2019on est face \u00e0 soi-m\u00eame. Pour le plaisir, d\u2019autres que ceux qu\u2019on partage avec autrui\u00a0; pour prendre soin de soi ou bien simplement pour respecter son propre rythme de vie, ses propres besoins individuels. Mais beaucoup d\u2019entre nous ne sont pas pr\u00e9par\u00e9s \u00e0 faire usage de cette libert\u00e9. Ceux-l\u00e0 paient plus ou moins cher de ne pouvoir assouvir leurs d\u00e9sirs qu\u2019\u00e0 travers\u00a0les autres. Il faut alors donner pour recevoir. Les \u00e9changes pourraient \u00eatre \u00e9quitables mais ils ne le sont pas toujours. Ainsi pour \u00e9chapper co\u00fbte que co\u00fbte \u00e0 la tr\u00e8s redout\u00e9e solitude, on peut \u00eatre amen\u00e9 \u00e0 confondre compromis et compromission. La sagesse populaire sugg\u00e8re qu\u2019il vaut mieux \u00eatre seul que mal accompagn\u00e9. On peut certes par d\u00e9pit, subir et go\u00fbter l\u2019amertume de la n\u00e9gative solitude. \u00c0 l\u2019inverse, l\u2019auteur vous propose d\u2019explorer activement la positive solitude. Il est question d\u2019un apprivoisement de soi qui n\u00e9cessite une exposition progressive \u00e0 certaines de nos peurs, celles-l\u00e0 m\u00eame qui contribuent \u00e0 une fuite de soi. \u00catre en paix avec soi-m\u00eame est une condition majeure pour aller \u00e0 la rencontre des autres paisiblement. Bonne lecture solitaire\u00a0! (Pr\u00e9sentation de l\u2019\u00e9diteur)<\/p>\n<p>MAGNIN H.<\/p>\n<p>Editions Jouvence<\/p>\n<p>2010-63p-4.95\u20ac<\/p>\n<p>82gr<\/p>\n<p>ISBN\u00a0: 978-2-88353-861-0<\/p>\n<p>Cote doc\u00a0: 3-10-MAG-P<\/p>\n<span class=\"et_bloom_bottom_trigger\"><\/span>","protected":false},"excerpt":{"rendered":"<p>Pour la plupart des gens, la solitude est synonyme d\u2019une douloureuse sensation d\u2019isolement.<\/p>\n","protected":false},"featured_media":2463,"comment_status":"open","ping_status":"closed","template":"","meta":{"_et_pb_use_builder":"","_et_pb_old_content":"","_et_gb_content_width":"","spay_email":""},"class_list":["post-12","product","type-product","status-publish","has-post-thumbnail","hentry","product_cat-livres","product_tag-bien-etre","product_tag-epanouissement-personnel","product_tag-liberte","product_tag-outil","product_tag-positivisme","product_tag-solitude","product_tag-technique-de-developpement-perso"],"jetpack_sharing_enabled":true,"jetpack_likes_enabled":true,"_links":{"self":[{"href":"https:\/\/www.parthages.be\/eboutique\/wp-json\/wp\/v2\/product\/12","targetHints":{"allow":["GET"]}}],"collection":[{"href":"https:\/\/www.parthages.be\/eboutique\/wp-json\/wp\/v2\/product"}],"about":[{"href":"https:\/\/www.parthages.be\/eboutique\/wp-json\/wp\/v2\/types\/product"}],"replies":[{"embeddable":true,"href":"https:\/\/www.parthages.be\/eboutique\/wp-json\/wp\/v2\/comments?post=12"}],"wp:featuredmedia":[{"embeddable":true,"href":"https:\/\/www.parthages.be\/eboutique\/wp-json\/wp\/v2\/media\/2463"}],"wp:attachment":[{"href":"https:\/\/www.parthages.be\/eboutique\/wp-json\/wp\/v2\/media?parent=12"}],"curies":[{"name":"wp","href":"https:\/\/api.w.org\/{rel}","templated":true}]}}