{"id":120,"date":"2012-09-24T11:37:53","date_gmt":"2012-09-24T09:37:53","guid":{"rendered":"https:\/\/www.parthages.be\/wordpress\/produit\/une-epee-dans-la-brume-syndrome-d-asperger-et-espoir\/"},"modified":"2022-06-07T08:25:54","modified_gmt":"2022-06-07T06:25:54","slug":"une-epee-dans-la-brume-syndrome-d-asperger-et-espoir","status":"publish","type":"product","link":"https:\/\/www.parthages.be\/eboutique\/produit\/une-epee-dans-la-brume-syndrome-d-asperger-et-espoir\/","title":{"rendered":"Une \u00e9p\u00e9e dans la brume, Syndrome d&rsquo;Asperger et espoir"},"content":{"rendered":"<p>C\u2019est \u00e0 l\u2019\u00e2ge de 14 ans que le syndrome d\u2019Asperger a \u00e9t\u00e9 diagnostiqu\u00e9 chez elle. Il s\u2019agit d\u2019une forme sp\u00e9cifique de l\u2019autisme, qui touche la communication et les interactions sociales r\u00e9ciproques, une diff\u00e9rence rare et invisible qui affecte 1 personne sur 20 000, selon les chiffres officiels. Des personnalit\u00e9s c\u00e9l\u00e8bres en pr\u00e9sentaient les sympt\u00f4mes : Jefferson, Einstein, Glenn Gould, Hitchcock ou Bill Gates\u2026<\/p>\n<p>Nicole Damaggio retrace dans cet essai les premi\u00e8res ann\u00e9es de sa fille et ses interrogations douloureuses devant son comportement atypique : une enfant indubitablement intelligente, au langage exceptionnel, mais qui n\u2019interagit quasiment pas avec les autres et ne fait preuve d\u2019aucune initiative. Elle invente alors une m\u00e9thode qui permettra \u00e0 Anneclaire d\u2019acqu\u00e9rir les apprentissages qui lui manquent, par des exercices r\u00e9p\u00e9t\u00e9s et des jeux de r\u00f4le. D\u00e8s lors, \u00e0 force de volont\u00e9, et gr\u00e2ce aussi \u00e0 la d\u00e9termination de sa m\u00e8re qui la \u00ab coache \u00bb, Anneclaire \u00e9volue vers l\u2019autonomie, en d\u00e9pit de l\u2019hostilit\u00e9 souvent rencontr\u00e9e.<\/p>\n<p>L\u2019auteur t\u00e9moigne de son exp\u00e9rience dans une famille chamboul\u00e9e et de son combat pour sauver sa fille : la pr\u00e9server de l\u2019exclusion et des \u00e9tiquettes stigmatisantes. Elle nous fait comprendre la diff\u00e9rence au quotidien et le myst\u00e8re du handicap invisible. Mais tout semble possible \u00e0 un Asperger avec une aide humaine et performante, et une m\u00e9thode adapt\u00e9e. Ce livre \u00e0 deux voix donne la parole \u00e0 Anneclaire, qui y livre sa vision du monde et de sa diff\u00e9rence, une vision \u00e0 la fois po\u00e9tique et philosophique.<\/p>\n<p>Le but de cet ouvrage est de battre en br\u00e8che la d\u00e9tresse et l\u2019isolement psychologique des parents d\u2019Asperger. De contribuer \u00e0 int\u00e9grer positivement la diff\u00e9rence pour la dignit\u00e9 des Asperger et leur insertion dans notre soci\u00e9t\u00e9. Mais tout reste \u00e0 faire en France. A condition de savoir associer singularit\u00e9 et espoir.<\/p>\n<p>DAMAGGIO N.<\/p>\n<p>Anne Carri\u00e8re<\/p>\n<p>2011-320p<\/p>\n<p>ISBN\u00a0: 978-2-8433-7612-2<\/p>\n<p>Cote doc\u00a0: 1-70-DAM-E<\/p>\n<p><strong><em>Uniquement \u00e0 la location<\/em><\/strong><\/p>\n<span class=\"et_bloom_bottom_trigger\"><\/span>","protected":false},"excerpt":{"rendered":"<p>C\u2019est \u00e0 l\u2019\u00e2ge de 14 ans que le syndrome d\u2019Asperger a \u00e9t\u00e9 diagnostiqu\u00e9 chez elle.<\/p>\n","protected":false},"featured_media":119,"comment_status":"open","ping_status":"closed","template":"","meta":{"_et_pb_use_builder":"","_et_pb_old_content":"","_et_gb_content_width":"","spay_email":""},"class_list":["post-120","product","type-product","status-publish","has-post-thumbnail","hentry","product_cat-livres","product_tag-autisme","product_tag-autonomie","product_tag-difference","product_tag-humour","product_tag-methodologie","product_tag-recit-de-vie","product_tag-strategie","product_tag-syndrome-dasperger"],"jetpack_sharing_enabled":true,"jetpack_likes_enabled":true,"_links":{"self":[{"href":"https:\/\/www.parthages.be\/eboutique\/wp-json\/wp\/v2\/product\/120","targetHints":{"allow":["GET"]}}],"collection":[{"href":"https:\/\/www.parthages.be\/eboutique\/wp-json\/wp\/v2\/product"}],"about":[{"href":"https:\/\/www.parthages.be\/eboutique\/wp-json\/wp\/v2\/types\/product"}],"replies":[{"embeddable":true,"href":"https:\/\/www.parthages.be\/eboutique\/wp-json\/wp\/v2\/comments?post=120"}],"wp:featuredmedia":[{"embeddable":true,"href":"https:\/\/www.parthages.be\/eboutique\/wp-json\/wp\/v2\/media\/119"}],"wp:attachment":[{"href":"https:\/\/www.parthages.be\/eboutique\/wp-json\/wp\/v2\/media?parent=120"}],"curies":[{"name":"wp","href":"https:\/\/api.w.org\/{rel}","templated":true}]}}