{"id":1206,"date":"2021-06-24T07:15:47","date_gmt":"2021-06-24T05:15:47","guid":{"rendered":"https:\/\/www.parthages.be\/eboutique\/?post_type=product&#038;p=1206"},"modified":"2021-06-24T07:15:47","modified_gmt":"2021-06-24T05:15:47","slug":"techniques-dimpact-en-psychotherapie-relation-daide-et-sante-mentale","status":"publish","type":"product","link":"https:\/\/www.parthages.be\/eboutique\/produit\/techniques-dimpact-en-psychotherapie-relation-daide-et-sante-mentale\/","title":{"rendered":"Techniques d&rsquo;impact en psychoth\u00e9rapie &#8211; relation d&rsquo;aide et sant\u00e9 mentale"},"content":{"rendered":"<p>Le but de ce livre n&rsquo;est pas de pr\u00e9senter les th\u00e9ories de base de l&rsquo;approche de la Th\u00e9rapie d&rsquo;Impact ni de traiter ni de traiter des th\u00e9ories sous-jacentes aux probl\u00e9matiques d\u00e9crites. Il se limite aux Techniques d&rsquo;Impact. L&rsquo;objectif de fournir des id\u00e9es innovatrices une h\u00e9t\u00e9rog\u00e9n\u00e9it\u00e9 d&rsquo;outils pour engager le client et le th\u00e9rapeute dans un processus th\u00e9rapeutique d&rsquo;une mani\u00e8re synergique, accessible, dynamique et efficace. Chacun y trouvera une mani\u00e8re d&rsquo;adapter les exemples pr\u00e9sent\u00e9s en fonction de ses besoins sp\u00e9cifiques. Ces techniques d&rsquo;Impact sont divis\u00e9es en 6 chapitres techniques utilisant des objets, des mouvements, des m\u00e9taphores et fantaisies mentales, l&rsquo;expression, l&rsquo;\u00e9criture et des graphiques. Cette th\u00e9rapie d&rsquo;Impact d\u00e9fie certains fondements axiomatiques de la psychoth\u00e9rapie.<\/p>\n<p>Excellent livre tr\u00e8s vivant . L&rsquo;envie de le lire et de s&rsquo;inspirer de ces techniques dans le cadre des activit\u00e9s d&rsquo;accompagnateurs d&rsquo;adultes handicap\u00e9s d&rsquo;\u00e9ducateurs sociaux sont indiscutables. Ces mises en situation permettent de trouver de riches id\u00e9es pour am\u00e9liorer leurs interventions aupr\u00e8s de personnes fragilis\u00e9es. Les exemples sont parlants anim\u00e9s par des illustrations. Langage clair et simple. (Pr\u00e9sentation de l&rsquo;\u00e9diteur)<\/p>\n<p>DANIE BAULIEU PH.D.<\/p>\n<p>Editions Academie Impact<\/p>\n<p>2002- 310p.-24.90\u20ac<\/p>\n<p>745gr<\/p>\n<p>ISBN\u00a0: 2-922762-24-6<\/p>\n<p>Cote doc\u00a0:10-20-BEA-T<\/p>\n<span class=\"et_bloom_bottom_trigger\"><\/span>","protected":false},"excerpt":{"rendered":"<p>Le but de ce livre n&rsquo;est pas de pr\u00e9senter les th\u00e9ories de base de l&rsquo;approche de la Th\u00e9rapie d&rsquo;Impact ni de traiter ni de traiter des th\u00e9ories sous-jacentes aux probl\u00e9matiques d\u00e9crites. Il se limite aux Techniques d&rsquo;Impact. L&rsquo;objectif de fournir des id\u00e9es innovatrices une h\u00e9t\u00e9rog\u00e9n\u00e9it\u00e9 d&rsquo;outils pour engager le client et le th\u00e9rapeute dans un [&hellip;]<\/p>\n","protected":false},"featured_media":1207,"comment_status":"open","ping_status":"closed","template":"","meta":{"_et_pb_use_builder":"","_et_pb_old_content":"","_et_gb_content_width":"","spay_email":""},"class_list":["post-1206","product","type-product","status-publish","has-post-thumbnail","hentry","product_cat-livres","product_tag-adolescent","product_tag-adulte","product_tag-enfant","product_tag-evaluation","product_tag-methodolo-gie","product_tag-outil-devaluation","product_tag-psychotherapie","product_tag-quebec","product_tag-relation-daide","product_tag-sante-mentale","product_tag-technologie","product_tag-therapeutique"],"jetpack_sharing_enabled":true,"jetpack_likes_enabled":true,"_links":{"self":[{"href":"https:\/\/www.parthages.be\/eboutique\/wp-json\/wp\/v2\/product\/1206","targetHints":{"allow":["GET"]}}],"collection":[{"href":"https:\/\/www.parthages.be\/eboutique\/wp-json\/wp\/v2\/product"}],"about":[{"href":"https:\/\/www.parthages.be\/eboutique\/wp-json\/wp\/v2\/types\/product"}],"replies":[{"embeddable":true,"href":"https:\/\/www.parthages.be\/eboutique\/wp-json\/wp\/v2\/comments?post=1206"}],"wp:featuredmedia":[{"embeddable":true,"href":"https:\/\/www.parthages.be\/eboutique\/wp-json\/wp\/v2\/media\/1207"}],"wp:attachment":[{"href":"https:\/\/www.parthages.be\/eboutique\/wp-json\/wp\/v2\/media?parent=1206"}],"curies":[{"name":"wp","href":"https:\/\/api.w.org\/{rel}","templated":true}]}}