{"id":1208,"date":"2021-06-24T07:17:46","date_gmt":"2021-06-24T05:17:46","guid":{"rendered":"https:\/\/www.parthages.be\/eboutique\/?post_type=product&#038;p=1208"},"modified":"2021-06-24T07:17:47","modified_gmt":"2021-06-24T05:17:47","slug":"passing","status":"publish","type":"product","link":"https:\/\/www.parthages.be\/eboutique\/produit\/passing\/","title":{"rendered":"PASSING"},"content":{"rendered":"<p><strong>Programme d&rsquo;analyse des syst\u00e8mes de services\u00a0 Application des buts de la valorisation des r\u00f4les sociaux (une m\u00e9thode pour \u00e9valuer la qualit\u00e9 des services humains selon le principe de la valorisation des r\u00f4les sociaux)\u00a0\u00a0 Manuel des crit\u00e8res et des mesures de la valorisation des r\u00f4les sociaux\u00a0 2i\u00e8me \u00e9dition<\/strong><\/p>\n<p>PASSING est le sigle de \u00ab\u00a0Program Analysis of Service Systems Implementation of Normalization Goals.\u00a0 PASS et PASSING sont des instruments de mesure quantitative et objective de la qualit\u00e9 d&rsquo;une vaste gamme de programmes, d&rsquo;agences et m\u00eame de services humains.\u00a0 Le PASSING mesure la qualit\u00e9 du service\u00a0 seulement en ce qui concerne son application de la valorisation des r\u00f4les sociaux\u00a0 et s&rsquo;applique \u00e0 peu pr\u00e8s \u00e0 tous\u00a0 les types de services humains (\u00e9ducatif, de travail, r\u00e9sidentiel, m\u00e9dical, de consultation, juridique, r\u00e9adaptatif, etc.). (Pr\u00e9sentation de l&rsquo;\u00e9diteur)<\/p>\n<p>WOLFENSBERGER W.- THOMAS S.<\/p>\n<p>Communications Opell Inc.,Institut G. Allan Roeher<\/p>\n<p>1998-465p.<\/p>\n<p>ISBN: 0-96693461-0-7<\/p>\n<p>UNIQUEMENT A LA LOCATION<\/p>\n<p>Cote doc: 10-10-WOL-P<\/p>\n<span class=\"et_bloom_bottom_trigger\"><\/span>","protected":false},"excerpt":{"rendered":"<p>Programme d&rsquo;analyse des syst\u00e8mes de services\u00a0 Application des buts de la valorisation des r\u00f4les sociaux (une m\u00e9thode pour \u00e9valuer la qualit\u00e9 des services humains selon le principe de la valorisation des r\u00f4les sociaux)\u00a0\u00a0 Manuel des crit\u00e8res et des mesures de la valorisation des r\u00f4les sociaux\u00a0 2i\u00e8me \u00e9dition PASSING est le sigle de \u00ab\u00a0Program Analysis of [&hellip;]<\/p>\n","protected":false},"featured_media":1209,"comment_status":"open","ping_status":"closed","template":"","meta":{"_et_pb_use_builder":"","_et_pb_old_content":"","_et_gb_content_width":"","spay_email":""},"class_list":["post-1208","product","type-product","status-publish","has-post-thumbnail","hentry","product_cat-livres","product_tag-culture","product_tag-evaluation","product_tag-institution","product_tag-outil-devaluation","product_tag-personne-handicapee","product_tag-qualite","product_tag-qualite-de-service","product_tag-representation-du-handicap","product_tag-role-social","product_tag-service","product_tag-valorisation"],"jetpack_sharing_enabled":true,"jetpack_likes_enabled":true,"_links":{"self":[{"href":"https:\/\/www.parthages.be\/eboutique\/wp-json\/wp\/v2\/product\/1208","targetHints":{"allow":["GET"]}}],"collection":[{"href":"https:\/\/www.parthages.be\/eboutique\/wp-json\/wp\/v2\/product"}],"about":[{"href":"https:\/\/www.parthages.be\/eboutique\/wp-json\/wp\/v2\/types\/product"}],"replies":[{"embeddable":true,"href":"https:\/\/www.parthages.be\/eboutique\/wp-json\/wp\/v2\/comments?post=1208"}],"wp:featuredmedia":[{"embeddable":true,"href":"https:\/\/www.parthages.be\/eboutique\/wp-json\/wp\/v2\/media\/1209"}],"wp:attachment":[{"href":"https:\/\/www.parthages.be\/eboutique\/wp-json\/wp\/v2\/media?parent=1208"}],"curies":[{"name":"wp","href":"https:\/\/api.w.org\/{rel}","templated":true}]}}