{"id":1212,"date":"2021-06-24T07:23:00","date_gmt":"2021-06-24T05:23:00","guid":{"rendered":"https:\/\/www.parthages.be\/eboutique\/?post_type=product&#038;p=1212"},"modified":"2021-06-24T07:26:20","modified_gmt":"2021-06-24T05:26:20","slug":"pratiquer-le-groupe-daccompagnement-une-chance-pour-la-personne-une-necessite-sociale","status":"publish","type":"product","link":"https:\/\/www.parthages.be\/eboutique\/produit\/pratiquer-le-groupe-daccompagnement-une-chance-pour-la-personne-une-necessite-sociale\/","title":{"rendered":"Pratiquer le groupe d\u2019accompagnement. Une chance pour la personne. Une n\u00e9cessit\u00e9 sociale"},"content":{"rendered":"<p>Diversifier les pratiques d&rsquo;accompagnement pour r\u00e9pondre de mani\u00e8re ajust\u00e9e aux multiples attentes des personnes est n\u00e9cessaire. Donner toute sa place au groupe d&rsquo;accompagnement comme pratique, \u00e0 c\u00f4t\u00e9 de l&rsquo;entretien, pratique ancienne et largement reconnue est indispensable.<\/p>\n<p>La proposition de ce livre est de contribuer \u00e0 cr\u00e9er les conditions d&rsquo;une culture de l&rsquo;accompagnement \u00e0 tous les \u00e2ges de la vie. Il s&rsquo;adresse donc \u00e0 tout animateur qui, en n&rsquo;importe quel champ social et professionnel (l&rsquo;\u00e9cole, la formation professionnelle, la sant\u00e9, le social, la justice, le travail, la spiritualit\u00e9&#8230; etc.) a le projet &#8211; personnel et collectif &#8211; de s&rsquo;engager dans la pratique du groupe d&rsquo;accompagnement.<\/p>\n<p>Cet ouvrage pr\u00e9cise:<\/p>\n<p>&#8211; le cadre fonctionnel et \u00e9thique \u00e0 mettre en \u0153uvre;<\/p>\n<p>&#8211; la double fonction de l&rsquo;animateur-accompagnateur = animer et accompagner;<\/p>\n<p>&#8211; le travail concret de l&rsquo;animateur-accompagnateur;<\/p>\n<p>&#8211; des propositions d&rsquo;exercices centr\u00e9s sur la personne, sur le groupe.<\/p>\n<p>(Pr\u00e9sentation de l&rsquo;\u00e9diteur)<\/p>\n<p>&nbsp;<\/p>\n<p>WIEL G.<\/p>\n<p>Chronique sociale<\/p>\n<p>2014-112p-12.50\u20ac<\/p>\n<p>165gr<\/p>\n<p>ISBN\u00a0978-2-36717-096-1<\/p>\n<p>Cote doc\u00a0: 10-10-WIE-P<\/p>\n<span class=\"et_bloom_bottom_trigger\"><\/span>","protected":false},"excerpt":{"rendered":"<p>Diversifier les pratiques d&rsquo;accompagnement pour r\u00e9pondre de mani\u00e8re ajust\u00e9e aux multiples attentes des personnes est n\u00e9cessaire. Donner toute sa place au groupe d&rsquo;accompagnement comme pratique, \u00e0 c\u00f4t\u00e9 de l&rsquo;entretien, pratique ancienne et largement reconnue est indispensable. La proposition de ce livre est de contribuer \u00e0 cr\u00e9er les conditions d&rsquo;une culture de l&rsquo;accompagnement \u00e0 tous les [&hellip;]<\/p>\n","protected":false},"featured_media":1213,"comment_status":"open","ping_status":"closed","template":"","meta":{"_et_pb_use_builder":"","_et_pb_old_content":"","_et_gb_content_width":"","spay_email":""},"class_list":["post-1212","product","type-product","status-publish","has-post-thumbnail","hentry","product_cat-livres","product_tag-accompagnement","product_tag-activite-de-groupe","product_tag-analyse-structrelle","product_tag-cadre","product_tag-ethique","product_tag-fonctionnement","product_tag-personne-en-difficulte","product_tag-relation-daide"],"jetpack_sharing_enabled":true,"jetpack_likes_enabled":true,"_links":{"self":[{"href":"https:\/\/www.parthages.be\/eboutique\/wp-json\/wp\/v2\/product\/1212","targetHints":{"allow":["GET"]}}],"collection":[{"href":"https:\/\/www.parthages.be\/eboutique\/wp-json\/wp\/v2\/product"}],"about":[{"href":"https:\/\/www.parthages.be\/eboutique\/wp-json\/wp\/v2\/types\/product"}],"replies":[{"embeddable":true,"href":"https:\/\/www.parthages.be\/eboutique\/wp-json\/wp\/v2\/comments?post=1212"}],"wp:featuredmedia":[{"embeddable":true,"href":"https:\/\/www.parthages.be\/eboutique\/wp-json\/wp\/v2\/media\/1213"}],"wp:attachment":[{"href":"https:\/\/www.parthages.be\/eboutique\/wp-json\/wp\/v2\/media?parent=1212"}],"curies":[{"name":"wp","href":"https:\/\/api.w.org\/{rel}","templated":true}]}}