{"id":1214,"date":"2021-06-24T07:25:15","date_gmt":"2021-06-24T05:25:15","guid":{"rendered":"https:\/\/www.parthages.be\/eboutique\/?post_type=product&#038;p=1214"},"modified":"2021-06-24T07:25:16","modified_gmt":"2021-06-24T05:25:16","slug":"evaluation-et-intervention-aupres-des-comportements-defis-deficience-intellectuelle-et-ou-autisme","status":"publish","type":"product","link":"https:\/\/www.parthages.be\/eboutique\/produit\/evaluation-et-intervention-aupres-des-comportements-defis-deficience-intellectuelle-et-ou-autisme\/","title":{"rendered":"\u00c9valuation et intervention aupr\u00e8s des comportements-d\u00e9fis : d\u00e9ficience intellectuelle et ou autisme"},"content":{"rendered":"<p>La pr\u00e9sence de comportements-probl\u00e8mes graves (aujourd&rsquo;hui parfois appel\u00e9s \u00ab\u00a0comportements-d\u00e9fis\u00a0\u00bb) chez les personnes pr\u00e9sentant une d\u00e9ficience intellectuelle et\/ ou de l&rsquo;autisme engendre bien souvent un sentiment d&rsquo;incompr\u00e9hension, voire d&rsquo;impuissance, chez les membres de leur environnement.<\/p>\n<p>Ce sentiment est tel que, dans de nombreux cas, l&rsquo;intensit\u00e9 de ces comportements conduit \u00e0 une exclusion sociale ou, dans d&rsquo;autres cas, \u00e0 des conditions de maltraitance.<\/p>\n<p>Le pr\u00e9sent ouvrage offre un mod\u00e8le de compr\u00e9hension actuel de cette probl\u00e9matique et dresse un \u00e9ventail des diff\u00e9rentes strat\u00e9gies d&rsquo;intervention disponibles, d\u00e9bouchant sur un outil d&rsquo;\u00e9valuation fonctionnelle int\u00e9gr\u00e9 \u00e0 un logiciel permettant l&rsquo;\u00e9dition de rapport ou le traitement des donn\u00e9es. (Pr\u00e9sentation de l&rsquo;\u00e9diteur)<\/p>\n<p>MAGEROTTE G.- WILLAYE E.<\/p>\n<p>Editions De Boeck Universit\u00e9<\/p>\n<p>2008-378p-45\u20ac<\/p>\n<p>632gr<\/p>\n<p>ISBN \u00a0 978-2-8041-5675-6<br \/>\nCote doc\u00a010-10-WIL-E<\/p>\n<span class=\"et_bloom_bottom_trigger\"><\/span>","protected":false},"excerpt":{"rendered":"<p>La pr\u00e9sence de comportements-probl\u00e8mes graves (aujourd&rsquo;hui parfois appel\u00e9s \u00ab\u00a0comportements-d\u00e9fis\u00a0\u00bb) chez les personnes pr\u00e9sentant une d\u00e9ficience intellectuelle et\/ ou de l&rsquo;autisme engendre bien souvent un sentiment d&rsquo;incompr\u00e9hension, voire d&rsquo;impuissance, chez les membres de leur environnement. Ce sentiment est tel que, dans de nombreux cas, l&rsquo;intensit\u00e9 de ces comportements conduit \u00e0 une exclusion sociale ou, dans d&rsquo;autres [&hellip;]<\/p>\n","protected":false},"featured_media":1215,"comment_status":"open","ping_status":"closed","template":"","meta":{"_et_pb_use_builder":"","_et_pb_old_content":"","_et_gb_content_width":"","spay_email":""},"class_list":["post-1214","product","type-product","status-publish","has-post-thumbnail","hentry","product_cat-livres","product_tag-autisme","product_tag-communication","product_tag-deficience-intellectuelle","product_tag-interaction","product_tag-outil-devaluation","product_tag-psychiatrie","product_tag-therapeutique","product_tag-violence"],"jetpack_sharing_enabled":true,"jetpack_likes_enabled":true,"_links":{"self":[{"href":"https:\/\/www.parthages.be\/eboutique\/wp-json\/wp\/v2\/product\/1214","targetHints":{"allow":["GET"]}}],"collection":[{"href":"https:\/\/www.parthages.be\/eboutique\/wp-json\/wp\/v2\/product"}],"about":[{"href":"https:\/\/www.parthages.be\/eboutique\/wp-json\/wp\/v2\/types\/product"}],"replies":[{"embeddable":true,"href":"https:\/\/www.parthages.be\/eboutique\/wp-json\/wp\/v2\/comments?post=1214"}],"wp:featuredmedia":[{"embeddable":true,"href":"https:\/\/www.parthages.be\/eboutique\/wp-json\/wp\/v2\/media\/1215"}],"wp:attachment":[{"href":"https:\/\/www.parthages.be\/eboutique\/wp-json\/wp\/v2\/media?parent=1214"}],"curies":[{"name":"wp","href":"https:\/\/api.w.org\/{rel}","templated":true}]}}