{"id":122,"date":"2012-09-24T11:37:53","date_gmt":"2012-09-24T09:37:53","guid":{"rendered":"https:\/\/www.parthages.be\/wordpress\/produit\/aujourd-hui-j-arrete-de-tout-remettre-a-demain\/"},"modified":"2022-03-01T14:06:35","modified_gmt":"2022-03-01T13:06:35","slug":"aujourd-hui-j-arrete-de-tout-remettre-a-demain","status":"publish","type":"product","link":"https:\/\/www.parthages.be\/eboutique\/produit\/aujourd-hui-j-arrete-de-tout-remettre-a-demain\/","title":{"rendered":"Aujourd&rsquo;hui, j&rsquo;arr\u00eate de tout remettre \u00e0 demain"},"content":{"rendered":"<p>Avez-vous tendance \u00e0 reporter ou repousser ind\u00e9finiment vos obligations ? La r\u00e9ponse est oui ! Pourquoi ? Parce que tous les \u00eatres humains le font&#8230; plus ou moins.Et si vous lisez ce livre, c&rsquo;est que vous \u00eates plus concern\u00e9(e) que les autres par cet \u00e9trange comportement&#8230;<\/p>\n<p>Mais d&rsquo;abord qu&rsquo;est-ce que la procrastination ? Une manie ? Une maladie ? Un \u00ab\u00a0d\u00e9faut\u00a0\u00bb ? Une d\u00e9viance ? Un trouble ? Ou quoi d&rsquo;autre encore ?<\/p>\n<p>Nous d\u00e9finirons la procrastination de fa\u00e7on simple afin de mieux la comprendre et de mieux la combattre&#8230;<\/p>\n<p>Dans quels domaines avez-vous tendance \u00e0 procrastiner ?<\/p>\n<p>Vous le d\u00e9couvrirez en faisant les petits tests de la premi\u00e8re partie. Cela devrait vous aider \u00e0 comprendre et \u00e0 relativiser.<\/p>\n<p>Pourquoi procrastinez-vous ?<\/p>\n<p>En d\u00e9couvrant les causes de votre procrastination, vous progressez encore d&rsquo;un pas suppl\u00e9mentaire et reprenez un peu plus le contr\u00f4le de votre vie&#8230;<\/p>\n<p>Comment arr\u00eater de procrastiner ? Ou du moins comment diminuer cette tendance un peu g\u00eanante, voire destructrice ?<\/p>\n<p>Vous d\u00e9couvrirez des dizaines de solutions nouvelles ou d\u00e9j\u00e0 exp\u00e9riment\u00e9es. Libre \u00e0 vous de piocher ensuite dans cette boite \u00e0 outils&#8230;<\/p>\n<p>Au menu de ce petit livre r\u00e9solument pratique : des tests, des questions, des r\u00e9flexions, des anecdotes et des citations.(Pr\u00e9sentation de l\u2019\u00e9diteur)<\/p>\n<p>RAS P.<\/p>\n<p>2011-63p.-4.95\u20ac<\/p>\n<p>80gr<\/p>\n<p>ISBN\u00a0: 978-2-88353-891-7<\/p>\n<p>Cote doc\u00a0: 3-10-RAS-A<\/p>\n<span class=\"et_bloom_bottom_trigger\"><\/span>","protected":false},"excerpt":{"rendered":"<p>Avez-vous tendance \u00e0 reporter ou repousser ind\u00e9finiment vos obligations ? La r\u00e9ponse est oui ! Pourquoi ? Parce que tous les \u00eatres humains le font&#8230; plus ou moins.Et si vous lisez ce livre, c&rsquo;est que vous \u00eates plus concern\u00e9(e) que les autres par cet \u00e9trange comportement&#8230;<\/p>\n","protected":false},"featured_media":121,"comment_status":"open","ping_status":"closed","template":"","meta":{"_et_pb_use_builder":"","_et_pb_old_content":"","_et_gb_content_width":"","spay_email":""},"class_list":["post-122","product","type-product","status-publish","has-post-thumbnail","hentry","product_cat-livres","product_tag-bien-etre","product_tag-comportement","product_tag-outil","product_tag-technique-de-developpement-personnel"],"jetpack_sharing_enabled":true,"jetpack_likes_enabled":true,"_links":{"self":[{"href":"https:\/\/www.parthages.be\/eboutique\/wp-json\/wp\/v2\/product\/122","targetHints":{"allow":["GET"]}}],"collection":[{"href":"https:\/\/www.parthages.be\/eboutique\/wp-json\/wp\/v2\/product"}],"about":[{"href":"https:\/\/www.parthages.be\/eboutique\/wp-json\/wp\/v2\/types\/product"}],"replies":[{"embeddable":true,"href":"https:\/\/www.parthages.be\/eboutique\/wp-json\/wp\/v2\/comments?post=122"}],"wp:featuredmedia":[{"embeddable":true,"href":"https:\/\/www.parthages.be\/eboutique\/wp-json\/wp\/v2\/media\/121"}],"wp:attachment":[{"href":"https:\/\/www.parthages.be\/eboutique\/wp-json\/wp\/v2\/media?parent=122"}],"curies":[{"name":"wp","href":"https:\/\/api.w.org\/{rel}","templated":true}]}}