{"id":1220,"date":"2021-06-24T07:34:20","date_gmt":"2021-06-24T05:34:20","guid":{"rendered":"https:\/\/www.parthages.be\/eboutique\/?post_type=product&#038;p=1220"},"modified":"2021-06-24T07:34:21","modified_gmt":"2021-06-24T05:34:21","slug":"laccompagnement-social-guide-methodologique","status":"publish","type":"product","link":"https:\/\/www.parthages.be\/eboutique\/produit\/laccompagnement-social-guide-methodologique\/","title":{"rendered":"L&rsquo;accompagnement social : guide m\u00e9thodologique"},"content":{"rendered":"<p>Ce guide a pour but de donner des outils pratiques aux op\u00e9rateurs associatifs, afin de concr\u00e9tiser une nouvelle approche de l&rsquo;accompagnement social, privil\u00e9giant tout ce qui peut faciliter le renforcement du lien social, l&rsquo;acc\u00e8s au droit, l&rsquo;exercice de la citoyennet\u00e9. Cet ouvrage se pr\u00e9sente sous forme de fiches, regroup\u00e9es en six rubriques: les rep\u00e8res cl\u00e9s (missions de l&rsquo;accompagnement social, points d&rsquo;appui, acteurs&#8230;), la compr\u00e9hension des situations v\u00e9cues par les personnes accompagn\u00e9es, les types d\u2019intervention, les modalit\u00e9s de l&rsquo;action, les modes d&rsquo;organisation, enfin l&rsquo;articulation avec les dispositifs d&rsquo;insertion. Chaque fiche est ind\u00e9pendante et permet une lecture plurielle, selon les pr\u00e9occupations\u00a0 et le degr\u00e9 d&rsquo;implication des lecteurs.<\/p>\n<p>Pas d\u2019auteur\/guide<\/p>\n<p>Collection\u00a0: UNIOPSS<\/p>\n<p>Syros<\/p>\n<p>1995-195p<\/p>\n<p>ISBN\u00a0: 284146<\/p>\n<p>Cote doc\u00a0: 10-10-UNI-A<\/p>\n<p>Uniquement \u00e0 la location<\/p>\n<span class=\"et_bloom_bottom_trigger\"><\/span>","protected":false},"excerpt":{"rendered":"<p>Ce guide a pour but de donner des outils pratiques aux op\u00e9rateurs associatifs, afin de concr\u00e9tiser une nouvelle approche de l&rsquo;accompagnement social, privil\u00e9giant tout ce qui peut faciliter le renforcement du lien social, l&rsquo;acc\u00e8s au droit, l&rsquo;exercice de la citoyennet\u00e9. Cet ouvrage se pr\u00e9sente sous forme de fiches, regroup\u00e9es en six rubriques: les rep\u00e8res cl\u00e9s [&hellip;]<\/p>\n","protected":false},"featured_media":1221,"comment_status":"open","ping_status":"closed","template":"","meta":{"_et_pb_use_builder":"","_et_pb_old_content":"","_et_gb_content_width":"","spay_email":""},"class_list":["post-1220","product","type-product","status-publish","has-post-thumbnail","hentry","product_cat-livres","product_tag-accompagnement","product_tag-insertion","product_tag-insertion-professionnelle","product_tag-integration-sociale","product_tag-intervention","product_tag-methode-pedagogique","product_tag-methodologie","product_tag-modele","product_tag-strategie","product_tag-travail-social","product_tag-travailleur-social"],"jetpack_sharing_enabled":true,"jetpack_likes_enabled":true,"_links":{"self":[{"href":"https:\/\/www.parthages.be\/eboutique\/wp-json\/wp\/v2\/product\/1220","targetHints":{"allow":["GET"]}}],"collection":[{"href":"https:\/\/www.parthages.be\/eboutique\/wp-json\/wp\/v2\/product"}],"about":[{"href":"https:\/\/www.parthages.be\/eboutique\/wp-json\/wp\/v2\/types\/product"}],"replies":[{"embeddable":true,"href":"https:\/\/www.parthages.be\/eboutique\/wp-json\/wp\/v2\/comments?post=1220"}],"wp:featuredmedia":[{"embeddable":true,"href":"https:\/\/www.parthages.be\/eboutique\/wp-json\/wp\/v2\/media\/1221"}],"wp:attachment":[{"href":"https:\/\/www.parthages.be\/eboutique\/wp-json\/wp\/v2\/media?parent=1220"}],"curies":[{"name":"wp","href":"https:\/\/api.w.org\/{rel}","templated":true}]}}