{"id":1222,"date":"2021-06-24T07:36:30","date_gmt":"2021-06-24T05:36:30","guid":{"rendered":"https:\/\/www.parthages.be\/eboutique\/?post_type=product&#038;p=1222"},"modified":"2022-03-23T17:19:48","modified_gmt":"2022-03-23T16:19:48","slug":"guide-de-survie-pour-les-enfants-vivant-avec-un-tdah-2","status":"publish","type":"product","link":"https:\/\/www.parthages.be\/eboutique\/produit\/guide-de-survie-pour-les-enfants-vivant-avec-un-tdah-2\/","title":{"rendered":"Guide de survie pour les enfants vivant avec un TDAH"},"content":{"rendered":"<p>Il est parfois difficile de te pr\u00e9parer pour aller \u00e0 l\u2019\u00e9cole le matin ?<\/p>\n<p>Tu as du mal \u00e0 te concentrer en classe ?<\/p>\n<p>Tu as souvent la bougeotte ou de la difficult\u00e9 \u00e0 demeurer assis ?<\/p>\n<p>Tu contr\u00f4les difficilement tes \u00e9motions ?<\/p>\n<p>Tu vis avec un TDAH (trouble d\u00e9ficitaire de l\u2019attention avec ou sans hyperactivit\u00e9) ?<\/p>\n<p>Si tu as r\u00e9pondu \u00ab oui \u00bb \u00e0 certaines de ces questions, ce livre peut t\u2019aider. Il ne va pas r\u00e9soudre tous tes probl\u00e8mes, mais il va certainement te donner plusieurs trucs pour mieux t\u2019organiser \u00e0 l\u2019\u00e9cole, \u00e0 la maison et avec tes amis. Il va aussi te permettre de trouver plusieurs mani\u00e8res de mieux g\u00e9rer tes \u00e9motions, mais aussi de mieux canaliser ton \u00e9nergie. Tu y trouveras plusieurs activit\u00e9s \u00e0 r\u00e9aliser afin de d\u00e9couvrir tes forces et de mieux actualiser ton potentiel. (Pr\u00e9sentation de l&rsquo;\u00e9diteur)<\/p>\n<p>TAYLOR J.<\/p>\n<p>Midi trente Editions<\/p>\n<p>2012-160p-17\u20ac<\/p>\n<p>250gr<\/p>\n<p>ISBN\u00a0: 978-2-923827-23-0<\/p>\n<p>Cote doc\u00a0: 10-10-TAY-G<\/p>\n<span class=\"et_bloom_bottom_trigger\"><\/span>","protected":false},"excerpt":{"rendered":"<p>Il est parfois difficile de te pr\u00e9parer pour aller \u00e0 l\u2019\u00e9cole le matin ? Tu as du mal \u00e0 te concentrer en classe ? Tu as souvent la bougeotte ou de la difficult\u00e9 \u00e0 demeurer assis ? Tu contr\u00f4les difficilement tes \u00e9motions ? Tu vis avec un TDAH (trouble d\u00e9ficitaire de l\u2019attention avec ou sans [&hellip;]<\/p>\n","protected":false},"featured_media":1223,"comment_status":"open","ping_status":"closed","template":"","meta":{"_et_pb_use_builder":"","_et_pb_old_content":"","_et_gb_content_width":"","spay_email":""},"class_list":["post-1222","product","type-product","status-publish","has-post-thumbnail","hentry","product_cat-livres","product_tag-enfant","product_tag-hyperactivite","product_tag-outil","product_tag-trouble-du-comportement"],"jetpack_sharing_enabled":true,"jetpack_likes_enabled":true,"_links":{"self":[{"href":"https:\/\/www.parthages.be\/eboutique\/wp-json\/wp\/v2\/product\/1222","targetHints":{"allow":["GET"]}}],"collection":[{"href":"https:\/\/www.parthages.be\/eboutique\/wp-json\/wp\/v2\/product"}],"about":[{"href":"https:\/\/www.parthages.be\/eboutique\/wp-json\/wp\/v2\/types\/product"}],"replies":[{"embeddable":true,"href":"https:\/\/www.parthages.be\/eboutique\/wp-json\/wp\/v2\/comments?post=1222"}],"wp:featuredmedia":[{"embeddable":true,"href":"https:\/\/www.parthages.be\/eboutique\/wp-json\/wp\/v2\/media\/1223"}],"wp:attachment":[{"href":"https:\/\/www.parthages.be\/eboutique\/wp-json\/wp\/v2\/media?parent=1222"}],"curies":[{"name":"wp","href":"https:\/\/api.w.org\/{rel}","templated":true}]}}