{"id":1224,"date":"2021-06-24T07:38:47","date_gmt":"2021-06-24T05:38:47","guid":{"rendered":"https:\/\/www.parthages.be\/eboutique\/?post_type=product&#038;p=1224"},"modified":"2021-06-24T07:38:47","modified_gmt":"2021-06-24T05:38:47","slug":"handicap-et-accompagnement-nouvelles-attentes-nouvelles-pratiques","status":"publish","type":"product","link":"https:\/\/www.parthages.be\/eboutique\/produit\/handicap-et-accompagnement-nouvelles-attentes-nouvelles-pratiques\/","title":{"rendered":"Handicap et accompagnement: nouvelles attentes nouvelles pratiques"},"content":{"rendered":"<p>\u00a0\u00bb Qu&rsquo;est-ce qu&rsquo;accompagner une personne en situation de handicap ? \u00a0\u00bb Question hant\u00e9e et comme satur\u00e9e par cette autre question : \u00a0\u00bb Qu&rsquo;est-ce que bien accompagner une personne en situation de handicap ? \u00a0\u00bb Question plus \u00e9thique que technique. Le bon accompagnement ne peut \u00eatre que celui jug\u00e9 tel par les int\u00e9ress\u00e9s, seuls l\u00e9gitimes pour finalement d\u00e9cider de ce qui peut ou non \u00eatre appel\u00e9 accompagnement. Le bon accompagnement, n&rsquo;est-il pas, au fond et simplement, l&rsquo;accompagnement tout court ? Car s&rsquo;il n&rsquo;est pas par nature bon il dispara\u00eet pour laisser place \u00e0 un autre type de relation rel\u00e9guant la personne en situation de handicap dans un statut d&rsquo;objet pris en charge. Articul\u00e9 selon trois axes, l&rsquo;ouvrage : explore le champ de l&rsquo;accompagnement, rep\u00e8re les logiques qui sous-tendent les discours sur l&rsquo;accompagnement et explique la fortune r\u00e9cente de cette terminologie; propose, apr\u00e8s avoir approfondi quelques notions clefs, des d\u00e9clinaisons ordonn\u00e9es de ce que signifie \u00eatre compagnon sans confondre cette relation avec une multitude d&rsquo;autres; pose la question de l&rsquo;enseignement de l&rsquo;accompagnement car l&rsquo;accompagnement des personnes en situation de handicap est non seulement un contenu d&rsquo;enseignement mais d&rsquo;abord et avant tout un art \u00e0 transmettre. (Pr\u00e9sentation de l&rsquo;\u00e9diteur)<\/p>\n<p>STIKER H.J.- PUIG J.- HUET O.<\/p>\n<p>Editions Dunod<\/p>\n<p>2009-180p-24.50\u20ac<\/p>\n<p>340gr<\/p>\n<p>ISBN\u00a0: 978 -2-10-053084-7<\/p>\n<p>Cote doc\u00a0: 10-10-STI-H<\/p>\n<span class=\"et_bloom_bottom_trigger\"><\/span>","protected":false},"excerpt":{"rendered":"<p>\u00a0\u00bb Qu&rsquo;est-ce qu&rsquo;accompagner une personne en situation de handicap ? \u00a0\u00bb Question hant\u00e9e et comme satur\u00e9e par cette autre question : \u00a0\u00bb Qu&rsquo;est-ce que bien accompagner une personne en situation de handicap ? \u00a0\u00bb Question plus \u00e9thique que technique. Le bon accompagnement ne peut \u00eatre que celui jug\u00e9 tel par les int\u00e9ress\u00e9s, seuls l\u00e9gitimes pour [&hellip;]<\/p>\n","protected":false},"featured_media":1225,"comment_status":"open","ping_status":"closed","template":"","meta":{"_et_pb_use_builder":"","_et_pb_old_content":"","_et_gb_content_width":"","spay_email":""},"class_list":["post-1224","product","type-product","status-publish","has-post-thumbnail","hentry","product_cat-livres","product_tag-accompagnement","product_tag-definition","product_tag-ethique","product_tag-formation","product_tag-methodologie","product_tag-personne-handicapee"],"jetpack_sharing_enabled":true,"jetpack_likes_enabled":true,"_links":{"self":[{"href":"https:\/\/www.parthages.be\/eboutique\/wp-json\/wp\/v2\/product\/1224","targetHints":{"allow":["GET"]}}],"collection":[{"href":"https:\/\/www.parthages.be\/eboutique\/wp-json\/wp\/v2\/product"}],"about":[{"href":"https:\/\/www.parthages.be\/eboutique\/wp-json\/wp\/v2\/types\/product"}],"replies":[{"embeddable":true,"href":"https:\/\/www.parthages.be\/eboutique\/wp-json\/wp\/v2\/comments?post=1224"}],"wp:featuredmedia":[{"embeddable":true,"href":"https:\/\/www.parthages.be\/eboutique\/wp-json\/wp\/v2\/media\/1225"}],"wp:attachment":[{"href":"https:\/\/www.parthages.be\/eboutique\/wp-json\/wp\/v2\/media?parent=1224"}],"curies":[{"name":"wp","href":"https:\/\/api.w.org\/{rel}","templated":true}]}}