{"id":1230,"date":"2021-06-24T07:42:37","date_gmt":"2021-06-24T05:42:37","guid":{"rendered":"https:\/\/www.parthages.be\/eboutique\/?post_type=product&#038;p=1230"},"modified":"2022-03-23T17:19:08","modified_gmt":"2022-03-23T16:19:08","slug":"faciliter-lintegration-et-linclusion-des-enfants-ayant-des-besoins-particuliers","status":"publish","type":"product","link":"https:\/\/www.parthages.be\/eboutique\/produit\/faciliter-lintegration-et-linclusion-des-enfants-ayant-des-besoins-particuliers\/","title":{"rendered":"Faciliter l&rsquo;int\u00e9gration et l&rsquo;inclusion des enfants ayant des besoins particuliers"},"content":{"rendered":"<p>Qu&rsquo;il s&rsquo;agisse de troubles de langage, de d\u00e9ficience intellectuelle, de troubles envahissants du d\u00e9veloppement ou de tout autre probl\u00e8me majeur, Chantal Th\u00e9riault d\u00e9montre que les interventions doivent avant tout \u00eatre ax\u00e9es sur la satisfaction des besoins de l&rsquo;enfant.<\/p>\n<p>Il faut, affirme-t-elle, les encourager \u00e0 d\u00e9velopper leur autonomie fonctionnelle en leur fournissant des outils adapt\u00e9s \u00e0 leur situation.<\/p>\n<p>Dans un langage simple et accessible, l&rsquo;auteur nous fait comprendre qu&rsquo;il reste primordial de faire vivre du plaisir et des succ\u00e8s \u00e0 ces enfants, de respecter en tout temps leur dignit\u00e9 et de les encourager \u00e0 acqu\u00e9rir une bonne estime de soi. (Pr\u00e9sentation de l&rsquo;\u00e9diteur)<\/p>\n<p>THERIAULT C.<\/p>\n<p>Editions Quebecor<\/p>\n<p>2007-150p-20.35\u20ac<\/p>\n<p>228gr<\/p>\n<p>ISBN\u00a0: 978-2-7640-1150-8<\/p>\n<p>Cote doc\u00a0: 10-10-THE-F<\/p>\n<span class=\"et_bloom_bottom_trigger\"><\/span>","protected":false},"excerpt":{"rendered":"<p>Qu&rsquo;il s&rsquo;agisse de troubles de langage, de d\u00e9ficience intellectuelle, de troubles envahissants du d\u00e9veloppement ou de tout autre probl\u00e8me majeur, Chantal Th\u00e9riault d\u00e9montre que les interventions doivent avant tout \u00eatre ax\u00e9es sur la satisfaction des besoins de l&rsquo;enfant. Il faut, affirme-t-elle, les encourager \u00e0 d\u00e9velopper leur autonomie fonctionnelle en leur fournissant des outils adapt\u00e9s \u00e0 [&hellip;]<\/p>\n","protected":false},"featured_media":1231,"comment_status":"open","ping_status":"closed","template":"","meta":{"_et_pb_use_builder":"","_et_pb_old_content":"","_et_gb_content_width":"","spay_email":""},"class_list":["post-1230","product","type-product","status-publish","has-post-thumbnail","hentry","product_cat-livres","product_tag-droits-de-lenfant","product_tag-enfant","product_tag-enseignement","product_tag-handicap","product_tag-historique","product_tag-integration","product_tag-participation","product_tag-trouble-du-comportement"],"jetpack_sharing_enabled":true,"jetpack_likes_enabled":true,"_links":{"self":[{"href":"https:\/\/www.parthages.be\/eboutique\/wp-json\/wp\/v2\/product\/1230","targetHints":{"allow":["GET"]}}],"collection":[{"href":"https:\/\/www.parthages.be\/eboutique\/wp-json\/wp\/v2\/product"}],"about":[{"href":"https:\/\/www.parthages.be\/eboutique\/wp-json\/wp\/v2\/types\/product"}],"replies":[{"embeddable":true,"href":"https:\/\/www.parthages.be\/eboutique\/wp-json\/wp\/v2\/comments?post=1230"}],"wp:featuredmedia":[{"embeddable":true,"href":"https:\/\/www.parthages.be\/eboutique\/wp-json\/wp\/v2\/media\/1231"}],"wp:attachment":[{"href":"https:\/\/www.parthages.be\/eboutique\/wp-json\/wp\/v2\/media?parent=1230"}],"curies":[{"name":"wp","href":"https:\/\/api.w.org\/{rel}","templated":true}]}}