{"id":1232,"date":"2021-06-24T07:44:55","date_gmt":"2021-06-24T05:44:55","guid":{"rendered":"https:\/\/www.parthages.be\/eboutique\/?post_type=product&#038;p=1232"},"modified":"2021-06-24T07:44:56","modified_gmt":"2021-06-24T05:44:56","slug":"ladaptation-humaine-un-processus-biopsychosocial-a-decouvrir","status":"publish","type":"product","link":"https:\/\/www.parthages.be\/eboutique\/produit\/ladaptation-humaine-un-processus-biopsychosocial-a-decouvrir\/","title":{"rendered":"L&rsquo;adaptation humaine : un processus biopsychosocial \u00e0 d\u00e9couvrir"},"content":{"rendered":"<p>L&rsquo;itin\u00e9raire utilis\u00e9 dans ce livre nous conduit \u00e0 mieux saisir la complexit\u00e9 de l&rsquo;\u00eatre humain et le mouvement dynamique de son adaptation \u00e0 lui-m\u00eame et au monde qui l&rsquo;entoure; sur le plan p\u00e9dagogique ce livre comble certaines lacunes.C&rsquo;est un document complet sur l&rsquo;adaptation humaine et sa probl\u00e9matique. L&rsquo;auteur approfondit les concepts de base n\u00e9cessaires \u00e0 la bonne compr\u00e9hension de l&rsquo;adaptation biopsychosociale en insistant sur les aspects interactifs et dynamiques du processus lui-m\u00eame. Elle se r\u00e9f\u00e8re aux recherches r\u00e9alis\u00e9es dans les r\u00e9seaux de l&rsquo;\u00e9ducation de la sant\u00e9 et des services sociaux avant de regrouper tous les concepts de l&rsquo;adaptation biopsychosociale. Beaucoup d&rsquo;\u00e9tudiants et de professeurs et tous les intervenants du milieu de l&rsquo;\u00e9ducation sp\u00e9cialis\u00e9e se tournent vers ce livre (Pr\u00e9sentation de l&rsquo;\u00e9diteur)<\/p>\n<p>TREMBLAY M.<\/p>\n<p>Editions Saint-Martin<\/p>\n<p>2001-314p-47\u20ac<\/p>\n<p>535gr<\/p>\n<p>ISBN\u00a0: 2-89035-342-7<\/p>\n<p>Cote doc\u00a0: 10-10-TRE-A<\/p>\n<span class=\"et_bloom_bottom_trigger\"><\/span>","protected":false},"excerpt":{"rendered":"<p>L&rsquo;itin\u00e9raire utilis\u00e9 dans ce livre nous conduit \u00e0 mieux saisir la complexit\u00e9 de l&rsquo;\u00eatre humain et le mouvement dynamique de son adaptation \u00e0 lui-m\u00eame et au monde qui l&rsquo;entoure; sur le plan p\u00e9dagogique ce livre comble certaines lacunes.C&rsquo;est un document complet sur l&rsquo;adaptation humaine et sa probl\u00e9matique. L&rsquo;auteur approfondit les concepts de base n\u00e9cessaires \u00e0 [&hellip;]<\/p>\n","protected":false},"featured_media":1233,"comment_status":"open","ping_status":"closed","template":"","meta":{"_et_pb_use_builder":"","_et_pb_old_content":"","_et_gb_content_width":"","spay_email":""},"class_list":["post-1232","product","type-product","status-publish","has-post-thumbnail","hentry","product_cat-livres","product_tag-adaptation","product_tag-aspect-pedagogique","product_tag-concept","product_tag-edu-cation-specialisee","product_tag-envi-ronnement","product_tag-exclusion","product_tag-perspective","product_tag-psychosociologie","product_tag-societe","product_tag-statistique"],"jetpack_sharing_enabled":true,"jetpack_likes_enabled":true,"_links":{"self":[{"href":"https:\/\/www.parthages.be\/eboutique\/wp-json\/wp\/v2\/product\/1232","targetHints":{"allow":["GET"]}}],"collection":[{"href":"https:\/\/www.parthages.be\/eboutique\/wp-json\/wp\/v2\/product"}],"about":[{"href":"https:\/\/www.parthages.be\/eboutique\/wp-json\/wp\/v2\/types\/product"}],"replies":[{"embeddable":true,"href":"https:\/\/www.parthages.be\/eboutique\/wp-json\/wp\/v2\/comments?post=1232"}],"wp:featuredmedia":[{"embeddable":true,"href":"https:\/\/www.parthages.be\/eboutique\/wp-json\/wp\/v2\/media\/1233"}],"wp:attachment":[{"href":"https:\/\/www.parthages.be\/eboutique\/wp-json\/wp\/v2\/media?parent=1232"}],"curies":[{"name":"wp","href":"https:\/\/api.w.org\/{rel}","templated":true}]}}