{"id":1235,"date":"2021-06-24T07:49:09","date_gmt":"2021-06-24T05:49:09","guid":{"rendered":"https:\/\/www.parthages.be\/eboutique\/?post_type=product&#038;p=1235"},"modified":"2024-02-19T14:13:16","modified_gmt":"2024-02-19T13:13:16","slug":"la-peine-des-sans-voix-laccompagnement-des-deficients-intellectuels-en-deuil","status":"publish","type":"product","link":"https:\/\/www.parthages.be\/eboutique\/produit\/la-peine-des-sans-voix-laccompagnement-des-deficients-intellectuels-en-deuil\/","title":{"rendered":"La peine des sans voix: l&rsquo;accompagnement des d\u00e9ficients intellectuels en deuil"},"content":{"rendered":"<p>L&rsquo;auteur regarde les personnes porteuses d&rsquo;un handicap comme des personnes humaines anim\u00e9es d&rsquo;\u00e9motion et de coeur et qui vivent les m\u00eames sentiments que chacun de nous face \u00e0 la mort. A partir de ces exp\u00e9riences bien choisies nous constatons qu&rsquo;il est important de respecter le rythme de leur deuil \u00e0 la suite du d\u00e9c\u00e8s d&rsquo;un proche. Il est important de les aider \u00e0 le vivre. La fa\u00e7on de c\u00e9l\u00e9brer, d&rsquo;annoncer, de parler, d&rsquo;accompagner, de comprendre, de permettre \u00e0 chacun de s&rsquo;exprimer toutes ces attitudes face \u00e0 la mort contribuent \u00e0 faire rejaillir la vie au sein m\u00eame de cette brisure.<\/p>\n<p>Ce livre est riche d&rsquo;enseignements. Il faut surtout insister sur l&rsquo;\u00e9veil d&rsquo;un sensibilit\u00e9 nouvelle envers ces personnes handicap\u00e9es endeuill\u00e9es. Une sensibilit\u00e9 tr\u00e8s bien traduite \u00e0 travers ces t\u00e9moignages. Ce livre pr\u00e9sente un excellent\u00a0 outil et des moyens concrets pour affronter les diff\u00e9rentes \u00e9tapes du deuil en aidant ainsi tant les accompagnateurs que les personnes d\u00e9ficientes intellectuelles vivant un deuil elles-m\u00eames.<\/p>\n<p>Ais\u00e9 \u00e0 lire style simple et d\u00e9pouill\u00e9. (Pr\u00e9sentation de l&rsquo;\u00e9diteur)<\/p>\n<p><b><i>uniquement \u00e0 la location<\/i><\/b><\/p>\n<p>ROBITAILLE M.<\/p>\n<p>Editions Academie Impact<\/p>\n<p>2003- 162p.<\/p>\n<p>270gr<\/p>\n<p>ISBN\u00a0: 2-922762-37-8<\/p>\n<p>Cote doc\u00a0: 10-10-ROB-P<\/p>\n<span class=\"et_bloom_bottom_trigger\"><\/span>","protected":false},"excerpt":{"rendered":"<p>L&rsquo;auteur regarde les personnes porteuses d&rsquo;un handicap comme des personnes humaines anim\u00e9es d&rsquo;\u00e9motion et de coeur et qui vivent les m\u00eames sentiments que chacun de nous face \u00e0 la mort. A partir de ces exp\u00e9riences bien choisies nous constatons qu&rsquo;il est important de respecter le rythme de leur deuil \u00e0 la suite du d\u00e9c\u00e8s d&rsquo;un [&hellip;]<\/p>\n","protected":false},"featured_media":1236,"comment_status":"open","ping_status":"closed","template":"","meta":{"_et_pb_use_builder":"","_et_pb_old_content":"","_et_gb_content_width":"","spay_email":""},"class_list":["post-1235","product","type-product","status-publish","has-post-thumbnail","hentry","product_cat-livres","product_tag-acceptation","product_tag-accompagnement","product_tag-deficience-intellectuelle","product_tag-deuil","product_tag-intervention","product_tag-outil","product_tag-sensibilisa-tion","product_tag-souffrance","product_tag-soutien","product_tag-strategie"],"jetpack_sharing_enabled":true,"jetpack_likes_enabled":true,"_links":{"self":[{"href":"https:\/\/www.parthages.be\/eboutique\/wp-json\/wp\/v2\/product\/1235","targetHints":{"allow":["GET"]}}],"collection":[{"href":"https:\/\/www.parthages.be\/eboutique\/wp-json\/wp\/v2\/product"}],"about":[{"href":"https:\/\/www.parthages.be\/eboutique\/wp-json\/wp\/v2\/types\/product"}],"replies":[{"embeddable":true,"href":"https:\/\/www.parthages.be\/eboutique\/wp-json\/wp\/v2\/comments?post=1235"}],"wp:featuredmedia":[{"embeddable":true,"href":"https:\/\/www.parthages.be\/eboutique\/wp-json\/wp\/v2\/media\/1236"}],"wp:attachment":[{"href":"https:\/\/www.parthages.be\/eboutique\/wp-json\/wp\/v2\/media?parent=1235"}],"curies":[{"name":"wp","href":"https:\/\/api.w.org\/{rel}","templated":true}]}}