{"id":1237,"date":"2021-06-24T07:51:16","date_gmt":"2021-06-24T05:51:16","guid":{"rendered":"https:\/\/www.parthages.be\/eboutique\/?post_type=product&#038;p=1237"},"modified":"2021-06-24T07:51:16","modified_gmt":"2021-06-24T05:51:16","slug":"levaluation-participative-des-situations-familiales","status":"publish","type":"product","link":"https:\/\/www.parthages.be\/eboutique\/produit\/levaluation-participative-des-situations-familiales\/","title":{"rendered":"L&rsquo;\u00e9valuation participative des situations familiales"},"content":{"rendered":"<p>Cet ouvrage s\u2019int\u00e9resse \u00e0 l\u2019\u00e9valuation participative des situations familiales en protection de l\u2019enfance. Il pr\u00e9sente un r\u00e9f\u00e9rentiel d\u2019\u00e9valuation diagnostique, les r\u00e9f\u00e9rences th\u00e9oriques qui le fondent et la m\u00e9thodologie qu\u2019il propose. Il s\u2019int\u00e9resse aussi \u00e0 sa d\u00e9marche de construction et de validation, \u00e0 son accompagnement en termes de formation, \u00e0 sa r\u00e9ception par les professionnels ainsi qu\u2019aux dispositifs institutionnels qui l\u2019ont port\u00e9. En d\u00e9fendant une vision de l\u2019\u00e9valuation qui accorde la dimension technique \u00e0 la singularit\u00e9 des situations, ce travail questionne plus g\u00e9n\u00e9ralement le cadre de l\u2019\u00e9valuation en protection de l\u2019enfance, sans \u00e9luder les difficult\u00e9s rencontr\u00e9es. (Pr\u00e9sentation de l&rsquo;\u00e9diteur)<\/p>\n<p>ROBIN P.- GREGOIRE P.<\/p>\n<p>Dunod<\/p>\n<p>2012-128p.-20.50\u20ac<\/p>\n<p>ISBN: 978-2-10-057658-6<\/p>\n<p>241gr<\/p>\n<p>Cote doc: 10-10-ROB-E<\/p>\n<span class=\"et_bloom_bottom_trigger\"><\/span>","protected":false},"excerpt":{"rendered":"<p>Cet ouvrage s\u2019int\u00e9resse \u00e0 l\u2019\u00e9valuation participative des situations familiales en protection de l\u2019enfance. Il pr\u00e9sente un r\u00e9f\u00e9rentiel d\u2019\u00e9valuation diagnostique, les r\u00e9f\u00e9rences th\u00e9oriques qui le fondent et la m\u00e9thodologie qu\u2019il propose. Il s\u2019int\u00e9resse aussi \u00e0 sa d\u00e9marche de construction et de validation, \u00e0 son accompagnement en termes de formation, \u00e0 sa r\u00e9ception par les professionnels ainsi [&hellip;]<\/p>\n","protected":false},"featured_media":1238,"comment_status":"open","ping_status":"closed","template":"","meta":{"_et_pb_use_builder":"","_et_pb_old_content":"","_et_gb_content_width":"","spay_email":""},"class_list":["post-1237","product","type-product","status-publish","has-post-thumbnail","hentry","product_cat-livres","product_tag-accompagnement","product_tag-evaluation","product_tag-evaluation-doutil","product_tag-famille","product_tag-protection-infantile"],"jetpack_sharing_enabled":true,"jetpack_likes_enabled":true,"_links":{"self":[{"href":"https:\/\/www.parthages.be\/eboutique\/wp-json\/wp\/v2\/product\/1237","targetHints":{"allow":["GET"]}}],"collection":[{"href":"https:\/\/www.parthages.be\/eboutique\/wp-json\/wp\/v2\/product"}],"about":[{"href":"https:\/\/www.parthages.be\/eboutique\/wp-json\/wp\/v2\/types\/product"}],"replies":[{"embeddable":true,"href":"https:\/\/www.parthages.be\/eboutique\/wp-json\/wp\/v2\/comments?post=1237"}],"wp:featuredmedia":[{"embeddable":true,"href":"https:\/\/www.parthages.be\/eboutique\/wp-json\/wp\/v2\/media\/1238"}],"wp:attachment":[{"href":"https:\/\/www.parthages.be\/eboutique\/wp-json\/wp\/v2\/media?parent=1237"}],"curies":[{"name":"wp","href":"https:\/\/api.w.org\/{rel}","templated":true}]}}