{"id":1239,"date":"2021-06-24T07:53:49","date_gmt":"2021-06-24T05:53:49","guid":{"rendered":"https:\/\/www.parthages.be\/eboutique\/?post_type=product&#038;p=1239"},"modified":"2021-06-24T07:53:50","modified_gmt":"2021-06-24T05:53:50","slug":"surdite-et-sante-mentale-communiquer-au-coeur-du-soin-2","status":"publish","type":"product","link":"https:\/\/www.parthages.be\/eboutique\/produit\/surdite-et-sante-mentale-communiquer-au-coeur-du-soin-2\/","title":{"rendered":"Surdit\u00e9 et sant\u00e9 mentale : Communiquer au coeur du soin"},"content":{"rendered":"<p>Le d\u00e9veloppement de l\u2019offre de soin, somatique ou psychique, adapt\u00e9 aux personnes sourdes, est relativement r\u00e9cent en France. L\u2019unit\u00e9 Surdit\u00e9 et souffrance psychique du centre hospitalier Sainte-Anne est un des premiers centres de ce genre \u00e0 avoir vu le jour en France il y a quinze ans. En pla\u00e7ant, comme pr\u00e9-requis indispensable, les soins de sant\u00e9 mentale pour les personnes sourdes adultes dans le domaine de la communication et de l\u2019accessibilit\u00e9 plut\u00f4t que dans celui du handicap, les soignants se sont donn\u00e9s les moyens de sortir des impasses diagnostiques et th\u00e9rapeutiques autrefois inh\u00e9rentes \u00e0 ce type de prises en charges. La d\u00e9tresse psychologique des personnes sourdes adultes est multiple et ne peut \u00eatre ramen\u00e9e \u00e0 une seule cat\u00e9gorie nosographique simpliste. Ce livre s\u2019attache \u00e0 en d\u00e9crire les sp\u00e9cificit\u00e9s : de l\u2019adulte sourd qui n\u2019a jamais entendu et dont le mode de communication privil\u00e9gi\u00e9 est la langue des signes, \u00e0 celui, devenu sourd \u00e0 l\u2019\u00e2ge adulte, qui perd brutalement ses rep\u00e8res \u00ab d\u2019entendant \u00bb ; depuis le porteur d\u2019implant cochl\u00e9aire qui doit s\u2019adapter \u00e0 l\u2019intrusion de nouveaux rep\u00e8res auditifs jusqu\u2019\u00e0 la personne \u00e2g\u00e9e perdant progressivement l\u2019audition dans un cadre psychog\u00e9riatrique plus large. Autant de situations complexes qui n\u00e9cessitent des r\u00e9ponses adapt\u00e9es de la part des th\u00e9rapeutes souvent d\u00e9sorient\u00e9s par les probl\u00e8mes de communication engendr\u00e9s par ce handicap invisible. En s\u2019appuyant sur de tr\u00e8s nombreux cas cliniques concrets et par une approche pluridisciplinaire, les auteurs d\u00e9veloppent plusieurs axes th\u00e9matiques ainsi que le r\u00f4le propre de chacun des intervenants au coeur du soin psychique : psychiatres, psychologues, interpr\u00e8tes, professionnels sourds, infirmiers, assistant socio-\u00e9ducatif. Ce livre s\u2019adresse aux professionnels du champ sanitaire, m\u00e9dico-social et \u00e9ducatif ainsi qu\u2019aux familles et aux patients eux-m\u00eames. (Pr\u00e9sentation de l&rsquo;\u00e9diteur)<\/p>\n<p>QUEREL C.<\/p>\n<p>M\u00e9decine Sciences Publications-Lavoisier<\/p>\n<p>2013-206p-29\u20ac<\/p>\n<p>296gr<\/p>\n<p>ISBN\u00a0978-2-257-20539-1<\/p>\n<p>Cote doc\u00a0: 10-10-QUE-S<\/p>\n<span class=\"et_bloom_bottom_trigger\"><\/span>","protected":false},"excerpt":{"rendered":"<p>Le d\u00e9veloppement de l\u2019offre de soin, somatique ou psychique, adapt\u00e9 aux personnes sourdes, est relativement r\u00e9cent en France. L\u2019unit\u00e9 Surdit\u00e9 et souffrance psychique du centre hospitalier Sainte-Anne est un des premiers centres de ce genre \u00e0 avoir vu le jour en France il y a quinze ans. En pla\u00e7ant, comme pr\u00e9-requis indispensable, les soins de [&hellip;]<\/p>\n","protected":false},"featured_media":1240,"comment_status":"open","ping_status":"closed","template":"","meta":{"_et_pb_use_builder":"","_et_pb_old_content":"","_et_gb_content_width":"","spay_email":""},"class_list":["post-1239","product","type-product","status-publish","has-post-thumbnail","hentry","product_cat-livres","product_tag-accessibilite","product_tag-accompagnement-du-patient","product_tag-communication","product_tag-outil","product_tag-psychotherapie","product_tag-sante-mentale","product_tag-socialisation","product_tag-soins","product_tag-surdite"],"jetpack_sharing_enabled":true,"jetpack_likes_enabled":true,"_links":{"self":[{"href":"https:\/\/www.parthages.be\/eboutique\/wp-json\/wp\/v2\/product\/1239","targetHints":{"allow":["GET"]}}],"collection":[{"href":"https:\/\/www.parthages.be\/eboutique\/wp-json\/wp\/v2\/product"}],"about":[{"href":"https:\/\/www.parthages.be\/eboutique\/wp-json\/wp\/v2\/types\/product"}],"replies":[{"embeddable":true,"href":"https:\/\/www.parthages.be\/eboutique\/wp-json\/wp\/v2\/comments?post=1239"}],"wp:featuredmedia":[{"embeddable":true,"href":"https:\/\/www.parthages.be\/eboutique\/wp-json\/wp\/v2\/media\/1240"}],"wp:attachment":[{"href":"https:\/\/www.parthages.be\/eboutique\/wp-json\/wp\/v2\/media?parent=1239"}],"curies":[{"name":"wp","href":"https:\/\/api.w.org\/{rel}","templated":true}]}}