{"id":124,"date":"2012-09-24T11:37:53","date_gmt":"2012-09-24T09:37:53","guid":{"rendered":"https:\/\/www.parthages.be\/wordpress\/produit\/sexualite-handicaps-et-vieillissement\/"},"modified":"2022-01-18T11:30:43","modified_gmt":"2022-01-18T10:30:43","slug":"sexualite-handicaps-et-vieillissement","status":"publish","type":"product","link":"https:\/\/www.parthages.be\/eboutique\/produit\/sexualite-handicaps-et-vieillissement\/","title":{"rendered":"Sexualit\u00e9, handicaps et vieillissement"},"content":{"rendered":"<p>La sexualit\u00e9 des personnes \u00e2g\u00e9es ou vivant avec un handicap est encore aujourd&rsquo;hui un sujet tabou dans notre soci\u00e9t\u00e9. Pourtant elle est l&rsquo;une des dimensions fondamentales de la sant\u00e9 physique et mentale, l&rsquo;un des moyens de rechercher et de d\u00e9velopper nos pouvoirs de vivre et d&rsquo;\u00eatre heureux. Elle est un \u00e9l\u00e9ment essentiel des relations \u00e0 nous-m\u00eame et aux autres. Malgr\u00e9 son \u00e2ge ou son handicap, le sujet demeure entier dans ses capacit\u00e9s \u00e0 donner mais \u00e9galement \u00e0 recevoir de l&rsquo;amour, \u00e0 \u00eatre en relation avec d&rsquo;autres.<\/p>\n<p>Comment comprendre les interdits et les d\u00e9nis de nos soci\u00e9t\u00e9s vis-\u00e0-vis de cette probl\u00e9matique ? Quels rapports complexes entretiennent l&rsquo;\u00e2ge, le corps, l&rsquo;affectivit\u00e9 et la sexualit\u00e9 ? Comment les professionnels, mais \u00e9galement les familles, se situent-ils par rapport \u00e0 l&rsquo;\u00e9mergence de d\u00e9sirs amoureux chez les personnes handicap\u00e9es ou \u00e2g\u00e9es dont ils s&rsquo;occupent ? Comment les institutions peuvent-elles pr\u00e9server une vie intime pour leurs r\u00e9sidents ?<\/p>\n<p>Les auteurs proposent dans cet ouvrage un espace de r\u00e9flexion, de confrontation et de d\u00e9bats sur ces questions qui devrait contribuer \u00e0 faire \u00e9voluer tant les mentalit\u00e9s que les pratiques professionnelles et l&rsquo;accompagnement des personnes \u00e2g\u00e9es ou en situation de handicap. (Pr\u00e9sentation de l\u2019\u00e9diteur)<\/p>\n<p>PITAUD P.<\/p>\n<p>Editions Er\u00e8s<\/p>\n<p>2011-272p.-25\u20ac<\/p>\n<p>310gr<\/p>\n<p>ISBN: 978-2-7492-1419-1<\/p>\n<p>Cote doc: 4-20-PIT-S<\/p>\n<span class=\"et_bloom_bottom_trigger\"><\/span>","protected":false},"excerpt":{"rendered":"<p>La sexualit\u00e9 des personnes \u00e2g\u00e9es ou vivant avec un handicap est encore aujourd&rsquo;hui un sujet tabou dans notre soci\u00e9t\u00e9.<\/p>\n","protected":false},"featured_media":2276,"comment_status":"open","ping_status":"closed","template":"","meta":{"_et_pb_use_builder":"","_et_pb_old_content":"","_et_gb_content_width":"","spay_email":""},"class_list":["post-124","product","type-product","status-publish","has-post-thumbnail","hentry","product_cat-livres","product_tag-adulte","product_tag-ethique","product_tag-evolution-des-mentalites","product_tag-identite-sexuelle","product_tag-personne-handicapee","product_tag-qualite-de-vie","product_tag-representation-sociale","product_tag-vie-affective","product_tag-vie-de-couple","product_tag-vieillissement"],"jetpack_sharing_enabled":true,"jetpack_likes_enabled":true,"_links":{"self":[{"href":"https:\/\/www.parthages.be\/eboutique\/wp-json\/wp\/v2\/product\/124","targetHints":{"allow":["GET"]}}],"collection":[{"href":"https:\/\/www.parthages.be\/eboutique\/wp-json\/wp\/v2\/product"}],"about":[{"href":"https:\/\/www.parthages.be\/eboutique\/wp-json\/wp\/v2\/types\/product"}],"replies":[{"embeddable":true,"href":"https:\/\/www.parthages.be\/eboutique\/wp-json\/wp\/v2\/comments?post=124"}],"wp:featuredmedia":[{"embeddable":true,"href":"https:\/\/www.parthages.be\/eboutique\/wp-json\/wp\/v2\/media\/2276"}],"wp:attachment":[{"href":"https:\/\/www.parthages.be\/eboutique\/wp-json\/wp\/v2\/media?parent=124"}],"curies":[{"name":"wp","href":"https:\/\/api.w.org\/{rel}","templated":true}]}}