{"id":1243,"date":"2021-06-24T07:58:36","date_gmt":"2021-06-24T05:58:36","guid":{"rendered":"https:\/\/www.parthages.be\/eboutique\/?post_type=product&#038;p=1243"},"modified":"2022-03-23T17:18:46","modified_gmt":"2022-03-23T16:18:46","slug":"evaluation-fonctionnelle-et-developpement-de-programmes-dassistance-pour-les-comportements-problematiques-manuel-pratique","status":"publish","type":"product","link":"https:\/\/www.parthages.be\/eboutique\/produit\/evaluation-fonctionnelle-et-developpement-de-programmes-dassistance-pour-les-comportements-problematiques-manuel-pratique\/","title":{"rendered":"\u00c9valuation fonctionnelle et d\u00e9veloppement de programmes d&rsquo;assistance pour les comportements probl\u00e9matiques : manuel pratique"},"content":{"rendered":"<p>L&rsquo;inclusion de nombre d&rsquo;enfants et d&rsquo;adultes dans la communaut\u00e9 est compromise parfois par des comportements jug\u00e9s dangereux, mena\u00e7ants ou d\u00e9rangeants pour leur entourage.<\/p>\n<p>Comprendre les comportements probl\u00e9matiques, leurs circonstances d&rsquo;apparition, les facteurs qui les entretiennent, et la fonction qu&rsquo;ils ont pour la personne qui les pr\u00e9sente est une premi\u00e8re \u00e9tape.<\/p>\n<p>L&rsquo;\u00e9valuation fonctionnelle, une approche qui a pr\u00e8s de 20 ans d&rsquo;existence, fait partie du soutien aux comportements positifs. Aux USA, elle est inscrite dans les lois de nombreux \u00e9tats. Ces m\u00e9thodes sont valid\u00e9es par la recherche et l&rsquo;exp\u00e9rience de nombreuses \u00e9quipes. (Pr\u00e9sentation de l&rsquo;\u00e9diteur)<\/p>\n<p>O&rsquo;NEILL E.- HORNER R.H.- ALBIN R.W.<\/p>\n<p>Editions De Boeck Universit\u00e9<\/p>\n<p>2008-195p-45\u20ac<\/p>\n<p>332gr<\/p>\n<p>ISBN\u00a0: 978-8041-5565-0<\/p>\n<p>Cote doc\u00a0: 10-10-ONE-E<\/p>\n<p>Uniquement \u00e0 la location<\/p>\n<span class=\"et_bloom_bottom_trigger\"><\/span>","protected":false},"excerpt":{"rendered":"<p>L&rsquo;inclusion de nombre d&rsquo;enfants et d&rsquo;adultes dans la communaut\u00e9 est compromise parfois par des comportements jug\u00e9s dangereux, mena\u00e7ants ou d\u00e9rangeants pour leur entourage. Comprendre les comportements probl\u00e9matiques, leurs circonstances d&rsquo;apparition, les facteurs qui les entretiennent, et la fonction qu&rsquo;ils ont pour la personne qui les pr\u00e9sente est une premi\u00e8re \u00e9tape. L&rsquo;\u00e9valuation fonctionnelle, une approche qui [&hellip;]<\/p>\n","protected":false},"featured_media":1244,"comment_status":"open","ping_status":"closed","template":"","meta":{"_et_pb_use_builder":"","_et_pb_old_content":"","_et_gb_content_width":"","spay_email":""},"class_list":["post-1243","product","type-product","status-publish","has-post-thumbnail","hentry","product_cat-livres","product_tag-comportement-social","product_tag-deficience-intellectuelle","product_tag-education","product_tag-evaluation","product_tag-handicap","product_tag-inclusion","product_tag-integration-enant-handicape","product_tag-outil-devaluation","product_tag-outil-pedagogique","product_tag-prise-en-charge","product_tag-trouble-du-comportement","product_tag-violence"],"jetpack_sharing_enabled":true,"jetpack_likes_enabled":true,"_links":{"self":[{"href":"https:\/\/www.parthages.be\/eboutique\/wp-json\/wp\/v2\/product\/1243","targetHints":{"allow":["GET"]}}],"collection":[{"href":"https:\/\/www.parthages.be\/eboutique\/wp-json\/wp\/v2\/product"}],"about":[{"href":"https:\/\/www.parthages.be\/eboutique\/wp-json\/wp\/v2\/types\/product"}],"replies":[{"embeddable":true,"href":"https:\/\/www.parthages.be\/eboutique\/wp-json\/wp\/v2\/comments?post=1243"}],"wp:featuredmedia":[{"embeddable":true,"href":"https:\/\/www.parthages.be\/eboutique\/wp-json\/wp\/v2\/media\/1244"}],"wp:attachment":[{"href":"https:\/\/www.parthages.be\/eboutique\/wp-json\/wp\/v2\/media?parent=1243"}],"curies":[{"name":"wp","href":"https:\/\/api.w.org\/{rel}","templated":true}]}}