{"id":1245,"date":"2021-06-24T08:00:01","date_gmt":"2021-06-24T06:00:01","guid":{"rendered":"https:\/\/www.parthages.be\/eboutique\/?post_type=product&#038;p=1245"},"modified":"2024-01-15T11:59:30","modified_gmt":"2024-01-15T10:59:30","slug":"je-cuisine-avec-des-images-2","status":"publish","type":"product","link":"https:\/\/www.parthages.be\/eboutique\/produit\/je-cuisine-avec-des-images-2\/","title":{"rendered":"Je cuisine avec des images"},"content":{"rendered":"<p>JE CUISINE AVEC DES IMAGES est un livre nouveau genre (presque) sans texte \u00e0 la port\u00e9e des faibles lecteurs. Pour cr\u00e9er le livre, con\u00e7u pour r\u00e9pondre aux besoins de jeunes et d\u2019adultes vivant avec une d\u00e9ficience intellectuelle l\u00e9g\u00e8re, Anne Perrault a pass\u00e9 plus d\u2019une centaine d\u2019heures de validation interactive en cuisine avec ces adultes.<\/p>\n<p>Voici un outil p\u00e9dagogique qui permet \u00e0 tous de cuisiner chez soi gr\u00e2ce \u00e0 un langage visuel accessible et compr\u00e9hensible. Adultes et enfants faibles lecteurs, cuisiniers occasionnels, adolescents ou parents avec leurs tout-petits, tous pourront mettre la main \u00e0 la p\u00e2te.<\/p>\n<p>Les 19 recettes simples et sant\u00e9 ont \u00e9t\u00e9 approuv\u00e9es par une di\u00e9t\u00e9tiste. Plats avec viande, plats sans viande et accompagnements : quelle que soit la recette, l\u2019approche visuelle est claire et concise.<\/p>\n<p>Ann Mitchell a fait un travail de conception graphique original et minutieux pour pr\u00e9senter les recettes en \u00e9tapes simples \u00e0 comprendre et \u00e0 suivre. Afin de faciliter le travail en cuisine, il y a des autocollants (inclus \u00e0 la derni\u00e8re page du livre) \u00e0 apposer sur les cuill\u00e8res \u00e0 mesurer, la tasse et \u00e0 proximit\u00e9 des boutons de contr\u00f4le de chaleur sur la cuisini\u00e8re. (Pr\u00e9sentation de l&rsquo;\u00e9diteur)<\/p>\n<p>PERRAULT A.- MITCHELL A.<\/p>\n<p>Carte Blanche<\/p>\n<p>2013 &#8211; 186 p.<\/p>\n<p>950gr<\/p>\n<p>ISBN\u00a0: 978-2-89590-203-4<\/p>\n<p>Cote doc\u00a0:\u00a010-20-PER-J<\/p>\n<p><b><i>Uniquement \u00e0 la location<\/i><\/b><\/p>\n<span class=\"et_bloom_bottom_trigger\"><\/span>","protected":false},"excerpt":{"rendered":"<p>JE CUISINE AVEC DES IMAGES est un livre nouveau genre (presque) sans texte \u00e0 la port\u00e9e des faibles lecteurs. Pour cr\u00e9er le livre, con\u00e7u pour r\u00e9pondre aux besoins de jeunes et d\u2019adultes vivant avec une d\u00e9ficience intellectuelle l\u00e9g\u00e8re, Anne Perrault a pass\u00e9 plus d\u2019une centaine d\u2019heures de validation interactive en cuisine avec ces adultes. Voici [&hellip;]<\/p>\n","protected":false},"featured_media":1246,"comment_status":"open","ping_status":"closed","template":"","meta":{"_et_pb_use_builder":"","_et_pb_old_content":"","_et_gb_content_width":"","spay_email":""},"class_list":["post-1245","product","type-product","status-publish","has-post-thumbnail","hentry","product_cat-livres","product_cat-livres-jeunesse","product_tag-alimentation","product_tag-autonomie","product_tag-deficience-intellectuelle","product_tag-outil-pedagogique","product_tag-personne-handicapee","product_tag-quebec","product_tag-sante"],"jetpack_sharing_enabled":true,"jetpack_likes_enabled":true,"_links":{"self":[{"href":"https:\/\/www.parthages.be\/eboutique\/wp-json\/wp\/v2\/product\/1245","targetHints":{"allow":["GET"]}}],"collection":[{"href":"https:\/\/www.parthages.be\/eboutique\/wp-json\/wp\/v2\/product"}],"about":[{"href":"https:\/\/www.parthages.be\/eboutique\/wp-json\/wp\/v2\/types\/product"}],"replies":[{"embeddable":true,"href":"https:\/\/www.parthages.be\/eboutique\/wp-json\/wp\/v2\/comments?post=1245"}],"wp:featuredmedia":[{"embeddable":true,"href":"https:\/\/www.parthages.be\/eboutique\/wp-json\/wp\/v2\/media\/1246"}],"wp:attachment":[{"href":"https:\/\/www.parthages.be\/eboutique\/wp-json\/wp\/v2\/media?parent=1245"}],"curies":[{"name":"wp","href":"https:\/\/api.w.org\/{rel}","templated":true}]}}