{"id":1257,"date":"2021-06-24T08:13:06","date_gmt":"2021-06-24T06:13:06","guid":{"rendered":"https:\/\/www.parthages.be\/eboutique\/?post_type=product&#038;p=1257"},"modified":"2022-03-23T17:31:34","modified_gmt":"2022-03-23T16:31:34","slug":"mieux-vivre-avec-le-tda-h-a-la-maison-2","status":"publish","type":"product","link":"https:\/\/www.parthages.be\/eboutique\/produit\/mieux-vivre-avec-le-tda-h-a-la-maison-2\/","title":{"rendered":"Mieux vivre avec le TDA\/H \u00e0 la maison"},"content":{"rendered":"<p>\u00catre parent d\u2019un enfant ayant un trouble du d\u00e9ficit de l\u2019attention avec ou sans hyperactivit\u00e9 (TDA\/H) apporte son lot de d\u00e9fis \u00e0 relever. Mieux vivre avec le TDA\/H \u00e0 la maison est le premier volet du programme Multi-Propulsions. Ce programme est con\u00e7u pour mieux outiller les parents qui se trouvent dans cette situation, afin de les aider \u00e0 surmonter les difficult\u00e9s que vit leur enfant \u00e0 la maison au quotidien et de favoriser une exp\u00e9rience parentale positive. Il s\u2019adresse aux intervenants des milieux communautaires, des \u00e9tablissements scolaires et du r\u00e9seau de la sant\u00e9 et des services sociaux qui d\u00e9sirent mieux soutenir ces parents. Cet outil comprend un guide de l\u2019animateur, un recueil d\u2019activit\u00e9s (21 ateliers d\u2019une dur\u00e9e de 2 heures), ainsi qu\u2019un c\u00e9d\u00e9rom contenant les documents n\u00e9cessaires \u00e0 l\u2019animation et des fiches reproductibles \u00e0 l\u2019intention des animateurs, des parents et des enfants. (Pr\u00e9sentation de l&rsquo;\u00e9diteur)<\/p>\n<p>MASSE L.- VERREAULT M.- VERRET C.<\/p>\n<p>Cheneli\u00e8re Education<\/p>\n<p>2011-540p-142\u20ac<\/p>\n<p>ISBN\u00a0: 978-2-7650-2971-7<\/p>\n<p>Cote doc\u00a0: 10-10-MAS-M<\/p>\n<span class=\"et_bloom_bottom_trigger\"><\/span>","protected":false},"excerpt":{"rendered":"<p>\u00catre parent d\u2019un enfant ayant un trouble du d\u00e9ficit de l\u2019attention avec ou sans hyperactivit\u00e9 (TDA\/H) apporte son lot de d\u00e9fis \u00e0 relever. Mieux vivre avec le TDA\/H \u00e0 la maison est le premier volet du programme Multi-Propulsions. Ce programme est con\u00e7u pour mieux outiller les parents qui se trouvent dans cette situation, afin de [&hellip;]<\/p>\n","protected":false},"featured_media":1258,"comment_status":"open","ping_status":"closed","template":"","meta":{"_et_pb_use_builder":"","_et_pb_old_content":"","_et_gb_content_width":"","spay_email":""},"class_list":["post-1257","product","type-product","status-publish","has-post-thumbnail","hentry","product_cat-livres","product_tag-action","product_tag-aide","product_tag-ate-lier","product_tag-conflit","product_tag-enfant","product_tag-hyperactivite","product_tag-intervention-adaptee","product_tag-outil","product_tag-quebec","product_tag-recherche","product_tag-relation-parent-enfant","product_tag-theorie-psychanalytique","product_tag-trouble-de-lattention","product_tag-trouble-du-comportement"],"jetpack_sharing_enabled":true,"jetpack_likes_enabled":true,"_links":{"self":[{"href":"https:\/\/www.parthages.be\/eboutique\/wp-json\/wp\/v2\/product\/1257","targetHints":{"allow":["GET"]}}],"collection":[{"href":"https:\/\/www.parthages.be\/eboutique\/wp-json\/wp\/v2\/product"}],"about":[{"href":"https:\/\/www.parthages.be\/eboutique\/wp-json\/wp\/v2\/types\/product"}],"replies":[{"embeddable":true,"href":"https:\/\/www.parthages.be\/eboutique\/wp-json\/wp\/v2\/comments?post=1257"}],"wp:featuredmedia":[{"embeddable":true,"href":"https:\/\/www.parthages.be\/eboutique\/wp-json\/wp\/v2\/media\/1258"}],"wp:attachment":[{"href":"https:\/\/www.parthages.be\/eboutique\/wp-json\/wp\/v2\/media?parent=1257"}],"curies":[{"name":"wp","href":"https:\/\/api.w.org\/{rel}","templated":true}]}}