{"id":1266,"date":"2021-06-24T08:21:46","date_gmt":"2021-06-24T06:21:46","guid":{"rendered":"https:\/\/www.parthages.be\/eboutique\/?post_type=product&#038;p=1266"},"modified":"2021-06-24T08:21:46","modified_gmt":"2021-06-24T06:21:46","slug":"accompagner-la-vie-accompagner-la-souffrance-une-analyse-en-milieu-hospitalier","status":"publish","type":"product","link":"https:\/\/www.parthages.be\/eboutique\/produit\/accompagner-la-vie-accompagner-la-souffrance-une-analyse-en-milieu-hospitalier\/","title":{"rendered":"Accompagner la vie: accompagner la souffrance : une analyse en milieu hospitalier"},"content":{"rendered":"<p>Cet ouvrage se propose d&rsquo;\u00e9claircir\u00a0\u00a0 les exigences de comp\u00e9tences relationnelles, de formation continue et de remise en question personnelle au moyen d&rsquo;une approche th\u00e9orique et pratique de l&rsquo;accompagnement.<\/p>\n<p>Il pr\u00e9sente des r\u00e9cits d&rsquo;intervention dans lesquels sont analys\u00e9es, par le biais de la psychologie, les relations d&rsquo;intervenant avec son patient.<\/p>\n<p>En abordant le v\u00e9cu de ce dernier par rapport \u00e0 sa maladie, \u00e0 la vie hospitali\u00e8re, aux soignants et \u00e0 d&rsquo;autres intervenants.<\/p>\n<p>Il est utile de s&rsquo;interroger sur ce que remettre l&rsquo;humain au centre des soins repr\u00e9sente en termes de ressources humaines. (Pr\u00e9sentation de l&rsquo;\u00e9diteur)<\/p>\n<p>KUNZI D.<\/p>\n<p>Editions L&rsquo;Harmattan<\/p>\n<p>2007-158p-14.50\u20ac<\/p>\n<p>180gr<\/p>\n<p>ISBN\u00a0: 978-2-296-02392-5<\/p>\n<p>Cote doc\u00a0: 10-10-KUN-A<\/p>\n<span class=\"et_bloom_bottom_trigger\"><\/span>","protected":false},"excerpt":{"rendered":"<p>Cet ouvrage se propose d&rsquo;\u00e9claircir\u00a0\u00a0 les exigences de comp\u00e9tences relationnelles, de formation continue et de remise en question personnelle au moyen d&rsquo;une approche th\u00e9orique et pratique de l&rsquo;accompagnement. Il pr\u00e9sente des r\u00e9cits d&rsquo;intervention dans lesquels sont analys\u00e9es, par le biais de la psychologie, les relations d&rsquo;intervenant avec son patient. En abordant le v\u00e9cu de ce [&hellip;]<\/p>\n","protected":false},"featured_media":1267,"comment_status":"open","ping_status":"closed","template":"","meta":{"_et_pb_use_builder":"","_et_pb_old_content":"","_et_gb_content_width":"","spay_email":""},"class_list":["post-1266","product","type-product","status-publish","has-post-thumbnail","hentry","product_cat-livres","product_tag-accompagnement","product_tag-accompagnement-du-mourant","product_tag-analyse","product_tag-formation","product_tag-hopital","product_tag-maladie","product_tag-psychologie","product_tag-relation-soignant-soigne","product_tag-souffrance","product_tag-temoignage","product_tag-vieillissement"],"jetpack_sharing_enabled":true,"jetpack_likes_enabled":true,"_links":{"self":[{"href":"https:\/\/www.parthages.be\/eboutique\/wp-json\/wp\/v2\/product\/1266","targetHints":{"allow":["GET"]}}],"collection":[{"href":"https:\/\/www.parthages.be\/eboutique\/wp-json\/wp\/v2\/product"}],"about":[{"href":"https:\/\/www.parthages.be\/eboutique\/wp-json\/wp\/v2\/types\/product"}],"replies":[{"embeddable":true,"href":"https:\/\/www.parthages.be\/eboutique\/wp-json\/wp\/v2\/comments?post=1266"}],"wp:featuredmedia":[{"embeddable":true,"href":"https:\/\/www.parthages.be\/eboutique\/wp-json\/wp\/v2\/media\/1267"}],"wp:attachment":[{"href":"https:\/\/www.parthages.be\/eboutique\/wp-json\/wp\/v2\/media?parent=1266"}],"curies":[{"name":"wp","href":"https:\/\/api.w.org\/{rel}","templated":true}]}}