{"id":1302,"date":"2021-06-30T08:29:24","date_gmt":"2021-06-30T06:29:24","guid":{"rendered":"https:\/\/www.parthages.be\/eboutique\/?post_type=product&#038;p=1302"},"modified":"2021-06-30T08:29:53","modified_gmt":"2021-06-30T06:29:53","slug":"preparer-une-reunion-efficace-avec-un-powerpoint-percutant","status":"publish","type":"product","link":"https:\/\/www.parthages.be\/eboutique\/produit\/preparer-une-reunion-efficace-avec-un-powerpoint-percutant\/","title":{"rendered":"Pr\u00e9parer une r\u00e9union efficace avec un Powerpoint percutant"},"content":{"rendered":"<p>Gr\u00e2ce aux conseils pratiques et astuces rapides \u00e0 mettre en \u0153uvre, apprenez l\u2019art et la mani\u00e8re de mettre en valeur vos messages cl\u00e9s dans vos pr\u00e9sentations, \u00e0 conceptualiser visuellement vos propos, \u00e0 utiliser vos pr\u00e9sentations comme un r\u00e9el support visuel dynamique, structur\u00e9 et imag\u00e9, qui aidera votre auditoire \u00e0 comprendre et m\u00e9moriser votre communication.<\/p>\n<p>Captiver son auditoire avec une pr\u00e9sentation structur\u00e9e et d\u00e9sign\u00e9e<\/p>\n<p>Exploiter les outils Powerpoint et les bases de donn\u00e9es iconographiques<\/p>\n<p>Donner un impact d\u00e9cisif aux id\u00e9es fortes et aux messages cl\u00e9s (Pr\u00e9sentation de l&rsquo;\u00e9diteur)<\/p>\n<p>HASNAOUI-HOUHOU N.<\/p>\n<p>Vuibert<\/p>\n<p>2010- 192p.-23\u20ac<\/p>\n<p>300gr<\/p>\n<p>ISBN\u00a0: 978-2-7117-6439-6<\/p>\n<p>Cote doc\u00a0: 10-10-HAS-P<\/p>\n<span class=\"et_bloom_bottom_trigger\"><\/span>","protected":false},"excerpt":{"rendered":"<p>Gr\u00e2ce aux conseils pratiques et astuces rapides \u00e0 mettre en \u0153uvre, apprenez l\u2019art et la mani\u00e8re de mettre en valeur vos messages cl\u00e9s dans vos pr\u00e9sentations,<\/p>\n","protected":false},"featured_media":1303,"comment_status":"open","ping_status":"closed","template":"","meta":{"_et_pb_use_builder":"","_et_pb_old_content":"","_et_gb_content_width":"","spay_email":""},"class_list":["post-1302","product","type-product","status-publish","has-post-thumbnail","hentry","product_cat-livres","product_tag-communication","product_tag-impact","product_tag-message","product_tag-methode","product_tag-outil","product_tag-projet"],"jetpack_sharing_enabled":true,"jetpack_likes_enabled":true,"_links":{"self":[{"href":"https:\/\/www.parthages.be\/eboutique\/wp-json\/wp\/v2\/product\/1302","targetHints":{"allow":["GET"]}}],"collection":[{"href":"https:\/\/www.parthages.be\/eboutique\/wp-json\/wp\/v2\/product"}],"about":[{"href":"https:\/\/www.parthages.be\/eboutique\/wp-json\/wp\/v2\/types\/product"}],"replies":[{"embeddable":true,"href":"https:\/\/www.parthages.be\/eboutique\/wp-json\/wp\/v2\/comments?post=1302"}],"wp:featuredmedia":[{"embeddable":true,"href":"https:\/\/www.parthages.be\/eboutique\/wp-json\/wp\/v2\/media\/1303"}],"wp:attachment":[{"href":"https:\/\/www.parthages.be\/eboutique\/wp-json\/wp\/v2\/media?parent=1302"}],"curies":[{"name":"wp","href":"https:\/\/api.w.org\/{rel}","templated":true}]}}