{"id":1306,"date":"2021-06-30T08:32:46","date_gmt":"2021-06-30T06:32:46","guid":{"rendered":"https:\/\/www.parthages.be\/eboutique\/?post_type=product&#038;p=1306"},"modified":"2021-06-30T08:32:47","modified_gmt":"2021-06-30T06:32:47","slug":"le-b-a-ba-de-la-communication","status":"publish","type":"product","link":"https:\/\/www.parthages.be\/eboutique\/produit\/le-b-a-ba-de-la-communication\/","title":{"rendered":"Le B.A.-Ba de la Communication"},"content":{"rendered":"<p>Lecteur, si vous lisez le livre dont vous \u00eates en train de parcourir la quatri\u00e8me de couverture, vous en deviendrez le r\u00e9cepteur. Et vous comprendrez vite que \u00e7a n\u2019est pas un r\u00f4le passif. Il ne s\u2019agit pas simplement de tourner les pages. Mais de les comprendre pour en int\u00e9grer le contenu. Eh oui, il vous faudra lire.<\/p>\n<p>Notre r\u00f4le d\u2019\u00e9metteur est de vous en donner le plaisir. Pour apprendre. Avec \u00e0 chaque fin de page, l\u2019envie de la tourner pour poursuivre. Y revenir r\u00e9guli\u00e8rement. Et surtout en mettre en oeuvre les enseignements. Les messages. Tout le contenu du bouquin.<\/p>\n<p>Ce plaisir, autant vous pr\u00e9venir tout de suite, on a cherch\u00e9 \u00e0 le construire avec l\u2019humour et le style. Un regard amus\u00e9 sur la communication qui nous touche. Ou nous assaille, c\u2019est selon. Avec de nombreuses illustrations notamment. Mais aussi avec une \u00e9criture pas toujours ch\u00e2ti\u00e9e. C\u2019est normal. La th\u00e9orie, \u00e7a lasse vite. Rien ne vaut la pratique. Avec la parole et les mots, directs, qui vont avec. Vous voil\u00e0 pr\u00e9venu. Notre pr\u00e9tention est de vous donner les cl\u00e9s pour mieux communiquer. Pas de discourir \u00e0 ce sujet.<\/p>\n<p>Pr\u00eat \u00e0 \u00eatre r\u00e9cepteur ?<\/p>\n<p>Alors, sachez qui sont vos \u00e9metteurs\u2026<\/p>\n<p>(Pr\u00e9sentation de l&rsquo;\u00e9diteur)<\/p>\n<p>GUILBERT P.- MAYEUR D.-COLART D.<\/p>\n<p>Edipro<\/p>\n<p>2012-528p-29\u20ac<\/p>\n<p>570gr<\/p>\n<p>ISBN\u00a0: 978-2-87496-084-0<\/p>\n<p>Cote doc\u00a0: 10-10-GUI-B<\/p>\n<span class=\"et_bloom_bottom_trigger\"><\/span>","protected":false},"excerpt":{"rendered":"<p>Lecteur, si vous lisez le livre dont vous \u00eates en train de parcourir la quatri\u00e8me de couverture, vous en deviendrez le r\u00e9cepteur. Et vous comprendrez vite que \u00e7a n\u2019est pas un r\u00f4le passif. Il ne s\u2019agit pas simplement de tourner les pages. Mais de les comprendre pour en int\u00e9grer le contenu. Eh oui, il vous faudra lire.<\/p>\n","protected":false},"featured_media":1307,"comment_status":"open","ping_status":"closed","template":"","meta":{"_et_pb_use_builder":"","_et_pb_old_content":"","_et_gb_content_width":"","spay_email":""},"class_list":["post-1306","product","type-product","status-publish","has-post-thumbnail","hentry","product_cat-livres","product_tag-communication","product_tag-information","product_tag-outil"],"jetpack_sharing_enabled":true,"jetpack_likes_enabled":true,"_links":{"self":[{"href":"https:\/\/www.parthages.be\/eboutique\/wp-json\/wp\/v2\/product\/1306","targetHints":{"allow":["GET"]}}],"collection":[{"href":"https:\/\/www.parthages.be\/eboutique\/wp-json\/wp\/v2\/product"}],"about":[{"href":"https:\/\/www.parthages.be\/eboutique\/wp-json\/wp\/v2\/types\/product"}],"replies":[{"embeddable":true,"href":"https:\/\/www.parthages.be\/eboutique\/wp-json\/wp\/v2\/comments?post=1306"}],"wp:featuredmedia":[{"embeddable":true,"href":"https:\/\/www.parthages.be\/eboutique\/wp-json\/wp\/v2\/media\/1307"}],"wp:attachment":[{"href":"https:\/\/www.parthages.be\/eboutique\/wp-json\/wp\/v2\/media?parent=1306"}],"curies":[{"name":"wp","href":"https:\/\/api.w.org\/{rel}","templated":true}]}}