{"id":1314,"date":"2021-06-30T08:39:34","date_gmt":"2021-06-30T06:39:34","guid":{"rendered":"https:\/\/www.parthages.be\/eboutique\/?post_type=product&#038;p=1314"},"modified":"2021-06-30T08:39:35","modified_gmt":"2021-06-30T06:39:35","slug":"le-lien-daccompagnement-entre-don-et-contrat-salarial","status":"publish","type":"product","link":"https:\/\/www.parthages.be\/eboutique\/produit\/le-lien-daccompagnement-entre-don-et-contrat-salarial\/","title":{"rendered":"Le lien d&rsquo;accompagnement :entre don et contrat salarial"},"content":{"rendered":"<p>Cet ouvrage \u00e9claire les significations profondes du lien d&rsquo;accompagnement. Pris entre deux p\u00f4les, le travail social comme le travail du soin oscillent entre don et service contractualis\u00e9. Cette ambivalence m\u00eame concourt \u00e0 la r\u00e9ussite de cette mission paradoxale : donner de soi a autrui et \u00eatre pay\u00e9 pour le faire. L&rsquo;auteur propose une conception du lien social et du lien social en crise qui autorise une analyse fine des effets de soin ou de changement psychologique que l&rsquo;on peut attendre d&rsquo;une relation d&rsquo;accompagnement.<\/p>\n<p>La premi\u00e8re partie de l&rsquo;ouvrage approfondit l&rsquo;hypoth\u00e8se selon laquelle la subjectivit\u00e9 du lien se constituerait \u00e0 partir d&rsquo;une interrogation de l&rsquo;usager, d\u00e9sireux de savoir si les actes du praticien doivent \u00eatre compris comme un don qui ferait \u00a0\u00bb marque d&rsquo;amour \u00a0\u00bb ou comme la cons\u00e9quence d&rsquo;un contrat salarial d\u00e9termin\u00e9 par ailleurs. La deuxi\u00e8me partie traite de la \u00a0\u00bb fabrication \u00a0\u00bb de l&rsquo;adulte, lorsque certaines pathologies du lien social mettent en \u00e9chec le changement de position dans l&rsquo;ordre des g\u00e9n\u00e9rations. La question du don et de la dette est alors au cour du processus sp\u00e9cialis\u00e9 d&rsquo;\u00e9ducation qui permet de reconstruire le lien social d\u00e9faillant \u00e0 partir d&rsquo;un changement symbolique de g\u00e9n\u00e9ration.<\/p>\n<p>Trente cliniques de situations professionnelles contribuent \u00e0 faire de ce livre une passionnante investigation au service de la r\u00e9alit\u00e9 du travail \u00e9ducatif et th\u00e9rapeutique au sein des institutions sociales et psychiatriques.(Pr\u00e9sentation de l\u2019\u00e9diteur)<\/p>\n<p>FUSTIER P.<\/p>\n<p>Dunod<\/p>\n<p>2005-238p-28\u20ac<\/p>\n<p>460gr<\/p>\n<p>ISBN\u00a0: 2 10 048876 7<\/p>\n<p>Cote doc\u00a0: 10-10-FUS-L<\/p>\n<span class=\"et_bloom_bottom_trigger\"><\/span>","protected":false},"excerpt":{"rendered":"<p>Cet ouvrage \u00e9claire les significations profondes du lien d&rsquo;accompagnement. Pris entre deux p\u00f4les, le travail social comme le travail du soin oscillent entre don et service contractualis\u00e9.<\/p>\n","protected":false},"featured_media":1315,"comment_status":"open","ping_status":"closed","template":"","meta":{"_et_pb_use_builder":"","_et_pb_old_content":"","_et_gb_content_width":"","spay_email":""},"class_list":["post-1314","product","type-product","status-publish","has-post-thumbnail","hentry","product_cat-livres","product_tag-accompagnement","product_tag-contrat-de-travail","product_tag-dette","product_tag-echange","product_tag-education","product_tag-lien-social","product_tag-processus","product_tag-relation-daide","product_tag-salaire","product_tag-soins","product_tag-travail-social"],"jetpack_sharing_enabled":true,"jetpack_likes_enabled":true,"_links":{"self":[{"href":"https:\/\/www.parthages.be\/eboutique\/wp-json\/wp\/v2\/product\/1314","targetHints":{"allow":["GET"]}}],"collection":[{"href":"https:\/\/www.parthages.be\/eboutique\/wp-json\/wp\/v2\/product"}],"about":[{"href":"https:\/\/www.parthages.be\/eboutique\/wp-json\/wp\/v2\/types\/product"}],"replies":[{"embeddable":true,"href":"https:\/\/www.parthages.be\/eboutique\/wp-json\/wp\/v2\/comments?post=1314"}],"wp:featuredmedia":[{"embeddable":true,"href":"https:\/\/www.parthages.be\/eboutique\/wp-json\/wp\/v2\/media\/1315"}],"wp:attachment":[{"href":"https:\/\/www.parthages.be\/eboutique\/wp-json\/wp\/v2\/media?parent=1314"}],"curies":[{"name":"wp","href":"https:\/\/api.w.org\/{rel}","templated":true}]}}