{"id":1316,"date":"2021-06-30T08:40:39","date_gmt":"2021-06-30T06:40:39","guid":{"rendered":"https:\/\/www.parthages.be\/eboutique\/?post_type=product&#038;p=1316"},"modified":"2021-06-30T08:40:54","modified_gmt":"2021-06-30T06:40:54","slug":"quand-lechange-de-savoirs-elargit-le-champ-des-possibles","status":"publish","type":"product","link":"https:\/\/www.parthages.be\/eboutique\/produit\/quand-lechange-de-savoirs-elargit-le-champ-des-possibles\/","title":{"rendered":"Quand l&rsquo;\u00e9change de savoirs \u00e9largit le champ des possibles"},"content":{"rendered":"<p>L\u2019Intervision se veut un lieu pour penser son travail. C&rsquo;est une d\u00e9marche qui permet la mise au travail de situations qui posent question aux professionnels. Par la r\u00e9flexion collective qu&rsquo;elle d\u00e9ploie, elle permet de d\u00e9velopper des comp\u00e9tences professionnelles nouvelles et de construire collectivement des rep\u00e8res pour l&rsquo;action. Cinq services d&rsquo;accompagnement agr\u00e9\u00e9es et subsidi\u00e9s par l&rsquo;Agence Wallonne pour l&rsquo;int\u00e9gration des personnes handicap\u00e9es exp\u00e9rimentent depuis 2 ans une d\u00e9marche d&rsquo;\u00e9change d&rsquo;exp\u00e9riences. (Pr\u00e9sentation de l&rsquo;\u00e9diteur)<\/p>\n<p>Groupe de coordinateurs FNAMS<\/p>\n<p>Les \u00e9ditions Travailler le social<\/p>\n<p>2003-50p<\/p>\n<p>ISBN\u00a0: 2-9600214-3-6<\/p>\n<p>Cote doc\u00a0: 10-10-FNA-Q<\/p>\n<p>Uniquement \u00e0 la location<\/p>\n<span class=\"et_bloom_bottom_trigger\"><\/span>","protected":false},"excerpt":{"rendered":"<p>L\u2019Intervision se veut un lieu pour penser son travail. C&rsquo;est une d\u00e9marche qui permet la mise au travail de situations qui posent question aux professionnels.<\/p>\n","protected":false},"featured_media":0,"comment_status":"open","ping_status":"closed","template":"","meta":{"_et_pb_use_builder":"","_et_pb_old_content":"","_et_gb_content_width":"","spay_email":""},"class_list":["post-1316","product","type-product","status-publish","hentry","product_cat-livres","product_tag-accompagnement","product_tag-belgique","product_tag-echange","product_tag-evaluation","product_tag-experience","product_tag-experience-professionnelle","product_tag-methode","product_tag-methode-devaluation","product_tag-outil","product_tag-personne-handicapee","product_tag-pratique","product_tag-sa-voir","product_tag-ser-vice-daccompagnement","product_tag-temoignage"],"jetpack_sharing_enabled":true,"jetpack_likes_enabled":true,"_links":{"self":[{"href":"https:\/\/www.parthages.be\/eboutique\/wp-json\/wp\/v2\/product\/1316","targetHints":{"allow":["GET"]}}],"collection":[{"href":"https:\/\/www.parthages.be\/eboutique\/wp-json\/wp\/v2\/product"}],"about":[{"href":"https:\/\/www.parthages.be\/eboutique\/wp-json\/wp\/v2\/types\/product"}],"replies":[{"embeddable":true,"href":"https:\/\/www.parthages.be\/eboutique\/wp-json\/wp\/v2\/comments?post=1316"}],"wp:attachment":[{"href":"https:\/\/www.parthages.be\/eboutique\/wp-json\/wp\/v2\/media?parent=1316"}],"curies":[{"name":"wp","href":"https:\/\/api.w.org\/{rel}","templated":true}]}}