{"id":1317,"date":"2021-06-30T08:42:20","date_gmt":"2021-06-30T06:42:20","guid":{"rendered":"https:\/\/www.parthages.be\/eboutique\/?post_type=product&#038;p=1317"},"modified":"2021-06-30T08:42:43","modified_gmt":"2021-06-30T06:42:43","slug":"ladieu-choisi","status":"publish","type":"product","link":"https:\/\/www.parthages.be\/eboutique\/produit\/ladieu-choisi\/","title":{"rendered":"L\u2019adieu choisi"},"content":{"rendered":"<p>Chacun a \u00e9t\u00e9 confront\u00e9 \u00e0 des morts inhumaines. La perspective d\u2019une mort dans la douleur et sans dignit\u00e9 est effrayante pour le patient. Elle l\u2019est aussi pour les proches. Sans compter le co\u00fbt exorbitant de soins de sant\u00e9 inutiles, d\u2019un shopping m\u00e9dical d\u00e9sesp\u00e9r\u00e9 et du recours \u00e0 des m\u00e9decines alternatives douteuses.<\/p>\n<p>Pionnier des soins palliatifs, Wim Distelmans se bat depuis des ann\u00e9es pour le droit \u00e0 l\u2019euthanasie. Il t\u00e9moigne ici de la r\u00e9alit\u00e9 humaine et m\u00e9dicale de la fin de vie et nous donne \u00e0 lire une exp\u00e9rience professionnelle rare.<\/p>\n<p>Ses entretiens avec Oscar Grosjean contribueront \u00e0 mieux informer les patients et leurs proches afin que leur consentement soit mieux \u00e9clair\u00e9. En pr\u00e9sentant la chronique d\u2019une pratique d\u00e9di\u00e9e \u00e0 l\u2019accompagnement, ils \u00e9claireront \u00e9galement les professionnels de la sant\u00e9 sur l\u2019application des lois belges relatives \u00e0 l\u2019euthanasie, aux soins palliatifs et aux droits du patient. Car approprier sa fin de vie et sa mort ne sera possible qu\u2019avec la comp\u00e9tence, l\u2019empathie et le respect t\u00e9moign\u00e9s par les intervenants tout au long de la maladie.(Pr\u00e9sentation de l&rsquo;\u00e9diteur)<\/p>\n<p>DISTELMANS W.<\/p>\n<p>Couleur livres<\/p>\n<p>2013-104p-11\u20ac<\/p>\n<p>135gr<\/p>\n<p>ISBN\u00a0: 978-2-87003-621-1<\/p>\n<p>Cote doc\u00a0: 10-10-Dis-a<\/p>\n<span class=\"et_bloom_bottom_trigger\"><\/span>","protected":false},"excerpt":{"rendered":"<p>Chacun a \u00e9t\u00e9 confront\u00e9 \u00e0 des morts inhumaines. La perspective d\u2019une mort dans la douleur et sans dignit\u00e9 est effrayante pour le patient. Elle l\u2019est aussi pour les proches. Sans compter le co\u00fbt exorbitant de soins de sant\u00e9 inutiles, d\u2019un shopping m\u00e9dical d\u00e9sesp\u00e9r\u00e9 et du recours \u00e0 des m\u00e9decines alternatives douteuses.<\/p>\n","protected":false},"featured_media":1318,"comment_status":"open","ping_status":"closed","template":"","meta":{"_et_pb_use_builder":"","_et_pb_old_content":"","_et_gb_content_width":"","spay_email":""},"class_list":["post-1317","product","type-product","status-publish","has-post-thumbnail","hentry","product_cat-livres","product_tag-accompagnement","product_tag-euthanasie","product_tag-fin-de-vie","product_tag-mort","product_tag-soins-palliatifs"],"jetpack_sharing_enabled":true,"jetpack_likes_enabled":true,"_links":{"self":[{"href":"https:\/\/www.parthages.be\/eboutique\/wp-json\/wp\/v2\/product\/1317","targetHints":{"allow":["GET"]}}],"collection":[{"href":"https:\/\/www.parthages.be\/eboutique\/wp-json\/wp\/v2\/product"}],"about":[{"href":"https:\/\/www.parthages.be\/eboutique\/wp-json\/wp\/v2\/types\/product"}],"replies":[{"embeddable":true,"href":"https:\/\/www.parthages.be\/eboutique\/wp-json\/wp\/v2\/comments?post=1317"}],"wp:featuredmedia":[{"embeddable":true,"href":"https:\/\/www.parthages.be\/eboutique\/wp-json\/wp\/v2\/media\/1318"}],"wp:attachment":[{"href":"https:\/\/www.parthages.be\/eboutique\/wp-json\/wp\/v2\/media?parent=1317"}],"curies":[{"name":"wp","href":"https:\/\/api.w.org\/{rel}","templated":true}]}}