{"id":1319,"date":"2021-06-30T08:45:18","date_gmt":"2021-06-30T06:45:18","guid":{"rendered":"https:\/\/www.parthages.be\/eboutique\/?post_type=product&#038;p=1319"},"modified":"2021-06-30T08:45:19","modified_gmt":"2021-06-30T06:45:19","slug":"culture-et-bientraitance","status":"publish","type":"product","link":"https:\/\/www.parthages.be\/eboutique\/produit\/culture-et-bientraitance\/","title":{"rendered":"Culture et bientraitance"},"content":{"rendered":"<p>La bientraitance est-elle le contraire de la maltraitance ? Y a-t-il une bientraitance universelle ? La bientraitance vise-t-elle \u00e0 atteindre la perfection \u00e9ducative ? Peut-on \u00e9duquer \u00e0 la bientraitance ? La bientraitance peut-elle favoriser la r\u00e9silience ?<\/p>\n<p>La bientraitance, concept nouveau et encore fort peu \u00e9tudi\u00e9, est aujourd&rsquo;hui au coeur de la pr\u00e9occupation des professionnels et des chercheurs.<\/p>\n<p>Les auteurs envisagent toute une dynamique de la bientraitance\u00a0 en tentant de d\u00e9finir, illustrer, approfondir, complexifier le concept : chaque contribution \u00e9claire une dimension particuli\u00e8re de la bientraitance dans son rapport avec la culture, la soci\u00e9t\u00e9, le milieu. Les auteurs envisagent la subjectivit\u00e9 de la bientraitance, ses d\u00e9terminants, sa transmission interg\u00e9n\u00e9rationnelle, son rapport \u00e0 la r\u00e9silience, les valeurs culturellement construites, l&rsquo;espace interactif familial, la \u00ab\u00a0bonne\u00a0\u00bb distance \u00e9ducative, la p\u00e9dagogie noire, la mince ligne rouge qui s\u00e9pare la maltraitance de la bientraitance, l&rsquo;efficacit\u00e9 de l&rsquo;intervention. (Pr\u00e9sentation de l&rsquo;\u00e9diteur)<\/p>\n<p>&nbsp;<\/p>\n<p>DESMET H.- POURTOIS J. P.<\/p>\n<p>Editions De Boeck Universit\u00e9<\/p>\n<p>2005-216p<\/p>\n<p>ISBN\u00a0: 2-8041-4886-6<\/p>\n<p>Cote doc\u00a0: 10-10-DES-C<\/p>\n<p><strong>Uniquement \u00e0 la location<\/strong><\/p>\n<span class=\"et_bloom_bottom_trigger\"><\/span>","protected":false},"excerpt":{"rendered":"<p>La bientraitance est-elle le contraire de la maltraitance ? Y a-t-il une bientraitance universelle ? La bientraitance vise-t-elle \u00e0 atteindre la perfection \u00e9ducative ? Peut-on \u00e9duquer \u00e0 la bientraitance ? La bientraitance peut-elle favoriser la r\u00e9silience ?<\/p>\n","protected":false},"featured_media":1320,"comment_status":"open","ping_status":"closed","template":"","meta":{"_et_pb_use_builder":"","_et_pb_old_content":"","_et_gb_content_width":"","spay_email":""},"class_list":["post-1319","product","type-product","status-publish","has-post-thumbnail","hentry","product_cat-livres","product_tag-abandon","product_tag-attitude","product_tag-changement","product_tag-culture","product_tag-enfant","product_tag-famille","product_tag-intervenant","product_tag-maltraitance","product_tag-mort","product_tag-relation-parent-enfant","product_tag-societe","product_tag-violence"],"jetpack_sharing_enabled":true,"jetpack_likes_enabled":true,"_links":{"self":[{"href":"https:\/\/www.parthages.be\/eboutique\/wp-json\/wp\/v2\/product\/1319","targetHints":{"allow":["GET"]}}],"collection":[{"href":"https:\/\/www.parthages.be\/eboutique\/wp-json\/wp\/v2\/product"}],"about":[{"href":"https:\/\/www.parthages.be\/eboutique\/wp-json\/wp\/v2\/types\/product"}],"replies":[{"embeddable":true,"href":"https:\/\/www.parthages.be\/eboutique\/wp-json\/wp\/v2\/comments?post=1319"}],"wp:featuredmedia":[{"embeddable":true,"href":"https:\/\/www.parthages.be\/eboutique\/wp-json\/wp\/v2\/media\/1320"}],"wp:attachment":[{"href":"https:\/\/www.parthages.be\/eboutique\/wp-json\/wp\/v2\/media?parent=1319"}],"curies":[{"name":"wp","href":"https:\/\/api.w.org\/{rel}","templated":true}]}}