{"id":1325,"date":"2021-06-30T09:24:22","date_gmt":"2021-06-30T07:24:22","guid":{"rendered":"https:\/\/www.parthages.be\/eboutique\/?post_type=product&#038;p=1325"},"modified":"2026-01-13T11:06:26","modified_gmt":"2026-01-13T10:06:26","slug":"40-activites-pour-personnes-polyhandicapees-ou-ou-atteintes-de-deficiences-multiples","status":"publish","type":"product","link":"https:\/\/www.parthages.be\/eboutique\/produit\/40-activites-pour-personnes-polyhandicapees-ou-ou-atteintes-de-deficiences-multiples\/","title":{"rendered":"40 activit\u00e9s pour personnes  polyhandicap\u00e9es ou ou atteintes de d\u00e9ficiences multiples"},"content":{"rendered":"<p>Cet ouvrage pratique propose des id\u00e9es d\u2019activit\u00e9s qui sortent pour la plupart de l\u2019ordinaire, et que j\u2019ai test\u00e9es lors de mon travail aupr\u00e8s de personnes en situation de handicap.<br \/>\nCes activit\u00e9s sont con\u00e7ues pour convenir aux personnes fortement d\u00e9pendantes, vuln\u00e9rables et ayant besoin d\u2019un accompagnement constant, notamment dans les actes de la vie quotidienne, et pour communiquer.<br \/>\nElles peuvent toutes \u00eatre adapt\u00e9es en fonction de l\u2019objectif poursuivi, qu\u2019il soit \u00e9ducatif, pour le loisir ou th\u00e9rapeutique. Elles permettent aussi de cr\u00e9er une ambiance propice \u00e0 la d\u00e9tente et aux apprentissages.<br \/>\nLe livre est divis\u00e9 en deux parties :<br \/>\n1\u00b0 Une m\u00e9thodologie, pour des conseils pour la mise en place des activit\u00e9s.<br \/>\n2\u00b0 Des fiches d\u2019activit\u00e9s d\u00e9crivent 40 activit\u00e9s \u00e0 faible co\u00fbt, d\u00e9taill\u00e9es pas \u00e0 pas.<br \/>\nCe livre s\u2019adresse aux professionnels travaillant principalement en Maison<br \/>\nd\u2019accueil sp\u00e9cialis\u00e9e, en Foyer d\u2019accueil m\u00e9dicalis\u00e9 et en structure de vacances adapt\u00e9es. Il constitue \u00e9galement un support utile aux proches aidants. (Pr\u00e9sentation de l&rsquo;\u00e9diteur)<\/p>\n<p><strong>Disponible uniquement \u00e0 la location<\/strong><\/p>\n<p>LE PENGLAOU J.<\/p>\n<p>Editions Phalente<\/p>\n<p>2020- 208p.<\/p>\n<p>290gr<\/p>\n<p>ISBN\u00a0: 978-2-36835-127-7<\/p>\n<p>Cote doc\u00a0: 2-60-PEN-A<\/p>\n<span class=\"et_bloom_bottom_trigger\"><\/span>","protected":false},"excerpt":{"rendered":"<p>Cet ouvrage pratique propose des id\u00e9es d\u2019activit\u00e9s qui sortent pour la plupart de l\u2019ordinaire, et que j\u2019ai test\u00e9es lors de mon travail aupr\u00e8s de personnes en situation de handicap.<\/p>\n","protected":false},"featured_media":1326,"comment_status":"open","ping_status":"closed","template":"","meta":{"_et_pb_use_builder":"","_et_pb_old_content":"","_et_gb_content_width":"","spay_email":""},"class_list":["post-1325","product","type-product","status-publish","has-post-thumbnail","hentry","product_cat-livres","product_tag-activite-de-groupe","product_tag-activite-educative","product_tag-communication","product_tag-evaluation","product_tag-jeu","product_tag-methodologie","product_tag-musique","product_tag-personne-handicapee","product_tag-polyhandicap","product_tag-vie-quotidienne"],"jetpack_sharing_enabled":true,"jetpack_likes_enabled":true,"_links":{"self":[{"href":"https:\/\/www.parthages.be\/eboutique\/wp-json\/wp\/v2\/product\/1325","targetHints":{"allow":["GET"]}}],"collection":[{"href":"https:\/\/www.parthages.be\/eboutique\/wp-json\/wp\/v2\/product"}],"about":[{"href":"https:\/\/www.parthages.be\/eboutique\/wp-json\/wp\/v2\/types\/product"}],"replies":[{"embeddable":true,"href":"https:\/\/www.parthages.be\/eboutique\/wp-json\/wp\/v2\/comments?post=1325"}],"wp:featuredmedia":[{"embeddable":true,"href":"https:\/\/www.parthages.be\/eboutique\/wp-json\/wp\/v2\/media\/1326"}],"wp:attachment":[{"href":"https:\/\/www.parthages.be\/eboutique\/wp-json\/wp\/v2\/media?parent=1325"}],"curies":[{"name":"wp","href":"https:\/\/api.w.org\/{rel}","templated":true}]}}