{"id":1327,"date":"2021-06-30T09:26:47","date_gmt":"2021-06-30T07:26:47","guid":{"rendered":"https:\/\/www.parthages.be\/eboutique\/?post_type=product&#038;p=1327"},"modified":"2021-06-30T09:26:48","modified_gmt":"2021-06-30T07:26:48","slug":"a-table-les-vieux","status":"publish","type":"product","link":"https:\/\/www.parthages.be\/eboutique\/produit\/a-table-les-vieux\/","title":{"rendered":"A table les vieux !"},"content":{"rendered":"<p>\u00ab\u00a0Manger pour (encore) \u00eatre\u00a0\u00bb est un objectif de survie essentiel \u00e0 atteindre, notamment au grand \u00e2ge. Au domicile ou en institution, les questions autour du repas sont quotidiennes et leurs r\u00e9ponses d\u00e9terminent, pour partie, le bien-\u00eatre et l&rsquo;\u00e9quilibre psychosocial de chacun. Pour les personnes \u00e2g\u00e9es, le repas est un moment central autour d&rsquo;un objet, la nourriture, \u00e0 consommer avec d&rsquo;autres, semblables par leur \u00e2ge ou leurs d\u00e9ficiences mais diff\u00e9rents par leur essence propre. Se nourrir pose \u00e0 la fois des questions \u00e0 r\u00e9soudre &#8211; que mange-t-on ? Avec qui ? \u00c0 quelle heure ? &#8211; mais aussi des probl\u00e8mes \u00e0 consid\u00e9rer &#8211; de poids et\/ou de d\u00e9nutrition, cardio-vasculaires, digestifs&#8230; Les auteurs, chercheurs, praticiens, enseignants, apportent leurs analyses et leurs t\u00e9moignages \u00e0 destination des professionnels et des aidants qui, ont \u00e0 c\u0153ur de pallier les d\u00e9ficiences, proposer des aides, entretenir le plaisir, renforcer l&rsquo;estime de soi et l&rsquo;autonomie, soutenir l&rsquo;int\u00e9r\u00eat \u00e0 l&rsquo;\u00e9gard d&rsquo;autrui en conservant des liens sociaux. (Pr\u00e9sentation de l&rsquo;\u00e9diteur)<\/p>\n<p>&nbsp;<\/p>\n<p>PITAUD P.<\/p>\n<p>Editions Eres<\/p>\n<p>2021-208p.-14\u20ac<\/p>\n<p>154gr<\/p>\n<p>ISBN: 978-2-7492-6886-6<\/p>\n<p>Cote doc: 3-30-PIT-A<\/p>\n<span class=\"et_bloom_bottom_trigger\"><\/span>","protected":false},"excerpt":{"rendered":"<p>Manger pour (encore) \u00eatre\u00a0\u00bb est un objectif de survie essentiel \u00e0 atteindre, notamment au grand \u00e2ge.<\/p>\n","protected":false},"featured_media":1328,"comment_status":"open","ping_status":"closed","template":"","meta":{"_et_pb_use_builder":"","_et_pb_old_content":"","_et_gb_content_width":"","spay_email":""},"class_list":["post-1327","product","type-product","status-publish","has-post-thumbnail","hentry","product_cat-livres","product_tag-accompagnement","product_tag-alimentation","product_tag-bien-etre-2","product_tag-estime-de-soi","product_tag-lien-social","product_tag-personne-agee","product_tag-personne-handicapee","product_tag-plaisir","product_tag-repas","product_tag-sociabilite"],"jetpack_sharing_enabled":true,"jetpack_likes_enabled":true,"_links":{"self":[{"href":"https:\/\/www.parthages.be\/eboutique\/wp-json\/wp\/v2\/product\/1327","targetHints":{"allow":["GET"]}}],"collection":[{"href":"https:\/\/www.parthages.be\/eboutique\/wp-json\/wp\/v2\/product"}],"about":[{"href":"https:\/\/www.parthages.be\/eboutique\/wp-json\/wp\/v2\/types\/product"}],"replies":[{"embeddable":true,"href":"https:\/\/www.parthages.be\/eboutique\/wp-json\/wp\/v2\/comments?post=1327"}],"wp:featuredmedia":[{"embeddable":true,"href":"https:\/\/www.parthages.be\/eboutique\/wp-json\/wp\/v2\/media\/1328"}],"wp:attachment":[{"href":"https:\/\/www.parthages.be\/eboutique\/wp-json\/wp\/v2\/media?parent=1327"}],"curies":[{"name":"wp","href":"https:\/\/api.w.org\/{rel}","templated":true}]}}