{"id":1331,"date":"2021-06-30T09:30:11","date_gmt":"2021-06-30T07:30:11","guid":{"rendered":"https:\/\/www.parthages.be\/eboutique\/?post_type=product&#038;p=1331"},"modified":"2021-06-30T09:30:12","modified_gmt":"2021-06-30T07:30:12","slug":"dependance-le-guide-pratique-2021","status":"publish","type":"product","link":"https:\/\/www.parthages.be\/eboutique\/produit\/dependance-le-guide-pratique-2021\/","title":{"rendered":"D\u00e9pendance le guide pratique 2021"},"content":{"rendered":"<p><strong>Un guide vraiment pratique pour r\u00e9soudre tous vos probl\u00e8mes<\/strong><\/p>\n<p>Un guide pratique et parfaitement \u00e0 jour pour r\u00e9pondre \u00e0 toutes vos questions : Comment embaucher une aide \u00e0 domicile ? Comment am\u00e9nager son logement et b\u00e9n\u00e9ficier de la t\u00e9l\u00e9assistance ? Comment choisir l&rsquo;\u00e9tablissement d&rsquo;accueil le mieux adapt\u00e9 ? Quel est le co\u00fbt d&rsquo;un EHPAD ? Quelles sont les aides financi\u00e8res ? Quels cong\u00e9s pour aider un proche d\u00e9pendant ? Quelle protection juridique pour une personne fragilis\u00e9e ? \u00a0(Pr\u00e9sentation de l&rsquo;\u00e9diteur)<\/p>\n<p>Prat Editions<\/p>\n<p>2002-257p-19\u20ac<\/p>\n<p>370gr<\/p>\n<p>ISBN \u00a0 978-2-8095-1597-8<br \/>\nCote doc\u00a05-50-DEP-G<\/p>\n<span class=\"et_bloom_bottom_trigger\"><\/span>","protected":false},"excerpt":{"rendered":"<p>Un guide pratique et parfaitement \u00e0 jour pour r\u00e9pondre \u00e0 toutes vos questions<\/p>\n","protected":false},"featured_media":1332,"comment_status":"open","ping_status":"closed","template":"","meta":{"_et_pb_use_builder":"","_et_pb_old_content":"","_et_gb_content_width":"","spay_email":""},"class_list":["post-1331","product","type-product","status-publish","has-post-thumbnail","hentry","product_cat-livres","product_tag-aide-a-domicile","product_tag-aide-financiere","product_tag-amenagement-du-batiment","product_tag-dependance","product_tag-droit","product_tag-france","product_tag-outil","product_tag-personne-en-difficulte","product_tag-personne-handicapee","product_tag-protection-juridique","product_tag-temoignage"],"jetpack_sharing_enabled":true,"jetpack_likes_enabled":true,"_links":{"self":[{"href":"https:\/\/www.parthages.be\/eboutique\/wp-json\/wp\/v2\/product\/1331","targetHints":{"allow":["GET"]}}],"collection":[{"href":"https:\/\/www.parthages.be\/eboutique\/wp-json\/wp\/v2\/product"}],"about":[{"href":"https:\/\/www.parthages.be\/eboutique\/wp-json\/wp\/v2\/types\/product"}],"replies":[{"embeddable":true,"href":"https:\/\/www.parthages.be\/eboutique\/wp-json\/wp\/v2\/comments?post=1331"}],"wp:featuredmedia":[{"embeddable":true,"href":"https:\/\/www.parthages.be\/eboutique\/wp-json\/wp\/v2\/media\/1332"}],"wp:attachment":[{"href":"https:\/\/www.parthages.be\/eboutique\/wp-json\/wp\/v2\/media?parent=1331"}],"curies":[{"name":"wp","href":"https:\/\/api.w.org\/{rel}","templated":true}]}}